{"id":15874,"date":"2023-09-10T10:15:01","date_gmt":"2023-09-10T10:15:01","guid":{"rendered":"https:\/\/fashion-wall.de\/?page_id=15874"},"modified":"2023-09-29T15:24:43","modified_gmt":"2023-09-29T15:24:43","slug":"agb","status":"publish","type":"page","link":"https:\/\/fashion-wall.de\/es\/agb\/","title":{"rendered":"AGB"},"content":{"rendered":"<div data-elementor-type=\"wp-page\" data-elementor-id=\"15874\" class=\"elementor elementor-15874\" data-elementor-post-type=\"page\">\n\t\t\t\t\t\t\t\t\t<section class=\"elementor-section elementor-top-section elementor-element elementor-element-54c1425b elementor-section-boxed elementor-section-height-default elementor-section-height-default wd-section-disabled\" data-id=\"54c1425b\" data-element_type=\"section\" data-settings=\"{&quot;background_background&quot;:&quot;classic&quot;}\">\n\t\t\t\t\t\t<div class=\"elementor-container elementor-column-gap-default\">\n\t\t\t\t\t<div class=\"elementor-column elementor-col-100 elementor-top-column elementor-element elementor-element-1dcc27e2\" data-id=\"1dcc27e2\" data-element_type=\"column\">\n\t\t\t<div class=\"elementor-widget-wrap elementor-element-populated\">\n\t\t\t\t\t\t\t\t<section class=\"elementor-section elementor-inner-section elementor-element elementor-element-3685131c elementor-section-boxed elementor-section-height-default elementor-section-height-default wd-section-disabled\" data-id=\"3685131c\" data-element_type=\"section\">\n\t\t\t\t\t\t<div class=\"elementor-container elementor-column-gap-default\">\n\t\t\t\t\t<div class=\"elementor-column elementor-col-100 elementor-inner-column elementor-element elementor-element-71bbe0ad\" data-id=\"71bbe0ad\" data-element_type=\"column\">\n\t\t\t<div class=\"elementor-widget-wrap elementor-element-populated\">\n\t\t\t\t\t\t\t\t<div class=\"elementor-element elementor-element-2a8bc019 elementor-widget elementor-widget-elementskit-heading\" data-id=\"2a8bc019\" data-element_type=\"widget\" data-widget_type=\"elementskit-heading.default\">\n\t\t\t\t<div class=\"elementor-widget-container\">\n\t\t\t<div class=\"ekit-wid-con\" ><div class=\"ekit-heading elementskit-section-title-wraper center   ekit_heading_tablet-   ekit_heading_mobile-\"><h2 class=\"ekit-heading--title elementskit-section-title\">AGB<\/h2><\/div><\/div>\t\t<\/div>\n\t\t\t\t<\/div>\n\t\t\t\t<div class=\"elementor-element elementor-element-43a000c3 elementor-absolute elementor-widget elementor-widget-elementskit-heading\" data-id=\"43a000c3\" data-element_type=\"widget\" data-settings=\"{&quot;_position&quot;:&quot;absolute&quot;}\" data-widget_type=\"elementskit-heading.default\">\n\t\t\t\t<div class=\"elementor-widget-container\">\n\t\t\t<div class=\"ekit-wid-con\" ><div class=\"ekit-heading elementskit-section-title-wraper center   ekit_heading_tablet-   ekit_heading_mobile-\"><h2 class=\"ekit-heading--title elementskit-section-title\">AGB<\/h2><\/div><\/div>\t\t<\/div>\n\t\t\t\t<\/div>\n\t\t\t\t\t<\/div>\n\t\t<\/div>\n\t\t\t\t\t\t\t<\/div>\n\t\t<\/section>\n\t\t\t\t<div class=\"elementor-element elementor-element-0d9f8be color-scheme-inherit text-left elementor-widget elementor-widget-text-editor\" data-id=\"0d9f8be\" data-element_type=\"widget\" data-widget_type=\"text-editor.default\">\n\t\t\t\t<div class=\"elementor-widget-container\">\n\t\t\t<style>\/*! elementor - v3.16.0 - 14-09-2023 *\/\n.elementor-widget-text-editor.elementor-drop-cap-view-stacked .elementor-drop-cap{background-color:#69727d;color:#fff}.elementor-widget-text-editor.elementor-drop-cap-view-framed .elementor-drop-cap{color:#69727d;border:3px solid;background-color:transparent}.elementor-widget-text-editor:not(.elementor-drop-cap-view-default) .elementor-drop-cap{margin-top:8px}.elementor-widget-text-editor:not(.elementor-drop-cap-view-default) .elementor-drop-cap-letter{width:1em;height:1em}.elementor-widget-text-editor .elementor-drop-cap{float:left;text-align:center;line-height:1;font-size:50px}.elementor-widget-text-editor .elementor-drop-cap-letter{display:inline-block}<\/style>\t\t\t\t<p class=\"p1\"><b>\u00a71 \u00c1mbito de aplicaci\u00f3n, definiciones de t\u00e9rminos<\/b><\/p>\n<p class=\"p1\">(1) Las siguientes Condiciones Generales de Contrataci\u00f3n (en lo sucesivo, \"CGC\") de la tienda online bajo el sitio web https:\/\/fashion-Wall.de, operada por Iduna Health &amp; Beauty GmbH (en lo sucesivo, \"Vendedor\" o \"Nosotros\"), se aplican a todos los contratos celebrados entre nosotros y un consumidor o empresario (en lo sucesivo, \"Cliente\") con el Vendedor en relaci\u00f3n con los bienes y\/o servicios presentados por el Vendedor en su tienda online en la versi\u00f3n v\u00e1lida en el momento del pedido. Por la presente se rechaza la inclusi\u00f3n de los t\u00e9rminos y condiciones propios del Cliente, a menos que se acuerde lo contrario.<\/p>\n<p class=\"p1\">(2) Un consumidor en el sentido de estas CGC es cualquier persona f\u00edsica que celebre un negocio jur\u00eddico con fines predominantemente no atribuibles a su actividad comercial o profesional independiente. Un empresario en el sentido de estas CGC es cualquier persona f\u00edsica o jur\u00eddica o una sociedad con capacidad jur\u00eddica que, al celebrar un negocio jur\u00eddico, act\u00faa en el ejercicio de su actividad profesional o comercial independiente.<\/p>\n<p class=\"p1\"><b>\u00a72 Celebraci\u00f3n del contrato<\/b><\/p>\n<p class=\"p1\">(1) Las siguientes normas sobre celebraci\u00f3n de contratos se aplican a los pedidos realizados a trav\u00e9s de nuestra tienda en l\u00ednea https:\/\/fashion-wall.de <br><br>\n(2) La presentaci\u00f3n de la mercanc\u00eda en nuestra tienda en l\u00ednea no es vinculante y no constituye una oferta de contrato jur\u00eddicamente vinculante por nuestra parte, sino que es \u00fanicamente una invitaci\u00f3n no vinculante al consumidor a realizar un pedido de mercanc\u00eda. Mediante el pedido de la mercanc\u00eda deseada, el cliente presenta una oferta vinculante para celebrar un contrato de compraventa.<br><br>\n(3) Al recibir un pedido en nuestra tienda en l\u00ednea, se aplican las siguientes normas: El cliente realiza una oferta vinculante para celebrar un contrato completando con \u00e9xito el procedimiento de pedido previsto en nuestra tienda online:<br><br>\n1) Selecci\u00f3n de la mercanc\u00eda deseada,<br>\n2) A\u00f1ada los productos haciendo clic en el bot\u00f3n correspondiente (por ejemplo, \"A\u00f1adir a la cesta de la compra\", \"A\u00f1adir a la bolsa de la compra\", \"Pedir\", o similar),<br>\n3) Compruebe la informaci\u00f3n de la cesta de la compra,<br>\n4) Actuaci\u00f3n haciendo clic en el bot\u00f3n es correspondiente (por ejemplo, \"pasar por caja\", \"continuar con la caja\", \"continuar con el pago\", \"ir a la vista general del pedido\" o similar),<br>\n5) Introducci\u00f3n\/verificaci\u00f3n de la direcci\u00f3n y los datos de contacto, selecci\u00f3n del m\u00e9todo de pago, confirmaci\u00f3n de las CGC y la pol\u00edtica de cancelaci\u00f3n o inicio de sesi\u00f3n en la tienda de Internet tras el registro e introducci\u00f3n de los datos de acceso (direcci\u00f3n de correo electr\u00f3nico y contrase\u00f1a),<br>\n6) Vuelva a comprobar o corrija los datos introducidos,<br>7) Cumplimentaci\u00f3n del pedido haciendo clic en el bot\u00f3n \"pedido con gastos\", \"comprar\", \"comprar ahora\", o similar. Esto constituye su pedido vinculante.<br><br>(4) El vendedor puede aceptar la oferta del cliente en un plazo de cinco d\u00edas,\n\n<ul class=\"ul1\">\n \t<li class=\"li1\">enviando al cliente una confirmaci\u00f3n o acuse de recibo del pedido por escrito o una confirmaci\u00f3n del pedido en forma de texto (fax o correo electr\u00f3nico), en cuyo caso la recepci\u00f3n de la confirmaci\u00f3n del pedido por parte del cliente es determinante, o bien<\/li>\n \t<li class=\"li1\">mediante la entrega al cliente de la mercanc\u00eda solicitada, en cuyo caso ser\u00e1 determinante la recepci\u00f3n de la mercanc\u00eda por parte del cliente, o bien<\/li>\n \t<li class=\"li1\">solicitando el pago al cliente despu\u00e9s de que \u00e9ste haya realizado el pedido.<\/li>\n<\/ul>\n<p class=\"p1\">Si existen varias de las alternativas mencionadas, el contrato se celebrar\u00e1 en el momento en que se produzca una de ellas en primer lugar. Si el vendedor no acepta la oferta del cliente en el plazo mencionado, se considerar\u00e1 que rechaza la oferta, con la consecuencia de que el cliente deja de estar vinculado por su declaraci\u00f3n de intenciones.<\/p>\n<p class=\"p1\">(5) En caso de celebraci\u00f3n del contrato, \u00e9ste se celebrar\u00e1 con Iduna Health &amp; Beauty GmbH, Beckers Garten 11, 53179 Bonn, Alemania.<\/p>\n<p class=\"p4\">(6) Antes de realizar el pedido, los datos contractuales pueden imprimirse o guardarse electr\u00f3nicamente mediante la funci\u00f3n de impresi\u00f3n del navegador. La tramitaci\u00f3n del pedido y la transmisi\u00f3n de toda la informaci\u00f3n necesaria en relaci\u00f3n con la celebraci\u00f3n del contrato, en particular los datos del pedido, las condiciones generales y la pol\u00edtica de cancelaci\u00f3n, se realizar\u00e1 por correo electr\u00f3nico una vez que el pedido haya sido activado por usted, en parte de forma autom\u00e1tica. No almacenamos el texto del contrato tras la celebraci\u00f3n del mismo.<\/p>\n<p class=\"p1\"><span class=\"s2\">(7) <\/span>Antes de la presentaci\u00f3n vinculante del pedido, el consumidor puede<span class=\"Apple-converted-space\">\u00a0 <\/span>El cliente puede utilizar las funciones habituales del teclado y el rat\u00f3n para volver al sitio web en el que se registran sus datos pulsando el bot\u00f3n \"atr\u00e1s\" del navegador de Internet que utilice tras comprobar sus datos y corregir los errores de introducci\u00f3n o cancelar el proceso de pedido cerrando el navegador de Internet.<\/p>\n<p class=\"p1\">(8) Almacenamiento del texto del contrato para pedidos a trav\u00e9s de nuestra tienda en Internet : Almacenamos el texto del contrato y le enviamos los datos del pedido y nuestras CGC por correo electr\u00f3nico. Tambi\u00e9n puede consultar las CGC en cualquier momento en https:\/\/www.fashion-wall.de\/agb.html. Puede consultar sus pedidos anteriores en nuestra \u00e1rea de clientes en Mi cuenta -&gt; Mis pedidos.<\/p>\n<p class=\"p1\">(9) Para la celebraci\u00f3n del contrato s\u00f3lo est\u00e1 disponible el idioma alem\u00e1n.<\/p>\n<p class=\"p1\">(10) La tramitaci\u00f3n del pedido y la transmisi\u00f3n de toda la informaci\u00f3n necesaria en relaci\u00f3n con la celebraci\u00f3n del contrato se realiza en parte de forma automatizada por correo electr\u00f3nico. Por lo tanto, debe asegurarse de que la direcci\u00f3n de correo electr\u00f3nico que nos ha facilitado es correcta, de que la recepci\u00f3n de los correos electr\u00f3nicos est\u00e1 t\u00e9cnicamente garantizada y, en particular, de que no est\u00e1 impedida por los filtros de SPAM.<\/p>\n<p class=\"p1\"><b>\u00a73 Precios y condiciones de pago<\/b><\/p>\n<p class=\"p1\">(1)<span class=\"Apple-converted-space\">\u00a0 <\/span>Salvo que se indique lo contrario en la oferta del vendedor, los precios indicados son precios finales que incluyen el impuesto sobre el valor a\u00f1adido legal. Adem\u00e1s de los precios indicados, puede haber gastos de env\u00edo para la entrega de los productos, a menos que el art\u00edculo respectivo se muestre como libre de gastos de env\u00edo. Los gastos de env\u00edo se le volver\u00e1n a comunicar claramente en las ofertas, en su caso en el sistema de cesta de la compra y en el resumen del pedido.<\/p>\n<p class=\"p1\">(2) En el caso de env\u00edos a pa\u00edses no pertenecientes a la Uni\u00f3n Europea, pueden producirse otros costes en casos concretos de los que el Vendedor no es responsable y que correr\u00e1n a cargo del Cliente. Entre ellos se incluyen, por ejemplo, los costes de transferencia de dinero por parte de entidades de cr\u00e9dito (por ejemplo, comisiones de transferencia, comisiones por tipo de cambio) o derechos o impuestos de importaci\u00f3n (por ejemplo, derechos de aduana).<\/p>\n<p class=\"p1\">(3) El precio de compra correspondiente deber\u00e1 abonarse antes de la entrega del producto (pago por adelantado), a menos que ofrezcamos expresamente la compra a cuenta. Las formas de pago disponibles se muestran en el bot\u00f3n correspondiente de la tienda online o en la oferta correspondiente. Salvo que se indique lo contrario en las distintas formas de pago, el precio de compra vence inmediatamente con el pedido.<\/p>\n<p class=\"p1\"><span class=\"s2\">(4) <\/span>El cliente dispone de varias opciones de pago, que se indican en la tienda online del vendedor.<\/p>\n<p class=\"p1\"><b>\u00a74 Condiciones de entrega y env\u00edo<\/b><\/p>\n<p class=\"p4\">(1) La entrega de la mercanc\u00eda se realizar\u00e1 mediante env\u00edo a la direcci\u00f3n de entrega facilitada por el cliente, salvo acuerdo en contrario. A la hora de tramitar la transacci\u00f3n, ser\u00e1 determinante la direcci\u00f3n de entrega especificada en la tramitaci\u00f3n del pedido del Vendedor.<\/p>\n<p class=\"p4\">(2) Si el transportista devuelve al vendedor la mercanc\u00eda expedida porque no ha sido posible la entrega al cliente, \u00e9ste correr\u00e1 con los gastos del env\u00edo fallido.<\/p>\n<p class=\"p1\"><span class=\"s2\">(3) <\/span>El plazo de entrega de todos los productos ofrecidos es de 7 a 10 d\u00edas laborables tras la recepci\u00f3n del pago, salvo que se indique lo contrario en la descripci\u00f3n del producto correspondiente. Si el plazo cae en s\u00e1bado, domingo o festivo en el lugar de entrega, el plazo finaliza el siguiente d\u00eda laborable.<\/p>\n<p class=\"p1\"><b>\u00a75 Devoluci\u00f3n<\/b><\/p>\n<p class=\"p1\">(1) El plazo de devoluci\u00f3n es de 14 d\u00edas laborables a partir de la fecha de recepci\u00f3n de la mercanc\u00eda, siempre que todos los art\u00edculos se devuelvan en el estado en que se recibieron. Esto significa que los art\u00edculos no deben estar da\u00f1ados, sucios, lavados, alterados ni desgastados (salvo por motivos de ajuste). Adem\u00e1s, todas las etiquetas originales deben estar intactas.<\/p>\n<p class=\"p1\">(2) Los gastos de devoluci\u00f3n correr\u00e1n a cargo del comprador.<\/p>\n<p class=\"p1\">(3) Dado que la ropa interior y los trajes de ba\u00f1o son art\u00edculos de higiene, quedan excluidos del cambio. Si, a pesar de todo, se devuelve la mercanc\u00eda, el vendedor la enviar\u00e1 de vuelta al cliente y le cobrar\u00e1 los gastos de env\u00edo.<\/p>\n<p class=\"p1\">(4) En caso de devoluci\u00f3n, env\u00ede previamente un correo electr\u00f3nico a <a href=\"mailto:support@fashion-wall.de\"><span class=\"s3\">support@fashion-wall.de<\/span><\/a> con el n\u00famero de pedido en el asunto para recibir m\u00e1s informaci\u00f3n sobre la devoluci\u00f3n.<\/p>\n<p class=\"p1\"><b>\u00a76 Retenci\u00f3n, reserva de dominio<\/b><\/p>\n<p class=\"p1\">(1) El cliente s\u00f3lo tendr\u00e1 derecho de compensaci\u00f3n si sus contrademandas han sido legalmente establecidas o reconocidas por nosotros. El cliente s\u00f3lo podr\u00e1 ejercer un derecho de retenci\u00f3n en la medida en que su contrademanda se base en la misma relaci\u00f3n contractual.<\/p>\n<p class=\"p1\">(2) Conservamos la propiedad de la mercanc\u00eda hasta el pago \u00edntegro del precio de compra.<\/p>\n<p class=\"p1\"><b>\u00a77 Garant\u00eda<\/b><\/p>\n<p class=\"p1\">Se aplican las disposiciones legales de garant\u00eda.<\/p>\n<p class=\"p1\"><b>\u00a78 Responsabilidad<\/b><\/p>\n<p class=\"p1\">(1) Sujeto a las siguientes excepciones, nuestra responsabilidad por incumplimientos contractuales y por actos il\u00edcitos se limitar\u00e1 a dolo o negligencia grave.<\/p>\n<p class=\"p1\">(2) En caso de negligencia leve, responderemos de forma ilimitada en caso de lesi\u00f3n de la vida, la integridad f\u00edsica o la salud, o en caso de incumplimiento de una obligaci\u00f3n contractual esencial. Si incurrimos en mora en el cumplimiento por negligencia leve, si el cumplimiento se ha hecho imposible o si hemos incumplido una obligaci\u00f3n contractual esencial, la responsabilidad por los da\u00f1os materiales y las p\u00e9rdidas econ\u00f3micas resultantes se limitar\u00e1 a los da\u00f1os previsibles t\u00edpicos del contrato. Una obligaci\u00f3n contractual esencial es una obligaci\u00f3n cuyo cumplimiento hace posible, en primer lugar, la correcta ejecuci\u00f3n del contrato, cuyo incumplimiento pone en peligro la consecuci\u00f3n de la finalidad del contrato y en cuya observancia usted puede confiar regularmente. Esto incluye, en particular, nuestro deber de actuar y cumplir con la prestaci\u00f3n contractualmente debida, que se describe en el \u00a7 3. Por lo dem\u00e1s, quedan excluidas las reclamaciones por da\u00f1os y perjuicios.<\/p>\n<p class=\"p1\"><b>\u00a79 Legislaci\u00f3n aplicable<\/b><\/p>\n<p class=\"p1\">(1) El derecho de la Rep\u00fablica Federal de Alemania se aplicar\u00e1 a todas las relaciones jur\u00eddicas entre las partes, con exclusi\u00f3n de las leyes relativas a la compraventa internacional de bienes muebles.<\/p>\n<p class=\"p1\">En el caso de los consumidores, esta elecci\u00f3n de ley s\u00f3lo se aplicar\u00e1 en la medida en que la protecci\u00f3n concedida no sea retirada por disposiciones imperativas de la ley del Estado en el que el consumidor tenga su residencia habitual.<\/p>\n<p class=\"p1\">(2) Si el cliente act\u00faa como comerciante, persona jur\u00eddica de derecho p\u00fablico o patrimonio especial de derecho p\u00fablico con domicilio social en el territorio de la Rep\u00fablica Federal de Alemania, el fuero exclusivo para todos los litigios derivados de este contrato ser\u00e1 el domicilio social del Vendedor. Si el cliente tiene su domicilio social fuera del territorio de la Rep\u00fablica Federal de Alemania, el domicilio social del vendedor ser\u00e1 la jurisdicci\u00f3n exclusiva para todos los litigios derivados de este contrato si el contrato o las reclamaciones derivadas del contrato pueden atribuirse a la actividad profesional o comercial del cliente. No obstante, en los casos anteriores, el Vendedor tendr\u00e1 en todo caso derecho a interponer una demanda ante el tribunal del domicilio social del Cliente.<\/p>\n<p class=\"p1\"><b>\u00a710<span class=\"Apple-converted-space\">\u00a0 <\/span>Derecho de desistimiento del cliente como consumidor:<\/b><\/p>\n<p class=\"p1\">En general, los consumidores tienen derecho de desistimiento. Encontrar\u00e1 m\u00e1s informaci\u00f3n sobre el derecho de desistimiento en las instrucciones del Vendedor sobre el desistimiento.<\/p>\n<p class=\"p1\"><b>\u00a711 Cl\u00e1usula de salvedad<\/b><\/p>\n<p class=\"p1\">Si alguna de las disposiciones de este contrato resultara inv\u00e1lida o inaplicable o lo fuera despu\u00e9s de la celebraci\u00f3n del contrato, la validez del resto de las disposiciones no se ver\u00e1 afectada. La disposici\u00f3n inv\u00e1lida o inejecutable ser\u00e1 sustituida por disposiciones ejecutables y v\u00e1lidas cuyos efectos se aproximen lo m\u00e1s posible al objetivo econ\u00f3mico perseguido por las partes contratantes con la disposici\u00f3n inv\u00e1lida o inejecutable. Las disposiciones anteriores tambi\u00e9n se aplicar\u00e1n en caso de que el contrato resulte ser incompleto.<\/p>\n<p class=\"p1\">Fuente: agb.de<\/p>\t\t\t\t\t\t<\/div>\n\t\t\t\t<\/div>\n\t\t\t\t\t<\/div>\n\t\t<\/div>\n\t\t\t\t\t\t\t<\/div>\n\t\t<\/section>\n\t\t\t\t\t\t\t<\/div>","protected":false},"excerpt":{"rendered":"<p>CGC CGC \u00a71 \u00c1mbito de aplicaci\u00f3n, definiciones de t\u00e9rminos (1) Las siguientes Condiciones Generales de Contrataci\u00f3n (en lo sucesivo, \"CGC\") de la tienda en l\u00ednea en el sitio web https:\/\/fashion-Wall.de, operado por<\/p>","protected":false},"author":1,"featured_media":0,"parent":0,"menu_order":0,"comment_status":"closed","ping_status":"closed","template":"","meta":{"footnotes":""},"yoast_head":"<!-- This site is optimized with the Yoast SEO plugin v21.1 - https:\/\/yoast.com\/wordpress\/plugins\/seo\/ -->\n<title>AGB - Fashion Wall<\/title>\n<meta name=\"robots\" content=\"index, follow, max-snippet:-1, max-image-preview:large, max-video-preview:-1\" \/>\n<link rel=\"canonical\" href=\"https:\/\/fashion-wall.de\/es\/agb\/\" \/>\n<meta property=\"og:locale\" content=\"es_ES\" \/>\n<meta property=\"og:type\" content=\"article\" \/>\n<meta property=\"og:title\" content=\"AGB - Fashion Wall\" \/>\n<meta property=\"og:description\" content=\"AGB AGB \u00a71 Geltungsbereich, Begriffsdefinitionen (1) Die nachfolgenden Allgemeinen Gesch\u00e4ftsbedingungen (nachfolgend \u201eAGB\u201c) des Online-Shops unter der Webseite https:\/\/fashion-Wall.de, betrieben durch\" \/>\n<meta property=\"og:url\" content=\"https:\/\/fashion-wall.de\/es\/agb\/\" \/>\n<meta property=\"og:site_name\" content=\"Fashion Wall\" \/>\n<meta property=\"article:modified_time\" content=\"2023-09-29T15:24:43+00:00\" \/>\n<meta name=\"twitter:card\" content=\"summary_large_image\" \/>\n<meta name=\"twitter:label1\" content=\"Tiempo de lectura\" \/>\n\t<meta name=\"twitter:data1\" content=\"9 minutos\" \/>\n<script type=\"application\/ld+json\" class=\"yoast-schema-graph\">{\"@context\":\"https:\/\/schema.org\",\"@graph\":[{\"@type\":\"WebPage\",\"@id\":\"https:\/\/fashion-wall.de\/agb\/\",\"url\":\"https:\/\/fashion-wall.de\/agb\/\",\"name\":\"AGB - Fashion Wall\",\"isPartOf\":{\"@id\":\"https:\/\/fashion-wall.de\/#website\"},\"datePublished\":\"2023-09-10T10:15:01+00:00\",\"dateModified\":\"2023-09-29T15:24:43+00:00\",\"breadcrumb\":{\"@id\":\"https:\/\/fashion-wall.de\/agb\/#breadcrumb\"},\"inLanguage\":\"es\",\"potentialAction\":[{\"@type\":\"ReadAction\",\"target\":[\"https:\/\/fashion-wall.de\/agb\/\"]}]},{\"@type\":\"BreadcrumbList\",\"@id\":\"https:\/\/fashion-wall.de\/agb\/#breadcrumb\",\"itemListElement\":[{\"@type\":\"ListItem\",\"position\":1,\"name\":\"Home\",\"item\":\"https:\/\/fashion-wall.de\/\"},{\"@type\":\"ListItem\",\"position\":2,\"name\":\"AGB\"}]},{\"@type\":\"WebSite\",\"@id\":\"https:\/\/fashion-wall.de\/#website\",\"url\":\"https:\/\/fashion-wall.de\/\",\"name\":\"Fashion Wall\",\"description\":\"\",\"publisher\":{\"@id\":\"https:\/\/fashion-wall.de\/#organization\"},\"potentialAction\":[{\"@type\":\"SearchAction\",\"target\":{\"@type\":\"EntryPoint\",\"urlTemplate\":\"https:\/\/fashion-wall.de\/?s={search_term_string}\"},\"query-input\":\"required name=search_term_string\"}],\"inLanguage\":\"es\"},{\"@type\":\"Organization\",\"@id\":\"https:\/\/fashion-wall.de\/#organization\",\"name\":\"Fashion Wall\",\"url\":\"https:\/\/fashion-wall.de\/\",\"logo\":{\"@type\":\"ImageObject\",\"inLanguage\":\"es\",\"@id\":\"https:\/\/fashion-wall.de\/#\/schema\/logo\/image\/\",\"url\":\"http:\/\/fashion-wall.de\/wp-content\/uploads\/2023\/09\/Logo-Fashion-Wall.png\",\"contentUrl\":\"http:\/\/fashion-wall.de\/wp-content\/uploads\/2023\/09\/Logo-Fashion-Wall.png\",\"width\":851,\"height\":341,\"caption\":\"Fashion Wall\"},\"image\":{\"@id\":\"https:\/\/fashion-wall.de\/#\/schema\/logo\/image\/\"}}]}<\/script>\n<!-- \/ Yoast SEO plugin. -->","yoast_head_json":{"title":"AGB - Fashion Wall","robots":{"index":"index","follow":"follow","max-snippet":"max-snippet:-1","max-image-preview":"max-image-preview:large","max-video-preview":"max-video-preview:-1"},"canonical":"https:\/\/fashion-wall.de\/es\/agb\/","og_locale":"es_ES","og_type":"article","og_title":"AGB - Fashion Wall","og_description":"AGB AGB \u00a71 Geltungsbereich, Begriffsdefinitionen (1) Die nachfolgenden Allgemeinen Gesch\u00e4ftsbedingungen (nachfolgend \u201eAGB\u201c) des Online-Shops unter der Webseite https:\/\/fashion-Wall.de, betrieben durch","og_url":"https:\/\/fashion-wall.de\/es\/agb\/","og_site_name":"Fashion Wall","article_modified_time":"2023-09-29T15:24:43+00:00","twitter_card":"summary_large_image","twitter_misc":{"Tiempo de lectura":"9 minutos"},"schema":{"@context":"https:\/\/schema.org","@graph":[{"@type":"WebPage","@id":"https:\/\/fashion-wall.de\/agb\/","url":"https:\/\/fashion-wall.de\/agb\/","name":"AGB - Fashion Wall","isPartOf":{"@id":"https:\/\/fashion-wall.de\/#website"},"datePublished":"2023-09-10T10:15:01+00:00","dateModified":"2023-09-29T15:24:43+00:00","breadcrumb":{"@id":"https:\/\/fashion-wall.de\/agb\/#breadcrumb"},"inLanguage":"es","potentialAction":[{"@type":"ReadAction","target":["https:\/\/fashion-wall.de\/agb\/"]}]},{"@type":"BreadcrumbList","@id":"https:\/\/fashion-wall.de\/agb\/#breadcrumb","itemListElement":[{"@type":"ListItem","position":1,"name":"Home","item":"https:\/\/fashion-wall.de\/"},{"@type":"ListItem","position":2,"name":"AGB"}]},{"@type":"WebSite","@id":"https:\/\/fashion-wall.de\/#website","url":"https:\/\/fashion-wall.de\/","name":"Fashion Wall","description":"","publisher":{"@id":"https:\/\/fashion-wall.de\/#organization"},"potentialAction":[{"@type":"SearchAction","target":{"@type":"EntryPoint","urlTemplate":"https:\/\/fashion-wall.de\/?s={search_term_string}"},"query-input":"required name=search_term_string"}],"inLanguage":"es"},{"@type":"Organization","@id":"https:\/\/fashion-wall.de\/#organization","name":"Fashion Wall","url":"https:\/\/fashion-wall.de\/","logo":{"@type":"ImageObject","inLanguage":"es","@id":"https:\/\/fashion-wall.de\/#\/schema\/logo\/image\/","url":"http:\/\/fashion-wall.de\/wp-content\/uploads\/2023\/09\/Logo-Fashion-Wall.png","contentUrl":"http:\/\/fashion-wall.de\/wp-content\/uploads\/2023\/09\/Logo-Fashion-Wall.png","width":851,"height":341,"caption":"Fashion Wall"},"image":{"@id":"https:\/\/fashion-wall.de\/#\/schema\/logo\/image\/"}}]}},"_links":{"self":[{"href":"https:\/\/fashion-wall.de\/es\/wp-json\/wp\/v2\/pages\/15874"}],"collection":[{"href":"https:\/\/fashion-wall.de\/es\/wp-json\/wp\/v2\/pages"}],"about":[{"href":"https:\/\/fashion-wall.de\/es\/wp-json\/wp\/v2\/types\/page"}],"author":[{"embeddable":true,"href":"https:\/\/fashion-wall.de\/es\/wp-json\/wp\/v2\/users\/1"}],"replies":[{"embeddable":true,"href":"https:\/\/fashion-wall.de\/es\/wp-json\/wp\/v2\/comments?post=15874"}],"version-history":[{"count":16,"href":"https:\/\/fashion-wall.de\/es\/wp-json\/wp\/v2\/pages\/15874\/revisions"}],"predecessor-version":[{"id":16916,"href":"https:\/\/fashion-wall.de\/es\/wp-json\/wp\/v2\/pages\/15874\/revisions\/16916"}],"wp:attachment":[{"href":"https:\/\/fashion-wall.de\/es\/wp-json\/wp\/v2\/media?parent=15874"}],"curies":[{"name":"wp","href":"https:\/\/api.w.org\/{rel}","templated":true}]}}