{"id":15893,"date":"2023-09-10T10:29:47","date_gmt":"2023-09-10T10:29:47","guid":{"rendered":"https:\/\/fashion-wall.de\/?page_id=15893"},"modified":"2023-09-29T16:53:34","modified_gmt":"2023-09-29T16:53:34","slug":"widerrufsrecht","status":"publish","type":"page","link":"https:\/\/fashion-wall.de\/es\/widerrufsrecht\/","title":{"rendered":"Derecho de retractaci\u00f3n"},"content":{"rendered":"<div data-elementor-type=\"wp-page\" data-elementor-id=\"15893\" class=\"elementor elementor-15893\" data-elementor-post-type=\"page\">\n\t\t\t\t\t\t\t\t\t<section class=\"elementor-section elementor-top-section elementor-element elementor-element-54c1425b elementor-section-boxed elementor-section-height-default elementor-section-height-default wd-section-disabled\" data-id=\"54c1425b\" data-element_type=\"section\" data-settings=\"{&quot;background_background&quot;:&quot;classic&quot;}\">\n\t\t\t\t\t\t<div class=\"elementor-container elementor-column-gap-default\">\n\t\t\t\t\t<div class=\"elementor-column elementor-col-100 elementor-top-column elementor-element elementor-element-1dcc27e2\" data-id=\"1dcc27e2\" data-element_type=\"column\">\n\t\t\t<div class=\"elementor-widget-wrap elementor-element-populated\">\n\t\t\t\t\t\t\t\t<section class=\"elementor-section elementor-inner-section elementor-element elementor-element-3685131c elementor-section-boxed elementor-section-height-default elementor-section-height-default wd-section-disabled\" data-id=\"3685131c\" data-element_type=\"section\">\n\t\t\t\t\t\t<div class=\"elementor-container elementor-column-gap-default\">\n\t\t\t\t\t<div class=\"elementor-column elementor-col-100 elementor-inner-column elementor-element elementor-element-71bbe0ad\" data-id=\"71bbe0ad\" data-element_type=\"column\">\n\t\t\t<div class=\"elementor-widget-wrap elementor-element-populated\">\n\t\t\t\t\t\t\t\t<div class=\"elementor-element elementor-element-2a8bc019 elementor-widget elementor-widget-elementskit-heading\" data-id=\"2a8bc019\" data-element_type=\"widget\" data-widget_type=\"elementskit-heading.default\">\n\t\t\t\t<div class=\"elementor-widget-container\">\n\t\t\t<div class=\"ekit-wid-con\" ><div class=\"ekit-heading elementskit-section-title-wraper center   ekit_heading_tablet-   ekit_heading_mobile-\"><h2 class=\"ekit-heading--title elementskit-section-title\">Derecho de retractaci\u00f3n<\/h2><\/div><\/div>\t\t<\/div>\n\t\t\t\t<\/div>\n\t\t\t\t<div class=\"elementor-element elementor-element-43a000c3 elementor-absolute elementor-widget elementor-widget-elementskit-heading\" data-id=\"43a000c3\" data-element_type=\"widget\" data-settings=\"{&quot;_position&quot;:&quot;absolute&quot;}\" data-widget_type=\"elementskit-heading.default\">\n\t\t\t\t<div class=\"elementor-widget-container\">\n\t\t\t<div class=\"ekit-wid-con\" ><div class=\"ekit-heading elementskit-section-title-wraper center   ekit_heading_tablet-   ekit_heading_mobile-\"><h2 class=\"ekit-heading--title elementskit-section-title\">Derecho de retractaci\u00f3n<\/h2><\/div><\/div>\t\t<\/div>\n\t\t\t\t<\/div>\n\t\t\t\t\t<\/div>\n\t\t<\/div>\n\t\t\t\t\t\t\t<\/div>\n\t\t<\/section>\n\t\t\t\t<div class=\"elementor-element elementor-element-0d9f8be color-scheme-inherit text-left elementor-widget elementor-widget-text-editor\" data-id=\"0d9f8be\" data-element_type=\"widget\" data-widget_type=\"text-editor.default\">\n\t\t\t\t<div class=\"elementor-widget-container\">\n\t\t\t<style>\/*! elementor - v3.16.0 - 14-09-2023 *\/\n.elementor-widget-text-editor.elementor-drop-cap-view-stacked .elementor-drop-cap{background-color:#69727d;color:#fff}.elementor-widget-text-editor.elementor-drop-cap-view-framed .elementor-drop-cap{color:#69727d;border:3px solid;background-color:transparent}.elementor-widget-text-editor:not(.elementor-drop-cap-view-default) .elementor-drop-cap{margin-top:8px}.elementor-widget-text-editor:not(.elementor-drop-cap-view-default) .elementor-drop-cap-letter{width:1em;height:1em}.elementor-widget-text-editor .elementor-drop-cap{float:left;text-align:center;line-height:1;font-size:50px}.elementor-widget-text-editor .elementor-drop-cap-letter{display:inline-block}<\/style>\t\t\t\t<p class=\"p1\">Los consumidores tienen derecho de desistimiento con arreglo a las siguientes disposiciones, en virtud de las cuales se considera consumidor a toda persona f\u00edsica que celebre un negocio jur\u00eddico con fines que no puedan atribuirse predominantemente ni a su actividad comercial ni a su actividad profesional independiente:<\/p>\n<p class=\"p1\"><span class=\"s1\"><b>A <\/b><\/span><b>Pol\u00edtica de anulaci\u00f3n<\/b><\/p>\n<p class=\"p1\"><b>Derecho de retractaci\u00f3n<\/b>\n<br>Tiene usted derecho a desistir del presente contrato en un plazo de catorce d\u00edas sin necesidad de justificaci\u00f3n. No obstante, un requisito previo para ejercer el derecho voluntario de devoluci\u00f3n es que devuelva los bienes completos, en su estado original, sin da\u00f1os y en su embalaje original.<br>El plazo de desistimiento es de catorce d\u00edas a partir del d\u00eda en que usted o un tercero nombrado por usted, que no sea el transportista, tenga o haya tomado posesi\u00f3n de los bienes.\n<br>No obstante lo anterior, en el caso de un contrato de entrega peri\u00f3dica de bienes en un plazo determinado, el plazo de desistimiento ser\u00e1 de catorce d\u00edas a partir del d\u00eda en que usted o un tercero nombrado por usted, que no sea el transportista, haya tomado o haya tomado posesi\u00f3n de los primeros bienes. Si se ofrecen varios productos de un lote con descuento y se devuelven art\u00edculos individuales, el reembolso se efectuar\u00e1 a prorrata del n\u00famero de productos devueltos.\n<p>Para ejercer su derecho de desistimiento, debe ponerse en contacto con nosotros (Iduna Health &amp; Beauty GmbH, Beckers Garten 11, 53179 Bonn, Alemania, e-mail: <a href=\"mailto:support@fashion-wall.de\">support@fashion-wall.de<\/span><\/a>) mediante una declaraci\u00f3n clara (por ejemplo, una carta enviada por correo postal o electr\u00f3nico) sobre su decisi\u00f3n de revocar este contrato. Para ello, puede utilizar el modelo de formulario de desistimiento adjunto, que, no obstante, no es obligatorio.\n<p class=\"p1\">Para cumplir el plazo de cancelaci\u00f3n, basta con que env\u00ede la notificaci\u00f3n del ejercicio del derecho de cancelaci\u00f3n antes de que finalice el plazo de cancelaci\u00f3n.<\/p>\n<p class=\"p1\"><b>Consecuencias de la revocaci\u00f3n <\/b><br>Si rescinde el presente contrato, deberemos reembolsarle todos los pagos que hayamos recibido de usted, incluidos los gastos de entrega (a excepci\u00f3n de los gastos adicionales resultantes del hecho de que usted haya elegido un tipo de entrega distinto de la entrega est\u00e1ndar m\u00e1s barata ofrecida por nosotros), sin demora y a m\u00e1s tardar en un plazo de catorce d\u00edas a partir del d\u00eda en que hayamos recibido la notificaci\u00f3n de su rescisi\u00f3n del presente contrato. Para este reembolso, utilizaremos el mismo medio de pago que usted utiliz\u00f3 para la transacci\u00f3n original, a menos que se acuerde expresamente otra cosa con usted; en ning\u00fan caso se le cobrar\u00e1 por este reembolso.\n<br>Podremos denegar el reembolso hasta que hayamos recibido la mercanc\u00eda o hasta que usted haya presentado una prueba de que ha devuelto la mercanc\u00eda, seg\u00fan qu\u00e9 condici\u00f3n se cumpla primero.\n<p class=\"p1\">Debe devolvernos o entregarnos los bienes sin demora y, en cualquier caso, a m\u00e1s tardar en el plazo de catorce d\u00edas a partir del d\u00eda en que nos notifique la revocaci\u00f3n del presente contrato. El plazo se cumple si nos env\u00eda los bienes antes de que finalice el plazo de catorce d\u00edas.\n<br>Usted correr\u00e1 con los gastos directos de devoluci\u00f3n de la mercanc\u00eda. Solo deber\u00e1 abonar la p\u00e9rdida de valor de los bienes si dicha p\u00e9rdida de valor se debe a una manipulaci\u00f3n de los bienes que no sea necesaria para comprobar su estado, propiedades y funcionamiento.\n<p><b>Modelo de formulario de cancelaci\u00f3n<\/b>\n<br>Si desea rescindir el contrato, rellene y env\u00ede este formulario.<\/p>\t\t\t\t\t\t<\/div>\n\t\t\t\t<\/div>\n\t\t\t\t<div class=\"elementor-element elementor-element-c306406 elementor-widget elementor-widget-wd_text_block\" data-id=\"c306406\" data-element_type=\"widget\" data-widget_type=\"wd_text_block.default\">\n\t\t\t\t<div class=\"elementor-widget-container\">\n\t\t\t\t\t<div class=\"wd-text-block reset-last-child text-left\">\n\t\t\t\n\t\t\t<p style=\"margin-bottom: var(--wd-tags-mb); font-style: normal; font-variant-ligatures: normal; font-variant-caps: normal; font-weight: 400; font-family: Montserrat, Arial, Helvetica, sans-serif; font-size: 14px; white-space-collapse: collapse;\">Para:<\/p><p style=\"margin-bottom: var(--wd-tags-mb); font-style: normal; font-variant-ligatures: normal; font-variant-caps: normal; font-weight: 400; font-family: Montserrat, Arial, Helvetica, sans-serif; font-size: 14px; white-space-collapse: collapse;\">Muro de la moda Tienda online por\u00a0<span style=\"color: var(--wd-text-color); font-family: Montserrat, Arial, Helvetica, sans-serif; font-size: 14px; font-style: normal; font-variant-ligatures: normal; font-variant-caps: normal; font-weight: 400;\"><br \/>Iduna Health &amp; Beauty GmbH<br \/>Jard\u00edn de Becker 11<br \/>53179 Bonn<br \/>Correo electr\u00f3nico: <a href=\"mailto:support@fashion-wall.de\">support@fashion-wall.de<\/a><br \/><\/span><\/p><p><span style=\"font-family: Montserrat, Arial, Helvetica, sans-serif; font-size: 14px; font-style: normal; font-variant-ligatures: normal; font-variant-caps: normal; font-weight: 400; white-space-collapse: collapse; color: var(--wd-text-color);\">Yo\/nosotros (*) revoco\/revocamos por la presente el contrato celebrado por m\u00ed\/nosotros (*) para la compra de los siguientes bienes (*)\/la prestaci\u00f3n del siguiente servicio (*)<\/span><\/p><p>______________________________________________________<\/p><p><span style=\"font-family: Montserrat, Arial, Helvetica, sans-serif; font-size: 14px; font-style: normal; font-variant-ligatures: normal; font-variant-caps: normal; font-weight: 400; white-space-collapse: collapse; color: var(--wd-text-color);\">Pedido el (*)\/recibido el (*)<\/span><\/p><p>______________________________________________________<\/p><p><span style=\"font-family: Montserrat, Arial, Helvetica, sans-serif; font-size: 14px; font-style: normal; font-variant-ligatures: normal; font-variant-caps: normal; font-weight: 400; white-space-collapse: collapse; color: var(--wd-text-color);\">Nombre del consumidor o consumidores<\/span><\/p><p>______________________________________________________<\/p><p><span style=\"font-family: Montserrat, Arial, Helvetica, sans-serif; font-size: 14px; font-style: normal; font-variant-ligatures: normal; font-variant-caps: normal; font-weight: 400; white-space-collapse: collapse; color: var(--wd-text-color);\">Direcci\u00f3n del consumidor o consumidores<\/span><\/p><p>______________________________________________________<\/p><p><span style=\"font-family: Montserrat, Arial, Helvetica, sans-serif; font-size: 14px; font-style: normal; font-variant-ligatures: normal; font-variant-caps: normal; font-weight: 400; white-space-collapse: collapse; color: var(--wd-text-color);\">Firma del consumidor o consumidores (s\u00f3lo en caso de notificaci\u00f3n en papel)<\/span><\/p><p>______________________________________________________<\/p><p><span style=\"font-family: Montserrat, Arial, Helvetica, sans-serif; font-size: 14px; font-style: normal; font-variant-ligatures: normal; font-variant-caps: normal; font-weight: 400; white-space-collapse: collapse; color: var(--wd-text-color);\">Fecha<\/span><\/p><p>___________________________<\/p>\n\t\t\t\t\t<\/div>\n\t\t\t\t<\/div>\n\t\t\t\t<\/div>\n\t\t\t\t<div class=\"elementor-element elementor-element-29be825 elementor-widget elementor-widget-wd_text_block\" data-id=\"29be825\" data-element_type=\"widget\" data-widget_type=\"wd_text_block.default\">\n\t\t\t\t<div class=\"elementor-widget-container\">\n\t\t\t\t\t<div class=\"wd-text-block reset-last-child text-left\">\n\t\t\t\n\t\t\t<p class=\"p1\">(*) T\u00e1chese lo que no proceda.<\/p>\n\t\t\t\t\t<\/div>\n\t\t\t\t<\/div>\n\t\t\t\t<\/div>\n\t\t\t\t\t<\/div>\n\t\t<\/div>\n\t\t\t\t\t\t\t<\/div>\n\t\t<\/section>\n\t\t\t\t\t\t\t<\/div>","protected":false},"excerpt":{"rendered":"<p>Widerrufsrecht Widerrufsrecht Verbrauchern steht ein Widerrufsrecht nach folgender Ma\u00dfgabe zu, wobei Verbraucher jede nat\u00fcrliche Person ist, die ein Rechtsgesch\u00e4ft zu<\/p>","protected":false},"author":1,"featured_media":0,"parent":0,"menu_order":0,"comment_status":"closed","ping_status":"closed","template":"","meta":{"footnotes":""},"yoast_head":"<!-- This site is optimized with the Yoast SEO plugin v21.1 - https:\/\/yoast.com\/wordpress\/plugins\/seo\/ -->\n<title>Widerrufsrecht - Fashion Wall<\/title>\n<meta name=\"robots\" content=\"index, follow, max-snippet:-1, max-image-preview:large, max-video-preview:-1\" \/>\n<link rel=\"canonical\" href=\"https:\/\/fashion-wall.de\/es\/widerrufsrecht\/\" \/>\n<meta property=\"og:locale\" content=\"es_ES\" \/>\n<meta property=\"og:type\" content=\"article\" \/>\n<meta property=\"og:title\" content=\"Widerrufsrecht - Fashion Wall\" \/>\n<meta property=\"og:description\" content=\"Widerrufsrecht Widerrufsrecht Verbrauchern steht ein Widerrufsrecht nach folgender Ma\u00dfgabe zu, wobei Verbraucher jede nat\u00fcrliche Person ist, die ein Rechtsgesch\u00e4ft zu\" \/>\n<meta property=\"og:url\" content=\"https:\/\/fashion-wall.de\/es\/widerrufsrecht\/\" \/>\n<meta property=\"og:site_name\" content=\"Fashion Wall\" \/>\n<meta property=\"article:modified_time\" content=\"2023-09-29T16:53:34+00:00\" \/>\n<meta name=\"twitter:card\" content=\"summary_large_image\" \/>\n<meta name=\"twitter:label1\" content=\"Tiempo de lectura\" \/>\n\t<meta name=\"twitter:data1\" content=\"4 minutos\" \/>\n<script type=\"application\/ld+json\" class=\"yoast-schema-graph\">{\"@context\":\"https:\/\/schema.org\",\"@graph\":[{\"@type\":\"WebPage\",\"@id\":\"https:\/\/fashion-wall.de\/widerrufsrecht\/\",\"url\":\"https:\/\/fashion-wall.de\/widerrufsrecht\/\",\"name\":\"Widerrufsrecht - Fashion Wall\",\"isPartOf\":{\"@id\":\"https:\/\/fashion-wall.de\/#website\"},\"datePublished\":\"2023-09-10T10:29:47+00:00\",\"dateModified\":\"2023-09-29T16:53:34+00:00\",\"breadcrumb\":{\"@id\":\"https:\/\/fashion-wall.de\/widerrufsrecht\/#breadcrumb\"},\"inLanguage\":\"es\",\"potentialAction\":[{\"@type\":\"ReadAction\",\"target\":[\"https:\/\/fashion-wall.de\/widerrufsrecht\/\"]}]},{\"@type\":\"BreadcrumbList\",\"@id\":\"https:\/\/fashion-wall.de\/widerrufsrecht\/#breadcrumb\",\"itemListElement\":[{\"@type\":\"ListItem\",\"position\":1,\"name\":\"Home\",\"item\":\"https:\/\/fashion-wall.de\/\"},{\"@type\":\"ListItem\",\"position\":2,\"name\":\"Widerrufsrecht\"}]},{\"@type\":\"WebSite\",\"@id\":\"https:\/\/fashion-wall.de\/#website\",\"url\":\"https:\/\/fashion-wall.de\/\",\"name\":\"Fashion Wall\",\"description\":\"\",\"publisher\":{\"@id\":\"https:\/\/fashion-wall.de\/#organization\"},\"potentialAction\":[{\"@type\":\"SearchAction\",\"target\":{\"@type\":\"EntryPoint\",\"urlTemplate\":\"https:\/\/fashion-wall.de\/?s={search_term_string}\"},\"query-input\":\"required name=search_term_string\"}],\"inLanguage\":\"es\"},{\"@type\":\"Organization\",\"@id\":\"https:\/\/fashion-wall.de\/#organization\",\"name\":\"Fashion Wall\",\"url\":\"https:\/\/fashion-wall.de\/\",\"logo\":{\"@type\":\"ImageObject\",\"inLanguage\":\"es\",\"@id\":\"https:\/\/fashion-wall.de\/#\/schema\/logo\/image\/\",\"url\":\"http:\/\/fashion-wall.de\/wp-content\/uploads\/2023\/09\/Logo-Fashion-Wall.png\",\"contentUrl\":\"http:\/\/fashion-wall.de\/wp-content\/uploads\/2023\/09\/Logo-Fashion-Wall.png\",\"width\":851,\"height\":341,\"caption\":\"Fashion Wall\"},\"image\":{\"@id\":\"https:\/\/fashion-wall.de\/#\/schema\/logo\/image\/\"}}]}<\/script>\n<!-- \/ Yoast SEO plugin. -->","yoast_head_json":{"title":"Widerrufsrecht - Fashion Wall","robots":{"index":"index","follow":"follow","max-snippet":"max-snippet:-1","max-image-preview":"max-image-preview:large","max-video-preview":"max-video-preview:-1"},"canonical":"https:\/\/fashion-wall.de\/es\/widerrufsrecht\/","og_locale":"es_ES","og_type":"article","og_title":"Widerrufsrecht - Fashion Wall","og_description":"Widerrufsrecht Widerrufsrecht Verbrauchern steht ein Widerrufsrecht nach folgender Ma\u00dfgabe zu, wobei Verbraucher jede nat\u00fcrliche Person ist, die ein Rechtsgesch\u00e4ft zu","og_url":"https:\/\/fashion-wall.de\/es\/widerrufsrecht\/","og_site_name":"Fashion Wall","article_modified_time":"2023-09-29T16:53:34+00:00","twitter_card":"summary_large_image","twitter_misc":{"Tiempo de lectura":"4 minutos"},"schema":{"@context":"https:\/\/schema.org","@graph":[{"@type":"WebPage","@id":"https:\/\/fashion-wall.de\/widerrufsrecht\/","url":"https:\/\/fashion-wall.de\/widerrufsrecht\/","name":"Widerrufsrecht - Fashion Wall","isPartOf":{"@id":"https:\/\/fashion-wall.de\/#website"},"datePublished":"2023-09-10T10:29:47+00:00","dateModified":"2023-09-29T16:53:34+00:00","breadcrumb":{"@id":"https:\/\/fashion-wall.de\/widerrufsrecht\/#breadcrumb"},"inLanguage":"es","potentialAction":[{"@type":"ReadAction","target":["https:\/\/fashion-wall.de\/widerrufsrecht\/"]}]},{"@type":"BreadcrumbList","@id":"https:\/\/fashion-wall.de\/widerrufsrecht\/#breadcrumb","itemListElement":[{"@type":"ListItem","position":1,"name":"Home","item":"https:\/\/fashion-wall.de\/"},{"@type":"ListItem","position":2,"name":"Widerrufsrecht"}]},{"@type":"WebSite","@id":"https:\/\/fashion-wall.de\/#website","url":"https:\/\/fashion-wall.de\/","name":"Fashion Wall","description":"","publisher":{"@id":"https:\/\/fashion-wall.de\/#organization"},"potentialAction":[{"@type":"SearchAction","target":{"@type":"EntryPoint","urlTemplate":"https:\/\/fashion-wall.de\/?s={search_term_string}"},"query-input":"required name=search_term_string"}],"inLanguage":"es"},{"@type":"Organization","@id":"https:\/\/fashion-wall.de\/#organization","name":"Fashion Wall","url":"https:\/\/fashion-wall.de\/","logo":{"@type":"ImageObject","inLanguage":"es","@id":"https:\/\/fashion-wall.de\/#\/schema\/logo\/image\/","url":"http:\/\/fashion-wall.de\/wp-content\/uploads\/2023\/09\/Logo-Fashion-Wall.png","contentUrl":"http:\/\/fashion-wall.de\/wp-content\/uploads\/2023\/09\/Logo-Fashion-Wall.png","width":851,"height":341,"caption":"Fashion Wall"},"image":{"@id":"https:\/\/fashion-wall.de\/#\/schema\/logo\/image\/"}}]}},"_links":{"self":[{"href":"https:\/\/fashion-wall.de\/es\/wp-json\/wp\/v2\/pages\/15893"}],"collection":[{"href":"https:\/\/fashion-wall.de\/es\/wp-json\/wp\/v2\/pages"}],"about":[{"href":"https:\/\/fashion-wall.de\/es\/wp-json\/wp\/v2\/types\/page"}],"author":[{"embeddable":true,"href":"https:\/\/fashion-wall.de\/es\/wp-json\/wp\/v2\/users\/1"}],"replies":[{"embeddable":true,"href":"https:\/\/fashion-wall.de\/es\/wp-json\/wp\/v2\/comments?post=15893"}],"version-history":[{"count":16,"href":"https:\/\/fashion-wall.de\/es\/wp-json\/wp\/v2\/pages\/15893\/revisions"}],"predecessor-version":[{"id":16951,"href":"https:\/\/fashion-wall.de\/es\/wp-json\/wp\/v2\/pages\/15893\/revisions\/16951"}],"wp:attachment":[{"href":"https:\/\/fashion-wall.de\/es\/wp-json\/wp\/v2\/media?parent=15893"}],"curies":[{"name":"wp","href":"https:\/\/api.w.org\/{rel}","templated":true}]}}