{"id":16976,"date":"2023-09-30T15:35:12","date_gmt":"2023-09-30T15:35:12","guid":{"rendered":"https:\/\/fashion-wall.de\/?page_id=16976"},"modified":"2023-12-29T22:01:24","modified_gmt":"2023-12-29T22:01:24","slug":"shipping-time-and-costs","status":"publish","type":"page","link":"https:\/\/fashion-wall.de\/es\/shipping-time-and-costs\/","title":{"rendered":"Versand und Lieferung"},"content":{"rendered":"<div data-elementor-type=\"wp-page\" data-elementor-id=\"16976\" class=\"elementor elementor-16976\" data-elementor-post-type=\"page\">\n\t\t\t\t\t\t\t\t\t<section class=\"elementor-section elementor-top-section elementor-element elementor-element-54c1425b elementor-section-boxed elementor-section-height-default elementor-section-height-default wd-section-disabled\" data-id=\"54c1425b\" data-element_type=\"section\" data-settings=\"{&quot;background_background&quot;:&quot;classic&quot;}\">\n\t\t\t\t\t\t<div class=\"elementor-container elementor-column-gap-default\">\n\t\t\t\t\t<div class=\"elementor-column elementor-col-100 elementor-top-column elementor-element elementor-element-1dcc27e2\" data-id=\"1dcc27e2\" data-element_type=\"column\">\n\t\t\t<div class=\"elementor-widget-wrap elementor-element-populated\">\n\t\t\t\t\t\t\t\t<section class=\"elementor-section elementor-inner-section elementor-element elementor-element-3685131c elementor-section-boxed elementor-section-height-default elementor-section-height-default wd-section-disabled\" data-id=\"3685131c\" data-element_type=\"section\">\n\t\t\t\t\t\t<div class=\"elementor-container elementor-column-gap-default\">\n\t\t\t\t\t<div class=\"elementor-column elementor-col-100 elementor-inner-column elementor-element elementor-element-71bbe0ad\" data-id=\"71bbe0ad\" data-element_type=\"column\">\n\t\t\t<div class=\"elementor-widget-wrap elementor-element-populated\">\n\t\t\t\t\t\t\t\t<div class=\"elementor-element elementor-element-2a8bc019 elementor-widget elementor-widget-elementskit-heading\" data-id=\"2a8bc019\" data-element_type=\"widget\" data-widget_type=\"elementskit-heading.default\">\n\t\t\t\t<div class=\"elementor-widget-container\">\n\t\t\t<div class=\"ekit-wid-con\" ><div class=\"ekit-heading elementskit-section-title-wraper center   ekit_heading_tablet-   ekit_heading_mobile-\"><h2 class=\"ekit-heading--title elementskit-section-title\">Gastos de env\u00edo y plazo de entrega<\/h2><\/div><\/div>\t\t<\/div>\n\t\t\t\t<\/div>\n\t\t\t\t<div class=\"elementor-element elementor-element-43a000c3 elementor-absolute elementor-widget elementor-widget-elementskit-heading\" data-id=\"43a000c3\" data-element_type=\"widget\" data-settings=\"{&quot;_position&quot;:&quot;absolute&quot;}\" data-widget_type=\"elementskit-heading.default\">\n\t\t\t\t<div class=\"elementor-widget-container\">\n\t\t\t<div class=\"ekit-wid-con\" ><div class=\"ekit-heading elementskit-section-title-wraper center   ekit_heading_tablet-   ekit_heading_mobile-\"><h2 class=\"ekit-heading--title elementskit-section-title\">Env\u00edo<\/h2><\/div><\/div>\t\t<\/div>\n\t\t\t\t<\/div>\n\t\t\t\t\t<\/div>\n\t\t<\/div>\n\t\t\t\t\t\t\t<\/div>\n\t\t<\/section>\n\t\t\t\t<div class=\"elementor-element elementor-element-0d9f8be color-scheme-inherit text-left elementor-widget elementor-widget-text-editor\" data-id=\"0d9f8be\" data-element_type=\"widget\" data-widget_type=\"text-editor.default\">\n\t\t\t\t<div class=\"elementor-widget-container\">\n\t\t\t<style>\/*! elementor - v3.16.0 - 14-09-2023 *\/\n.elementor-widget-text-editor.elementor-drop-cap-view-stacked .elementor-drop-cap{background-color:#69727d;color:#fff}.elementor-widget-text-editor.elementor-drop-cap-view-framed .elementor-drop-cap{color:#69727d;border:3px solid;background-color:transparent}.elementor-widget-text-editor:not(.elementor-drop-cap-view-default) .elementor-drop-cap{margin-top:8px}.elementor-widget-text-editor:not(.elementor-drop-cap-view-default) .elementor-drop-cap-letter{width:1em;height:1em}.elementor-widget-text-editor .elementor-drop-cap{float:left;text-align:center;line-height:1;font-size:50px}.elementor-widget-text-editor .elementor-drop-cap-letter{display:inline-block}<\/style>\t\t\t\t<p><b style=\"font-size: 14px; color: var(--wd-text-color);\">Gastos de env\u00edo<\/b><\/p>\n<ul style=\"box-sizing: inherit; margin: 1em; padding-left: 0px; font-size: 14px; list-style-type: none; margin-inline-start: 2em;\">\n<li style=\"box-sizing: inherit; margin-bottom: 0px; font-size: inherit; list-style: outside disc;\">env\u00edo asegurado con nuestro socio premium DHL a trav\u00e9s de DHL Standard: 4,99 EUR<\/li>\n<\/ul>\n<p><span style=\"font-size: inherit; color: var(--wd-text-color);\">Queremos proteger nuestro medio ambiente haciendo que nuestros materiales de envasado sean lo m\u00e1s sostenibles posible \u267b\ufe0f<\/span><\/p>\n<p>Si nos encarga varios art\u00edculos como parte de un mismo pedido para los que se aplican plazos de entrega diferentes, le enviaremos la mercanc\u00eda en un env\u00edo conjunto, salvo que hayamos acordado otra cosa con usted. En este caso, el plazo de entrega que se aplique al art\u00edculo de su pedido con el plazo de entrega m\u00e1s largo se aplicar\u00e1 al env\u00edo de mercanc\u00edas en conjunto.<span style=\"font-size: inherit; color: var(--wd-text-color);\"><br><\/span><\/p>\n<p style=\"box-sizing: inherit; margin-bottom: 1em; font-size: inherit;\"><span style=\"box-sizing: inherit; font-weight: bold; font-size: inherit;\">Plazo de entrega<\/span><\/p>\n<ul>\n<li style=\"box-sizing: inherit; font-size: inherit;\">Entrega en Alemania en un plazo de 7 a 10 d\u00edas laborables <\/li>\n<\/ul>\n<p>El plazo de entrega comienza el d\u00eda de recepci\u00f3n del pago en la entidad de cr\u00e9dito remitente y finaliza al expirar el \u00faltimo d\u00eda del plazo de pago. Si el \u00faltimo d\u00eda del plazo cae en domingo o en un d\u00eda festivo general reconocido por el Estado en el lugar de entrega, el siguiente d\u00eda laborable ocupar\u00e1 el lugar de dicho d\u00eda.&nbsp;<\/p>\t\t\t\t\t\t<\/div>\n\t\t\t\t<\/div>\n\t\t\t\t\t<\/div>\n\t\t<\/div>\n\t\t\t\t\t\t\t<\/div>\n\t\t<\/section>\n\t\t\t\t\t\t\t<\/div>","protected":false},"excerpt":{"rendered":"<p>Versandkosten und Lieferzeit Versand Versandkosten versicherter Versand mit unserem Premiumpartner DHL per DHL Standard: 4,99 EUR Wir wollen unsere Umwelt<\/p>","protected":false},"author":1,"featured_media":0,"parent":0,"menu_order":0,"comment_status":"closed","ping_status":"closed","template":"","meta":{"footnotes":""},"yoast_head":"<!-- This site is optimized with the Yoast SEO plugin v21.1 - https:\/\/yoast.com\/wordpress\/plugins\/seo\/ -->\n<title>Versand und Lieferung - Fashion Wall<\/title>\n<meta name=\"robots\" content=\"index, follow, max-snippet:-1, max-image-preview:large, max-video-preview:-1\" \/>\n<link rel=\"canonical\" href=\"https:\/\/fashion-wall.de\/es\/shipping-time-and-costs\/\" \/>\n<meta property=\"og:locale\" content=\"es_ES\" \/>\n<meta property=\"og:type\" content=\"article\" \/>\n<meta property=\"og:title\" content=\"Versand und Lieferung - Fashion Wall\" \/>\n<meta property=\"og:description\" content=\"Versandkosten und Lieferzeit Versand Versandkosten versicherter Versand mit unserem Premiumpartner DHL per DHL Standard: 4,99 EUR Wir wollen unsere Umwelt\" \/>\n<meta property=\"og:url\" content=\"https:\/\/fashion-wall.de\/es\/shipping-time-and-costs\/\" \/>\n<meta property=\"og:site_name\" content=\"Fashion Wall\" \/>\n<meta property=\"article:modified_time\" content=\"2023-12-29T22:01:24+00:00\" \/>\n<meta name=\"twitter:card\" content=\"summary_large_image\" \/>\n<meta name=\"twitter:label1\" content=\"Tiempo de lectura\" \/>\n\t<meta name=\"twitter:data1\" content=\"1 minuto\" \/>\n<script type=\"application\/ld+json\" class=\"yoast-schema-graph\">{\"@context\":\"https:\/\/schema.org\",\"@graph\":[{\"@type\":\"WebPage\",\"@id\":\"https:\/\/fashion-wall.de\/shipping-time-and-costs\/\",\"url\":\"https:\/\/fashion-wall.de\/shipping-time-and-costs\/\",\"name\":\"Versand und Lieferung - Fashion Wall\",\"isPartOf\":{\"@id\":\"https:\/\/fashion-wall.de\/#website\"},\"datePublished\":\"2023-09-30T15:35:12+00:00\",\"dateModified\":\"2023-12-29T22:01:24+00:00\",\"breadcrumb\":{\"@id\":\"https:\/\/fashion-wall.de\/shipping-time-and-costs\/#breadcrumb\"},\"inLanguage\":\"es\",\"potentialAction\":[{\"@type\":\"ReadAction\",\"target\":[\"https:\/\/fashion-wall.de\/shipping-time-and-costs\/\"]}]},{\"@type\":\"BreadcrumbList\",\"@id\":\"https:\/\/fashion-wall.de\/shipping-time-and-costs\/#breadcrumb\",\"itemListElement\":[{\"@type\":\"ListItem\",\"position\":1,\"name\":\"Home\",\"item\":\"https:\/\/fashion-wall.de\/\"},{\"@type\":\"ListItem\",\"position\":2,\"name\":\"Versand und Lieferung\"}]},{\"@type\":\"WebSite\",\"@id\":\"https:\/\/fashion-wall.de\/#website\",\"url\":\"https:\/\/fashion-wall.de\/\",\"name\":\"Fashion Wall\",\"description\":\"\",\"publisher\":{\"@id\":\"https:\/\/fashion-wall.de\/#organization\"},\"potentialAction\":[{\"@type\":\"SearchAction\",\"target\":{\"@type\":\"EntryPoint\",\"urlTemplate\":\"https:\/\/fashion-wall.de\/?s={search_term_string}\"},\"query-input\":\"required name=search_term_string\"}],\"inLanguage\":\"es\"},{\"@type\":\"Organization\",\"@id\":\"https:\/\/fashion-wall.de\/#organization\",\"name\":\"Fashion Wall\",\"url\":\"https:\/\/fashion-wall.de\/\",\"logo\":{\"@type\":\"ImageObject\",\"inLanguage\":\"es\",\"@id\":\"https:\/\/fashion-wall.de\/#\/schema\/logo\/image\/\",\"url\":\"http:\/\/fashion-wall.de\/wp-content\/uploads\/2023\/09\/Logo-Fashion-Wall.png\",\"contentUrl\":\"http:\/\/fashion-wall.de\/wp-content\/uploads\/2023\/09\/Logo-Fashion-Wall.png\",\"width\":851,\"height\":341,\"caption\":\"Fashion Wall\"},\"image\":{\"@id\":\"https:\/\/fashion-wall.de\/#\/schema\/logo\/image\/\"}}]}<\/script>\n<!-- \/ Yoast SEO plugin. -->","yoast_head_json":{"title":"Versand und Lieferung - Fashion Wall","robots":{"index":"index","follow":"follow","max-snippet":"max-snippet:-1","max-image-preview":"max-image-preview:large","max-video-preview":"max-video-preview:-1"},"canonical":"https:\/\/fashion-wall.de\/es\/shipping-time-and-costs\/","og_locale":"es_ES","og_type":"article","og_title":"Versand und Lieferung - Fashion Wall","og_description":"Versandkosten und Lieferzeit Versand Versandkosten versicherter Versand mit unserem Premiumpartner DHL per DHL Standard: 4,99 EUR Wir wollen unsere Umwelt","og_url":"https:\/\/fashion-wall.de\/es\/shipping-time-and-costs\/","og_site_name":"Fashion Wall","article_modified_time":"2023-12-29T22:01:24+00:00","twitter_card":"summary_large_image","twitter_misc":{"Tiempo de lectura":"1 minuto"},"schema":{"@context":"https:\/\/schema.org","@graph":[{"@type":"WebPage","@id":"https:\/\/fashion-wall.de\/shipping-time-and-costs\/","url":"https:\/\/fashion-wall.de\/shipping-time-and-costs\/","name":"Versand und Lieferung - Fashion Wall","isPartOf":{"@id":"https:\/\/fashion-wall.de\/#website"},"datePublished":"2023-09-30T15:35:12+00:00","dateModified":"2023-12-29T22:01:24+00:00","breadcrumb":{"@id":"https:\/\/fashion-wall.de\/shipping-time-and-costs\/#breadcrumb"},"inLanguage":"es","potentialAction":[{"@type":"ReadAction","target":["https:\/\/fashion-wall.de\/shipping-time-and-costs\/"]}]},{"@type":"BreadcrumbList","@id":"https:\/\/fashion-wall.de\/shipping-time-and-costs\/#breadcrumb","itemListElement":[{"@type":"ListItem","position":1,"name":"Home","item":"https:\/\/fashion-wall.de\/"},{"@type":"ListItem","position":2,"name":"Versand und Lieferung"}]},{"@type":"WebSite","@id":"https:\/\/fashion-wall.de\/#website","url":"https:\/\/fashion-wall.de\/","name":"Fashion Wall","description":"","publisher":{"@id":"https:\/\/fashion-wall.de\/#organization"},"potentialAction":[{"@type":"SearchAction","target":{"@type":"EntryPoint","urlTemplate":"https:\/\/fashion-wall.de\/?s={search_term_string}"},"query-input":"required name=search_term_string"}],"inLanguage":"es"},{"@type":"Organization","@id":"https:\/\/fashion-wall.de\/#organization","name":"Fashion Wall","url":"https:\/\/fashion-wall.de\/","logo":{"@type":"ImageObject","inLanguage":"es","@id":"https:\/\/fashion-wall.de\/#\/schema\/logo\/image\/","url":"http:\/\/fashion-wall.de\/wp-content\/uploads\/2023\/09\/Logo-Fashion-Wall.png","contentUrl":"http:\/\/fashion-wall.de\/wp-content\/uploads\/2023\/09\/Logo-Fashion-Wall.png","width":851,"height":341,"caption":"Fashion Wall"},"image":{"@id":"https:\/\/fashion-wall.de\/#\/schema\/logo\/image\/"}}]}},"_links":{"self":[{"href":"https:\/\/fashion-wall.de\/es\/wp-json\/wp\/v2\/pages\/16976"}],"collection":[{"href":"https:\/\/fashion-wall.de\/es\/wp-json\/wp\/v2\/pages"}],"about":[{"href":"https:\/\/fashion-wall.de\/es\/wp-json\/wp\/v2\/types\/page"}],"author":[{"embeddable":true,"href":"https:\/\/fashion-wall.de\/es\/wp-json\/wp\/v2\/users\/1"}],"replies":[{"embeddable":true,"href":"https:\/\/fashion-wall.de\/es\/wp-json\/wp\/v2\/comments?post=16976"}],"version-history":[{"count":30,"href":"https:\/\/fashion-wall.de\/es\/wp-json\/wp\/v2\/pages\/16976\/revisions"}],"predecessor-version":[{"id":17197,"href":"https:\/\/fashion-wall.de\/es\/wp-json\/wp\/v2\/pages\/16976\/revisions\/17197"}],"wp:attachment":[{"href":"https:\/\/fashion-wall.de\/es\/wp-json\/wp\/v2\/media?parent=16976"}],"curies":[{"name":"wp","href":"https:\/\/api.w.org\/{rel}","templated":true}]}}