{"id":15874,"date":"2023-09-10T10:15:01","date_gmt":"2023-09-10T10:15:01","guid":{"rendered":"https:\/\/fashion-wall.de\/?page_id=15874"},"modified":"2023-09-29T15:24:43","modified_gmt":"2023-09-29T15:24:43","slug":"agb","status":"publish","type":"page","link":"https:\/\/fashion-wall.de\/fr\/agb\/","title":{"rendered":"CONDITIONS G\u00c9N\u00c9RALES DE VENTE"},"content":{"rendered":"<div data-elementor-type=\"wp-page\" data-elementor-id=\"15874\" class=\"elementor elementor-15874\" data-elementor-post-type=\"page\">\n\t\t\t\t\t\t\t\t\t<section class=\"elementor-section elementor-top-section elementor-element elementor-element-54c1425b elementor-section-boxed elementor-section-height-default elementor-section-height-default wd-section-disabled\" data-id=\"54c1425b\" data-element_type=\"section\" data-settings=\"{&quot;background_background&quot;:&quot;classic&quot;}\">\n\t\t\t\t\t\t<div class=\"elementor-container elementor-column-gap-default\">\n\t\t\t\t\t<div class=\"elementor-column elementor-col-100 elementor-top-column elementor-element elementor-element-1dcc27e2\" data-id=\"1dcc27e2\" data-element_type=\"column\">\n\t\t\t<div class=\"elementor-widget-wrap elementor-element-populated\">\n\t\t\t\t\t\t\t\t<section class=\"elementor-section elementor-inner-section elementor-element elementor-element-3685131c elementor-section-boxed elementor-section-height-default elementor-section-height-default wd-section-disabled\" data-id=\"3685131c\" data-element_type=\"section\">\n\t\t\t\t\t\t<div class=\"elementor-container elementor-column-gap-default\">\n\t\t\t\t\t<div class=\"elementor-column elementor-col-100 elementor-inner-column elementor-element elementor-element-71bbe0ad\" data-id=\"71bbe0ad\" data-element_type=\"column\">\n\t\t\t<div class=\"elementor-widget-wrap elementor-element-populated\">\n\t\t\t\t\t\t\t\t<div class=\"elementor-element elementor-element-2a8bc019 elementor-widget elementor-widget-elementskit-heading\" data-id=\"2a8bc019\" data-element_type=\"widget\" data-widget_type=\"elementskit-heading.default\">\n\t\t\t\t<div class=\"elementor-widget-container\">\n\t\t\t<div class=\"ekit-wid-con\" ><div class=\"ekit-heading elementskit-section-title-wraper center   ekit_heading_tablet-   ekit_heading_mobile-\"><h2 class=\"ekit-heading--title elementskit-section-title\">CONDITIONS G\u00c9N\u00c9RALES DE VENTE<\/h2><\/div><\/div>\t\t<\/div>\n\t\t\t\t<\/div>\n\t\t\t\t<div class=\"elementor-element elementor-element-43a000c3 elementor-absolute elementor-widget elementor-widget-elementskit-heading\" data-id=\"43a000c3\" data-element_type=\"widget\" data-settings=\"{&quot;_position&quot;:&quot;absolute&quot;}\" data-widget_type=\"elementskit-heading.default\">\n\t\t\t\t<div class=\"elementor-widget-container\">\n\t\t\t<div class=\"ekit-wid-con\" ><div class=\"ekit-heading elementskit-section-title-wraper center   ekit_heading_tablet-   ekit_heading_mobile-\"><h2 class=\"ekit-heading--title elementskit-section-title\">CONDITIONS G\u00c9N\u00c9RALES DE VENTE<\/h2><\/div><\/div>\t\t<\/div>\n\t\t\t\t<\/div>\n\t\t\t\t\t<\/div>\n\t\t<\/div>\n\t\t\t\t\t\t\t<\/div>\n\t\t<\/section>\n\t\t\t\t<div class=\"elementor-element elementor-element-0d9f8be color-scheme-inherit text-left elementor-widget elementor-widget-text-editor\" data-id=\"0d9f8be\" data-element_type=\"widget\" data-widget_type=\"text-editor.default\">\n\t\t\t\t<div class=\"elementor-widget-container\">\n\t\t\t<style>\/*! elementor - v3.16.0 - 14-09-2023 *\/\n.elementor-widget-text-editor.elementor-drop-cap-view-stacked .elementor-drop-cap{background-color:#69727d;color:#fff}.elementor-widget-text-editor.elementor-drop-cap-view-framed .elementor-drop-cap{color:#69727d;border:3px solid;background-color:transparent}.elementor-widget-text-editor:not(.elementor-drop-cap-view-default) .elementor-drop-cap{margin-top:8px}.elementor-widget-text-editor:not(.elementor-drop-cap-view-default) .elementor-drop-cap-letter{width:1em;height:1em}.elementor-widget-text-editor .elementor-drop-cap{float:left;text-align:center;line-height:1;font-size:50px}.elementor-widget-text-editor .elementor-drop-cap-letter{display:inline-block}<\/style>\t\t\t\t<p class=\"p1\"><b>\u00a71 Champ d'application, d\u00e9finition des termes<\/b><\/p>\n<p class=\"p1\">(1) Les conditions g\u00e9n\u00e9rales de vente suivantes (ci-apr\u00e8s \"CGV\") de la boutique en ligne situ\u00e9e sur le site https:\/\/fashion-Wall.de, exploit\u00e9e par la soci\u00e9t\u00e9 Iduna Health &amp; Beauty GmbH (ci-apr\u00e8s \"le vendeur\" ou \"nous\"), s'appliquent \u00e0 tous les contrats conclus entre nous et un consommateur ou un entrepreneur (ci-apr\u00e8s \"le client\") avec le vendeur concernant les marchandises et\/ou prestations pr\u00e9sent\u00e9es par le vendeur dans sa boutique en ligne, dans leur version en vigueur au moment de la commande. Par la pr\u00e9sente, l'int\u00e9gration des propres conditions du client est rejet\u00e9e, \u00e0 moins qu'il n'en soit convenu autrement.<\/p>\n<p class=\"p1\">(2) Le consommateur, au sens des pr\u00e9sentes CGV, est toute personne physique qui conclut un acte juridique \u00e0 des fins qui, pour l'essentiel, ne peuvent \u00eatre imput\u00e9es ni \u00e0 son activit\u00e9 commerciale ni \u00e0 son activit\u00e9 professionnelle ind\u00e9pendante. L'entrepreneur au sens des pr\u00e9sentes CGV est toute personne physique ou morale ou toute soci\u00e9t\u00e9 de personnes ayant la capacit\u00e9 juridique qui, lors de la conclusion d'un acte juridique, agit dans l'exercice de son activit\u00e9 professionnelle ind\u00e9pendante ou commerciale.<\/p>\n<p class=\"p1\"><b>\u00a72 Conclusion du contrat<\/b><\/p>\n<p class=\"p1\">(1) Les r\u00e8gles suivantes relatives \u00e0 la conclusion du contrat s'appliquent aux commandes pass\u00e9es via notre boutique en ligne https:\/\/fashion-wall.de <br><br>\n(2) La pr\u00e9sentation des marchandises dans notre boutique en ligne est sans engagement et ne constitue pas une offre de contrat juridiquement contraignante de notre part, mais est uniquement une invitation non contraignante pour le consommateur \u00e0 commander des marchandises. En commandant la marchandise souhait\u00e9e, le client fait une offre de conclusion d'un contrat de vente qui le lie.<br><br>\n(3) Les r\u00e8gles suivantes s'appliquent \u00e0 la r\u00e9ception d'une commande dans notre boutique en ligne : Le client fait une offre de contrat ferme en suivant avec succ\u00e8s la proc\u00e9dure de commande pr\u00e9vue dans notre boutique en ligne :<br><br>\n1) S\u00e9lectionner le produit souhait\u00e9,<br>\n2) Ajouter les produits en cliquant sur le bouton correspondant (par ex. \"Ajouter au panier\", \"Ajouter au panier\", \"Commander\", ou autre),<br>\n3) V\u00e9rification des informations dans le panier d'achat,<br>\n4) Actionnement en cliquant sur le bouton es correspondant (par ex. \"\u00e0 la caisse\", \"continuer \u00e0 la caisse\", \"continuer au paiement\", \"au r\u00e9capitulatif de la commande\" ou similaire),<br>\n5) Saisie\/v\u00e9rification des donn\u00e9es d'adresse et de contact, s\u00e9lection du mode de paiement, confirmation des CGV et de l'information sur le droit de r\u00e9tractation ou connexion \u00e0 la boutique Internet apr\u00e8s enregistrement et saisie des donn\u00e9es de connexion (adresse e-mail et mot de passe),<br>\n6) V\u00e9rifier \u00e0 nouveau ou corriger les donn\u00e9es respectives saisies,<br>7) Conclusion de la commande en cliquant sur le bouton \"commande payante\", \"acheter\", \"acheter maintenant\", ou similaire. Ceci constitue votre commande ferme.<br><br>(4) Le vendeur peut accepter l'offre du client dans un d\u00e9lai de cinq jours,\n\n<ul class=\"ul1\">\n \t<li class=\"li1\">en transmettant au client une confirmation \u00e9crite de la commande ou une confirmation de commande ou une confirmation de commande sous forme de texte (fax ou e-mail), la r\u00e9ception de la confirmation de commande par le client \u00e9tant \u00e0 cet \u00e9gard d\u00e9terminante, ou<\/li>\n \t<li class=\"li1\">en livrant au client la marchandise command\u00e9e, la r\u00e9ception de la marchandise par le client \u00e9tant \u00e0 cet \u00e9gard d\u00e9terminante, ou<\/li>\n \t<li class=\"li1\">en demandant au client de payer apr\u00e8s avoir pass\u00e9 sa commande.<\/li>\n<\/ul>\n<p class=\"p1\">Si plusieurs des alternatives susmentionn\u00e9es existent, le contrat est conclu au moment o\u00f9 l'une des alternatives susmentionn\u00e9es se r\u00e9alise en premier. Si le vendeur n'accepte pas l'offre du client dans le d\u00e9lai susmentionn\u00e9, il est consid\u00e9r\u00e9 comme ayant rejet\u00e9 l'offre, ce qui a pour cons\u00e9quence que le client n'est plus li\u00e9 par sa d\u00e9claration d'intention.<\/p>\n<p class=\"p1\">(5) En cas de conclusion du contrat, le contrat est conclu avec Iduna Health &amp; Beauty GmbH, Beckers Garten 11, 53179 Bonn, Allemagne.<\/p>\n<p class=\"p4\">(6) Avant de passer commande, les donn\u00e9es contractuelles peuvent \u00eatre imprim\u00e9es ou sauvegard\u00e9es \u00e9lectroniquement gr\u00e2ce \u00e0 la fonction d'impression du navigateur. Le traitement de la commande et la transmission de toutes les informations n\u00e9cessaires en rapport avec la conclusion du contrat, en particulier les donn\u00e9es de la commande, les CGV et l'information sur le droit de r\u00e9tractation, s'effectuent par e-mail apr\u00e8s le d\u00e9clenchement de la commande par vos soins, en partie de mani\u00e8re automatis\u00e9e. Nous n'enregistrons pas le texte du contrat apr\u00e8s la conclusion du contrat.<\/p>\n<p class=\"p1\"><span class=\"s2\">(7) <\/span>Le consommateur peut, avant l'envoi ferme de la commande<span class=\"Apple-converted-space\">\u00a0 <\/span>en cours d'ex\u00e9cution, en utilisant les fonctions habituelles du clavier et de la souris, en appuyant sur la touche \"retour\" contenue dans le navigateur Internet qu'il utilise, apr\u00e8s avoir contr\u00f4l\u00e9 ses donn\u00e9es, de revenir \u00e0 la page Internet sur laquelle les donn\u00e9es du client sont saisies et de corriger les erreurs de saisie ou d'interrompre le processus de commande en fermant le navigateur Internet.<\/p>\n<p class=\"p1\">(8) Enregistrement du texte du contrat en cas de commande via notre boutique Internet : nous enregistrons le texte du contrat et vous envoyons les donn\u00e9es de la commande et nos CGV par e-mail. Vous pouvez \u00e9galement consulter les CGV \u00e0 tout moment sur https:\/\/www.fashion-wall.de\/agb.html. Vous pouvez consulter vos commandes pass\u00e9es dans notre espace client sous Mon compte -&gt; Mes commandes.<\/p>\n<p class=\"p1\">(9) Seule la langue allemande est disponible pour la conclusion du contrat.<\/p>\n<p class=\"p1\">(10) Le traitement de la commande et la transmission de toutes les informations n\u00e9cessaires \u00e0 la conclusion du contrat se font en partie de mani\u00e8re automatis\u00e9e par e-mail. Vous devez donc vous assurer que l'adresse e-mail que vous avez enregistr\u00e9e chez nous est correcte, que la r\u00e9ception des e-mails est techniquement garantie et qu'elle n'est notamment pas emp\u00each\u00e9e par des filtres SPAM.<\/p>\n<p class=\"p1\"><b>\u00a73 Prix et conditions de paiement<\/b><\/p>\n<p class=\"p1\">(1)<span class=\"Apple-converted-space\">\u00a0 <\/span>Sauf indication contraire dans l'offre du vendeur, les prix indiqu\u00e9s sont des prix finaux qui incluent la taxe sur la valeur ajout\u00e9e l\u00e9gale. En plus des prix indiqu\u00e9s, des frais d'exp\u00e9dition peuvent \u00eatre factur\u00e9s pour la livraison des produits, dans la mesure o\u00f9 l'article concern\u00e9 n'est pas indiqu\u00e9 comme \u00e9tant sans frais d'exp\u00e9dition. Les frais d'exp\u00e9dition vous sont \u00e0 nouveau clairement indiqu\u00e9s sur les offres, le cas \u00e9ch\u00e9ant dans le syst\u00e8me de panier et sur le r\u00e9capitulatif de la commande.<\/p>\n<p class=\"p1\">(2) Pour les livraisons dans des pays en dehors de l'Union europ\u00e9enne, d'autres frais non imputables au vendeur et \u00e0 la charge du client peuvent \u00eatre occasionn\u00e9s dans certains cas. Il s'agit par exemple des frais de transfert d'argent par les instituts de cr\u00e9dit (p. ex. frais de virement, frais de change) ou des droits ou taxes d'importation (p. ex. droits de douane).<\/p>\n<p class=\"p1\">(3) Le prix d'achat respectif doit \u00eatre pay\u00e9 avant la livraison du produit (paiement anticip\u00e9), sauf si nous proposons express\u00e9ment l'achat sur facture. Les modes de paiement \u00e0 votre disposition sont indiqu\u00e9s sous un bouton d\u00e9sign\u00e9 en cons\u00e9quence dans la boutique en ligne ou dans l'offre correspondante. Sauf indication contraire dans les diff\u00e9rents modes de paiement, le prix d'achat est d\u00fb imm\u00e9diatement \u00e0 la commande.<\/p>\n<p class=\"p1\"><span class=\"s2\">(4) <\/span>Le client dispose de diff\u00e9rentes possibilit\u00e9s de paiement, qui sont indiqu\u00e9es dans la boutique en ligne du vendeur.<\/p>\n<p class=\"p1\"><b>\u00a74 Conditions de livraison et d'exp\u00e9dition<\/b><\/p>\n<p class=\"p4\">(1) La livraison des marchandises s'effectue par voie d'exp\u00e9dition \u00e0 l'adresse de livraison indiqu\u00e9e par le client, sauf accord contraire. Lors de l'ex\u00e9cution de la transaction, l'adresse de livraison indiqu\u00e9e dans le traitement de la commande du vendeur fait foi.<\/p>\n<p class=\"p4\">(2) Si l'entreprise de transport renvoie la marchandise exp\u00e9di\u00e9e au vendeur parce qu'une livraison chez le client n'a pas \u00e9t\u00e9 possible, le client supporte les frais d'exp\u00e9dition infructueuse.<\/p>\n<p class=\"p1\"><span class=\"s2\">(3) <\/span>Pour tous les produits propos\u00e9s, le d\u00e9lai de livraison est de 7 \u00e0 10 jours ouvrables \u00e0 compter de la r\u00e9ception du paiement, sauf indication contraire dans la description du produit concern\u00e9. Si le d\u00e9lai expire un samedi, un dimanche ou un jour f\u00e9ri\u00e9 l\u00e9gal au lieu de livraison, le d\u00e9lai expire le jour ouvrable suivant.<\/p>\n<p class=\"p1\"><b>\u00a75 Retour<\/b><\/p>\n<p class=\"p1\">(1) Le d\u00e9lai de retour est de 14 jours ouvrables \u00e0 compter de la r\u00e9ception de la marchandise, \u00e0 condition que tous les articles aient \u00e9t\u00e9 retourn\u00e9s dans l'\u00e9tat dans lequel ils se trouvaient \u00e0 la r\u00e9ception. Cela signifie que les articles ne doivent pas avoir \u00e9t\u00e9 endommag\u00e9s, salis, lav\u00e9s, modifi\u00e9s ou port\u00e9s (\u00e0 l'exception de l'essayage). De plus, toutes les \u00e9tiquettes d'origine doivent \u00eatre intactes.<\/p>\n<p class=\"p1\">(2) Les frais de r\u00e9exp\u00e9dition doivent \u00eatre pris en charge par l'acheteur.<\/p>\n<p class=\"p1\">(3) Les sous-v\u00eatements et les maillots de bain \u00e9tant des articles d'hygi\u00e8ne, ils ne peuvent pas \u00eatre \u00e9chang\u00e9s. Si la marchandise devait tout de m\u00eame \u00eatre retourn\u00e9e, le vendeur la renverra au client et lui facturera les frais d'envoi.<\/p>\n<p class=\"p1\">(4) En cas de retour, envoyer au pr\u00e9alable un e-mail \u00e0 <a href=\"mailto:support@fashion-wall.de\"><span class=\"s3\">support@fashion-wall.de<\/span><\/a> en indiquant le num\u00e9ro de commande dans l'objet du mail pour obtenir plus d'informations sur les retours.<\/p>\n<p class=\"p1\"><b>\u00a76 R\u00e9tention, r\u00e9serve de propri\u00e9t\u00e9<\/b><\/p>\n<p class=\"p1\">(1) Le client ne dispose d'un droit de compensation que si ses contre-pr\u00e9tentions ont \u00e9t\u00e9 constat\u00e9es judiciairement par d\u00e9cision ayant acquis force de chose jug\u00e9e ou si nous les avons reconnues. Le client n'est autoris\u00e9 \u00e0 exercer un droit de r\u00e9tention que dans la mesure o\u00f9 sa contre-pr\u00e9tention repose sur le m\u00eame rapport contractuel.<\/p>\n<p class=\"p1\">(2) Nous nous r\u00e9servons la propri\u00e9t\u00e9 de la marchandise jusqu'au paiement int\u00e9gral du prix d'achat.<\/p>\n<p class=\"p1\"><b>\u00a77 Garantie<\/b><\/p>\n<p class=\"p1\">Les dispositions l\u00e9gales en mati\u00e8re de garantie s'appliquent.<\/p>\n<p class=\"p1\"><b>\u00a78 Responsabilit\u00e9<\/b><\/p>\n<p class=\"p1\">(1) Sous r\u00e9serve des exceptions suivantes, notre responsabilit\u00e9 pour les violations d'obligations contractuelles ainsi que pour les actes illicites est limit\u00e9e \u00e0 la pr\u00e9m\u00e9ditation ou \u00e0 la n\u00e9gligence grave.<\/p>\n<p class=\"p1\">(2) En cas de n\u00e9gligence l\u00e9g\u00e8re, notre responsabilit\u00e9 est illimit\u00e9e en cas d'atteinte \u00e0 la vie, \u00e0 l'int\u00e9grit\u00e9 physique ou \u00e0 la sant\u00e9 ou en cas de violation d'une obligation contractuelle essentielle. Si nous sommes en retard dans l'ex\u00e9cution de la prestation en raison d'une n\u00e9gligence l\u00e9g\u00e8re, si la prestation est devenue impossible ou si nous avons manqu\u00e9 \u00e0 une obligation essentielle du contrat, la responsabilit\u00e9 pour les dommages mat\u00e9riels et p\u00e9cuniaires qui en d\u00e9coulent est limit\u00e9e aux dommages pr\u00e9visibles typiques du contrat. Une obligation contractuelle essentielle est une obligation dont l'ex\u00e9cution permet l'ex\u00e9cution en bonne et due forme du contrat, dont la violation compromet la r\u00e9alisation de l'objectif du contrat et dont vous pouvez r\u00e9guli\u00e8rement attendre le respect. Cela comprend notamment notre obligation d'agir et d'ex\u00e9cuter la prestation due au titre du contrat, d\u00e9crite au \u00a7 3. Par ailleurs, toute demande de dommages et int\u00e9r\u00eats est exclue.<\/p>\n<p class=\"p1\"><b>\u00a79 Droit applicable<\/b><\/p>\n<p class=\"p1\">(1) Toutes les relations juridiques entre les parties sont r\u00e9gies par le droit de la R\u00e9publique f\u00e9d\u00e9rale d'Allemagne, \u00e0 l'exclusion des lois sur la vente internationale de biens mobiliers.<\/p>\n<p class=\"p1\">Pour les consommateurs, ce choix de loi ne s'applique que dans la mesure o\u00f9 la protection accord\u00e9e n'est pas retir\u00e9e par des dispositions imp\u00e9ratives de la loi du pays dans lequel le consommateur a sa r\u00e9sidence habituelle.<\/p>\n<p class=\"p1\">(2) Si le client agit en tant que commer\u00e7ant, personne morale de droit public ou fonds sp\u00e9cial de droit public ayant son si\u00e8ge sur le territoire de la R\u00e9publique f\u00e9d\u00e9rale d'Allemagne, le tribunal comp\u00e9tent exclusif pour tous les litiges d\u00e9coulant du pr\u00e9sent contrat est celui du si\u00e8ge social du vendeur. Si le client est domicili\u00e9 en dehors du territoire de la R\u00e9publique f\u00e9d\u00e9rale d'Allemagne, le si\u00e8ge social du vendeur est le seul tribunal comp\u00e9tent pour tous les litiges d\u00e9coulant du pr\u00e9sent contrat, si le contrat ou les pr\u00e9tentions d\u00e9coulant du contrat peuvent \u00eatre imput\u00e9s \u00e0 l'activit\u00e9 professionnelle ou commerciale du client. Dans les cas susmentionn\u00e9s, le vendeur est cependant en tout cas autoris\u00e9 \u00e0 saisir le tribunal du si\u00e8ge du client.<\/p>\n<p class=\"p1\"><b>\u00a710<span class=\"Apple-converted-space\">\u00a0 <\/span>Droit de r\u00e9tractation du client en tant que consommateur :<\/b><\/p>\n<p class=\"p1\">Les consommateurs disposent en principe d'un droit de r\u00e9tractation. Pour plus d'informations sur le droit de r\u00e9tractation, veuillez consulter les instructions de r\u00e9tractation du vendeur.<\/p>\n<p class=\"p1\"><b>\u00a711 Clause de sauvegarde<\/b><\/p>\n<p class=\"p1\">Si certaines dispositions du pr\u00e9sent contrat deviennent caduques ou inex\u00e9cutables ou si elles deviennent caduques ou inex\u00e9cutables apr\u00e8s la conclusion du contrat, la validit\u00e9 des autres dispositions n'est pas affect\u00e9e. La disposition invalide ou inex\u00e9cutable est remplac\u00e9e par des dispositions ex\u00e9cutables et efficaces dont les effets se rapprochent le plus de l'objectif \u00e9conomique que les parties contractantes poursuivaient avec la disposition invalide ou inex\u00e9cutable. Les dispositions susmentionn\u00e9es s'appliquent \u00e9galement au cas o\u00f9 le contrat s'av\u00e9rerait incomplet.<\/p>\n<p class=\"p1\">Source : agb.de<\/p>\t\t\t\t\t\t<\/div>\n\t\t\t\t<\/div>\n\t\t\t\t\t<\/div>\n\t\t<\/div>\n\t\t\t\t\t\t\t<\/div>\n\t\t<\/section>\n\t\t\t\t\t\t\t<\/div>","protected":false},"excerpt":{"rendered":"<p>AGB AGB \u00a71 Geltungsbereich, Begriffsdefinitionen (1) Die nachfolgenden Allgemeinen Gesch\u00e4ftsbedingungen (nachfolgend \u201eAGB\u201c) des Online-Shops unter der Webseite https:\/\/fashion-Wall.de, betrieben durch<\/p>","protected":false},"author":1,"featured_media":0,"parent":0,"menu_order":0,"comment_status":"closed","ping_status":"closed","template":"","meta":{"footnotes":""},"yoast_head":"<!-- This site is optimized with the Yoast SEO plugin v21.1 - https:\/\/yoast.com\/wordpress\/plugins\/seo\/ -->\n<title>AGB - Fashion Wall<\/title>\n<meta name=\"robots\" content=\"index, follow, max-snippet:-1, max-image-preview:large, max-video-preview:-1\" \/>\n<link rel=\"canonical\" href=\"https:\/\/fashion-wall.de\/fr\/agb\/\" \/>\n<meta property=\"og:locale\" content=\"fr_FR\" \/>\n<meta property=\"og:type\" content=\"article\" \/>\n<meta property=\"og:title\" content=\"AGB - Fashion Wall\" \/>\n<meta property=\"og:description\" content=\"AGB AGB \u00a71 Geltungsbereich, Begriffsdefinitionen (1) Die nachfolgenden Allgemeinen Gesch\u00e4ftsbedingungen (nachfolgend \u201eAGB\u201c) des Online-Shops unter der Webseite https:\/\/fashion-Wall.de, betrieben durch\" \/>\n<meta property=\"og:url\" content=\"https:\/\/fashion-wall.de\/fr\/agb\/\" \/>\n<meta property=\"og:site_name\" content=\"Fashion Wall\" \/>\n<meta property=\"article:modified_time\" content=\"2023-09-29T15:24:43+00:00\" \/>\n<meta name=\"twitter:card\" content=\"summary_large_image\" \/>\n<meta name=\"twitter:label1\" content=\"Dur\u00e9e de lecture estim\u00e9e\" \/>\n\t<meta name=\"twitter:data1\" content=\"9 minutes\" \/>\n<script type=\"application\/ld+json\" class=\"yoast-schema-graph\">{\"@context\":\"https:\/\/schema.org\",\"@graph\":[{\"@type\":\"WebPage\",\"@id\":\"https:\/\/fashion-wall.de\/agb\/\",\"url\":\"https:\/\/fashion-wall.de\/agb\/\",\"name\":\"AGB - Fashion Wall\",\"isPartOf\":{\"@id\":\"https:\/\/fashion-wall.de\/#website\"},\"datePublished\":\"2023-09-10T10:15:01+00:00\",\"dateModified\":\"2023-09-29T15:24:43+00:00\",\"breadcrumb\":{\"@id\":\"https:\/\/fashion-wall.de\/agb\/#breadcrumb\"},\"inLanguage\":\"fr-FR\",\"potentialAction\":[{\"@type\":\"ReadAction\",\"target\":[\"https:\/\/fashion-wall.de\/agb\/\"]}]},{\"@type\":\"BreadcrumbList\",\"@id\":\"https:\/\/fashion-wall.de\/agb\/#breadcrumb\",\"itemListElement\":[{\"@type\":\"ListItem\",\"position\":1,\"name\":\"Home\",\"item\":\"https:\/\/fashion-wall.de\/\"},{\"@type\":\"ListItem\",\"position\":2,\"name\":\"AGB\"}]},{\"@type\":\"WebSite\",\"@id\":\"https:\/\/fashion-wall.de\/#website\",\"url\":\"https:\/\/fashion-wall.de\/\",\"name\":\"Fashion Wall\",\"description\":\"\",\"publisher\":{\"@id\":\"https:\/\/fashion-wall.de\/#organization\"},\"potentialAction\":[{\"@type\":\"SearchAction\",\"target\":{\"@type\":\"EntryPoint\",\"urlTemplate\":\"https:\/\/fashion-wall.de\/?s={search_term_string}\"},\"query-input\":\"required name=search_term_string\"}],\"inLanguage\":\"fr-FR\"},{\"@type\":\"Organization\",\"@id\":\"https:\/\/fashion-wall.de\/#organization\",\"name\":\"Fashion Wall\",\"url\":\"https:\/\/fashion-wall.de\/\",\"logo\":{\"@type\":\"ImageObject\",\"inLanguage\":\"fr-FR\",\"@id\":\"https:\/\/fashion-wall.de\/#\/schema\/logo\/image\/\",\"url\":\"http:\/\/fashion-wall.de\/wp-content\/uploads\/2023\/09\/Logo-Fashion-Wall.png\",\"contentUrl\":\"http:\/\/fashion-wall.de\/wp-content\/uploads\/2023\/09\/Logo-Fashion-Wall.png\",\"width\":851,\"height\":341,\"caption\":\"Fashion Wall\"},\"image\":{\"@id\":\"https:\/\/fashion-wall.de\/#\/schema\/logo\/image\/\"}}]}<\/script>\n<!-- \/ Yoast SEO plugin. -->","yoast_head_json":{"title":"AGB - Fashion Wall","robots":{"index":"index","follow":"follow","max-snippet":"max-snippet:-1","max-image-preview":"max-image-preview:large","max-video-preview":"max-video-preview:-1"},"canonical":"https:\/\/fashion-wall.de\/fr\/agb\/","og_locale":"fr_FR","og_type":"article","og_title":"AGB - Fashion Wall","og_description":"AGB AGB \u00a71 Geltungsbereich, Begriffsdefinitionen (1) Die nachfolgenden Allgemeinen Gesch\u00e4ftsbedingungen (nachfolgend \u201eAGB\u201c) des Online-Shops unter der Webseite https:\/\/fashion-Wall.de, betrieben durch","og_url":"https:\/\/fashion-wall.de\/fr\/agb\/","og_site_name":"Fashion Wall","article_modified_time":"2023-09-29T15:24:43+00:00","twitter_card":"summary_large_image","twitter_misc":{"Dur\u00e9e de lecture estim\u00e9e":"9 minutes"},"schema":{"@context":"https:\/\/schema.org","@graph":[{"@type":"WebPage","@id":"https:\/\/fashion-wall.de\/agb\/","url":"https:\/\/fashion-wall.de\/agb\/","name":"AGB - Fashion Wall","isPartOf":{"@id":"https:\/\/fashion-wall.de\/#website"},"datePublished":"2023-09-10T10:15:01+00:00","dateModified":"2023-09-29T15:24:43+00:00","breadcrumb":{"@id":"https:\/\/fashion-wall.de\/agb\/#breadcrumb"},"inLanguage":"fr-FR","potentialAction":[{"@type":"ReadAction","target":["https:\/\/fashion-wall.de\/agb\/"]}]},{"@type":"BreadcrumbList","@id":"https:\/\/fashion-wall.de\/agb\/#breadcrumb","itemListElement":[{"@type":"ListItem","position":1,"name":"Home","item":"https:\/\/fashion-wall.de\/"},{"@type":"ListItem","position":2,"name":"AGB"}]},{"@type":"WebSite","@id":"https:\/\/fashion-wall.de\/#website","url":"https:\/\/fashion-wall.de\/","name":"Fashion Wall","description":"","publisher":{"@id":"https:\/\/fashion-wall.de\/#organization"},"potentialAction":[{"@type":"SearchAction","target":{"@type":"EntryPoint","urlTemplate":"https:\/\/fashion-wall.de\/?s={search_term_string}"},"query-input":"required name=search_term_string"}],"inLanguage":"fr-FR"},{"@type":"Organization","@id":"https:\/\/fashion-wall.de\/#organization","name":"Fashion Wall","url":"https:\/\/fashion-wall.de\/","logo":{"@type":"ImageObject","inLanguage":"fr-FR","@id":"https:\/\/fashion-wall.de\/#\/schema\/logo\/image\/","url":"http:\/\/fashion-wall.de\/wp-content\/uploads\/2023\/09\/Logo-Fashion-Wall.png","contentUrl":"http:\/\/fashion-wall.de\/wp-content\/uploads\/2023\/09\/Logo-Fashion-Wall.png","width":851,"height":341,"caption":"Fashion Wall"},"image":{"@id":"https:\/\/fashion-wall.de\/#\/schema\/logo\/image\/"}}]}},"_links":{"self":[{"href":"https:\/\/fashion-wall.de\/fr\/wp-json\/wp\/v2\/pages\/15874"}],"collection":[{"href":"https:\/\/fashion-wall.de\/fr\/wp-json\/wp\/v2\/pages"}],"about":[{"href":"https:\/\/fashion-wall.de\/fr\/wp-json\/wp\/v2\/types\/page"}],"author":[{"embeddable":true,"href":"https:\/\/fashion-wall.de\/fr\/wp-json\/wp\/v2\/users\/1"}],"replies":[{"embeddable":true,"href":"https:\/\/fashion-wall.de\/fr\/wp-json\/wp\/v2\/comments?post=15874"}],"version-history":[{"count":16,"href":"https:\/\/fashion-wall.de\/fr\/wp-json\/wp\/v2\/pages\/15874\/revisions"}],"predecessor-version":[{"id":16916,"href":"https:\/\/fashion-wall.de\/fr\/wp-json\/wp\/v2\/pages\/15874\/revisions\/16916"}],"wp:attachment":[{"href":"https:\/\/fashion-wall.de\/fr\/wp-json\/wp\/v2\/media?parent=15874"}],"curies":[{"name":"wp","href":"https:\/\/api.w.org\/{rel}","templated":true}]}}