{"id":16976,"date":"2023-09-30T15:35:12","date_gmt":"2023-09-30T15:35:12","guid":{"rendered":"https:\/\/fashion-wall.de\/?page_id=16976"},"modified":"2023-12-29T22:01:24","modified_gmt":"2023-12-29T22:01:24","slug":"shipping-time-and-costs","status":"publish","type":"page","link":"https:\/\/fashion-wall.de\/fr\/shipping-time-and-costs\/","title":{"rendered":"Exp\u00e9dition et livraison"},"content":{"rendered":"<div data-elementor-type=\"wp-page\" data-elementor-id=\"16976\" class=\"elementor elementor-16976\" data-elementor-post-type=\"page\">\n\t\t\t\t\t\t\t\t\t<section class=\"elementor-section elementor-top-section elementor-element elementor-element-54c1425b elementor-section-boxed elementor-section-height-default elementor-section-height-default wd-section-disabled\" data-id=\"54c1425b\" data-element_type=\"section\" data-settings=\"{&quot;background_background&quot;:&quot;classic&quot;}\">\n\t\t\t\t\t\t<div class=\"elementor-container elementor-column-gap-default\">\n\t\t\t\t\t<div class=\"elementor-column elementor-col-100 elementor-top-column elementor-element elementor-element-1dcc27e2\" data-id=\"1dcc27e2\" data-element_type=\"column\">\n\t\t\t<div class=\"elementor-widget-wrap elementor-element-populated\">\n\t\t\t\t\t\t\t\t<section class=\"elementor-section elementor-inner-section elementor-element elementor-element-3685131c elementor-section-boxed elementor-section-height-default elementor-section-height-default wd-section-disabled\" data-id=\"3685131c\" data-element_type=\"section\">\n\t\t\t\t\t\t<div class=\"elementor-container elementor-column-gap-default\">\n\t\t\t\t\t<div class=\"elementor-column elementor-col-100 elementor-inner-column elementor-element elementor-element-71bbe0ad\" data-id=\"71bbe0ad\" data-element_type=\"column\">\n\t\t\t<div class=\"elementor-widget-wrap elementor-element-populated\">\n\t\t\t\t\t\t\t\t<div class=\"elementor-element elementor-element-2a8bc019 elementor-widget elementor-widget-elementskit-heading\" data-id=\"2a8bc019\" data-element_type=\"widget\" data-widget_type=\"elementskit-heading.default\">\n\t\t\t\t<div class=\"elementor-widget-container\">\n\t\t\t<div class=\"ekit-wid-con\" ><div class=\"ekit-heading elementskit-section-title-wraper center   ekit_heading_tablet-   ekit_heading_mobile-\"><h2 class=\"ekit-heading--title elementskit-section-title\">Frais d'exp\u00e9dition et d\u00e9lai de livraison<\/h2><\/div><\/div>\t\t<\/div>\n\t\t\t\t<\/div>\n\t\t\t\t<div class=\"elementor-element elementor-element-43a000c3 elementor-absolute elementor-widget elementor-widget-elementskit-heading\" data-id=\"43a000c3\" data-element_type=\"widget\" data-settings=\"{&quot;_position&quot;:&quot;absolute&quot;}\" data-widget_type=\"elementskit-heading.default\">\n\t\t\t\t<div class=\"elementor-widget-container\">\n\t\t\t<div class=\"ekit-wid-con\" ><div class=\"ekit-heading elementskit-section-title-wraper center   ekit_heading_tablet-   ekit_heading_mobile-\"><h2 class=\"ekit-heading--title elementskit-section-title\">Exp\u00e9dition<\/h2><\/div><\/div>\t\t<\/div>\n\t\t\t\t<\/div>\n\t\t\t\t\t<\/div>\n\t\t<\/div>\n\t\t\t\t\t\t\t<\/div>\n\t\t<\/section>\n\t\t\t\t<div class=\"elementor-element elementor-element-0d9f8be color-scheme-inherit text-left elementor-widget elementor-widget-text-editor\" data-id=\"0d9f8be\" data-element_type=\"widget\" data-widget_type=\"text-editor.default\">\n\t\t\t\t<div class=\"elementor-widget-container\">\n\t\t\t<style>\/*! elementor - v3.16.0 - 14-09-2023 *\/\n.elementor-widget-text-editor.elementor-drop-cap-view-stacked .elementor-drop-cap{background-color:#69727d;color:#fff}.elementor-widget-text-editor.elementor-drop-cap-view-framed .elementor-drop-cap{color:#69727d;border:3px solid;background-color:transparent}.elementor-widget-text-editor:not(.elementor-drop-cap-view-default) .elementor-drop-cap{margin-top:8px}.elementor-widget-text-editor:not(.elementor-drop-cap-view-default) .elementor-drop-cap-letter{width:1em;height:1em}.elementor-widget-text-editor .elementor-drop-cap{float:left;text-align:center;line-height:1;font-size:50px}.elementor-widget-text-editor .elementor-drop-cap-letter{display:inline-block}<\/style>\t\t\t\t<p><b style=\"font-size: 14px; color: var(--wd-text-color);\">Frais d'exp\u00e9dition<\/b><\/p>\n<ul style=\"box-sizing: inherit; margin: 1em; padding-left: 0px; font-size: 14px; list-style-type: none; margin-inline-start: 2em;\">\n<li style=\"box-sizing: inherit; margin-bottom: 0px; font-size: inherit; list-style: outside disc;\">envoi assur\u00e9 par notre partenaire premium DHL par DHL Standard : 4,99 EUR<\/li>\n<\/ul>\n<p><span style=\"font-size: inherit; color: var(--wd-text-color);\">Nous voulons pr\u00e9server notre environnement en rendant nos mat\u00e9riaux d'emballage aussi durables que possible \u267b\ufe0f<\/span><\/p>\n<p>Si vous commandez chez nous, dans le cadre d'une m\u00eame commande, plusieurs articles pour lesquels des d\u00e9lais de livraison diff\u00e9rents s'appliquent, nous exp\u00e9dions la marchandise dans un envoi commun, sauf accord contraire avec vous. Dans ce cas, le d\u00e9lai de livraison applicable \u00e0 l'ensemble de l'envoi de marchandises est celui qui s'applique \u00e0 l'article de votre commande dont le d\u00e9lai de livraison est le plus long.<span style=\"font-size: inherit; color: var(--wd-text-color);\"><br><\/span><\/p>\n<p style=\"box-sizing: inherit; margin-bottom: 1em; font-size: inherit;\"><span style=\"box-sizing: inherit; font-weight: bold; font-size: inherit;\">D\u00e9lai de livraison<\/span><\/p>\n<ul>\n<li style=\"box-sizing: inherit; font-size: inherit;\">Livraison en Allemagne dans un d\u00e9lai de 7 \u00e0 10 jours ouvrables <\/li>\n<\/ul>\n<p>Le d\u00e9lai de livraison commence \u00e0 courir le jour de la r\u00e9ception du paiement par l'\u00e9tablissement de cr\u00e9dit qui a effectu\u00e9 le virement et se termine \u00e0 l'expiration du dernier jour du d\u00e9lai de paiement. Si le dernier jour du d\u00e9lai tombe un dimanche ou un jour f\u00e9ri\u00e9 g\u00e9n\u00e9ral reconnu par l'\u00c9tat au lieu de livraison, le jour ouvrable suivant se substitue \u00e0 un tel jour.&nbsp;<\/p>\t\t\t\t\t\t<\/div>\n\t\t\t\t<\/div>\n\t\t\t\t\t<\/div>\n\t\t<\/div>\n\t\t\t\t\t\t\t<\/div>\n\t\t<\/section>\n\t\t\t\t\t\t\t<\/div>","protected":false},"excerpt":{"rendered":"<p>Frais d'exp\u00e9dition et d\u00e9lai de livraison Frais d'exp\u00e9dition Exp\u00e9dition assur\u00e9e par notre partenaire premium DHL par DHL Standard : 4,99 EUR Nous voulons pr\u00e9server notre environnement<\/p>","protected":false},"author":1,"featured_media":0,"parent":0,"menu_order":0,"comment_status":"closed","ping_status":"closed","template":"","meta":{"footnotes":""},"yoast_head":"<!-- This site is optimized with the Yoast SEO plugin v21.1 - https:\/\/yoast.com\/wordpress\/plugins\/seo\/ -->\n<title>Versand und Lieferung - Fashion Wall<\/title>\n<meta name=\"robots\" content=\"index, follow, max-snippet:-1, max-image-preview:large, max-video-preview:-1\" \/>\n<link rel=\"canonical\" href=\"https:\/\/fashion-wall.de\/fr\/shipping-time-and-costs\/\" \/>\n<meta property=\"og:locale\" content=\"fr_FR\" \/>\n<meta property=\"og:type\" content=\"article\" \/>\n<meta property=\"og:title\" content=\"Versand und Lieferung - Fashion Wall\" \/>\n<meta property=\"og:description\" content=\"Versandkosten und Lieferzeit Versand Versandkosten versicherter Versand mit unserem Premiumpartner DHL per DHL Standard: 4,99 EUR Wir wollen unsere Umwelt\" \/>\n<meta property=\"og:url\" content=\"https:\/\/fashion-wall.de\/fr\/shipping-time-and-costs\/\" \/>\n<meta property=\"og:site_name\" content=\"Fashion Wall\" \/>\n<meta property=\"article:modified_time\" content=\"2023-12-29T22:01:24+00:00\" \/>\n<meta name=\"twitter:card\" content=\"summary_large_image\" \/>\n<meta name=\"twitter:label1\" content=\"Dur\u00e9e de lecture estim\u00e9e\" \/>\n\t<meta name=\"twitter:data1\" content=\"1 minute\" \/>\n<script type=\"application\/ld+json\" class=\"yoast-schema-graph\">{\"@context\":\"https:\/\/schema.org\",\"@graph\":[{\"@type\":\"WebPage\",\"@id\":\"https:\/\/fashion-wall.de\/shipping-time-and-costs\/\",\"url\":\"https:\/\/fashion-wall.de\/shipping-time-and-costs\/\",\"name\":\"Versand und Lieferung - Fashion Wall\",\"isPartOf\":{\"@id\":\"https:\/\/fashion-wall.de\/#website\"},\"datePublished\":\"2023-09-30T15:35:12+00:00\",\"dateModified\":\"2023-12-29T22:01:24+00:00\",\"breadcrumb\":{\"@id\":\"https:\/\/fashion-wall.de\/shipping-time-and-costs\/#breadcrumb\"},\"inLanguage\":\"fr-FR\",\"potentialAction\":[{\"@type\":\"ReadAction\",\"target\":[\"https:\/\/fashion-wall.de\/shipping-time-and-costs\/\"]}]},{\"@type\":\"BreadcrumbList\",\"@id\":\"https:\/\/fashion-wall.de\/shipping-time-and-costs\/#breadcrumb\",\"itemListElement\":[{\"@type\":\"ListItem\",\"position\":1,\"name\":\"Home\",\"item\":\"https:\/\/fashion-wall.de\/\"},{\"@type\":\"ListItem\",\"position\":2,\"name\":\"Versand und Lieferung\"}]},{\"@type\":\"WebSite\",\"@id\":\"https:\/\/fashion-wall.de\/#website\",\"url\":\"https:\/\/fashion-wall.de\/\",\"name\":\"Fashion Wall\",\"description\":\"\",\"publisher\":{\"@id\":\"https:\/\/fashion-wall.de\/#organization\"},\"potentialAction\":[{\"@type\":\"SearchAction\",\"target\":{\"@type\":\"EntryPoint\",\"urlTemplate\":\"https:\/\/fashion-wall.de\/?s={search_term_string}\"},\"query-input\":\"required name=search_term_string\"}],\"inLanguage\":\"fr-FR\"},{\"@type\":\"Organization\",\"@id\":\"https:\/\/fashion-wall.de\/#organization\",\"name\":\"Fashion Wall\",\"url\":\"https:\/\/fashion-wall.de\/\",\"logo\":{\"@type\":\"ImageObject\",\"inLanguage\":\"fr-FR\",\"@id\":\"https:\/\/fashion-wall.de\/#\/schema\/logo\/image\/\",\"url\":\"http:\/\/fashion-wall.de\/wp-content\/uploads\/2023\/09\/Logo-Fashion-Wall.png\",\"contentUrl\":\"http:\/\/fashion-wall.de\/wp-content\/uploads\/2023\/09\/Logo-Fashion-Wall.png\",\"width\":851,\"height\":341,\"caption\":\"Fashion Wall\"},\"image\":{\"@id\":\"https:\/\/fashion-wall.de\/#\/schema\/logo\/image\/\"}}]}<\/script>\n<!-- \/ Yoast SEO plugin. -->","yoast_head_json":{"title":"Versand und Lieferung - Fashion Wall","robots":{"index":"index","follow":"follow","max-snippet":"max-snippet:-1","max-image-preview":"max-image-preview:large","max-video-preview":"max-video-preview:-1"},"canonical":"https:\/\/fashion-wall.de\/fr\/shipping-time-and-costs\/","og_locale":"fr_FR","og_type":"article","og_title":"Versand und Lieferung - Fashion Wall","og_description":"Versandkosten und Lieferzeit Versand Versandkosten versicherter Versand mit unserem Premiumpartner DHL per DHL Standard: 4,99 EUR Wir wollen unsere Umwelt","og_url":"https:\/\/fashion-wall.de\/fr\/shipping-time-and-costs\/","og_site_name":"Fashion Wall","article_modified_time":"2023-12-29T22:01:24+00:00","twitter_card":"summary_large_image","twitter_misc":{"Dur\u00e9e de lecture estim\u00e9e":"1 minute"},"schema":{"@context":"https:\/\/schema.org","@graph":[{"@type":"WebPage","@id":"https:\/\/fashion-wall.de\/shipping-time-and-costs\/","url":"https:\/\/fashion-wall.de\/shipping-time-and-costs\/","name":"Versand und Lieferung - Fashion Wall","isPartOf":{"@id":"https:\/\/fashion-wall.de\/#website"},"datePublished":"2023-09-30T15:35:12+00:00","dateModified":"2023-12-29T22:01:24+00:00","breadcrumb":{"@id":"https:\/\/fashion-wall.de\/shipping-time-and-costs\/#breadcrumb"},"inLanguage":"fr-FR","potentialAction":[{"@type":"ReadAction","target":["https:\/\/fashion-wall.de\/shipping-time-and-costs\/"]}]},{"@type":"BreadcrumbList","@id":"https:\/\/fashion-wall.de\/shipping-time-and-costs\/#breadcrumb","itemListElement":[{"@type":"ListItem","position":1,"name":"Home","item":"https:\/\/fashion-wall.de\/"},{"@type":"ListItem","position":2,"name":"Versand und Lieferung"}]},{"@type":"WebSite","@id":"https:\/\/fashion-wall.de\/#website","url":"https:\/\/fashion-wall.de\/","name":"Fashion Wall","description":"","publisher":{"@id":"https:\/\/fashion-wall.de\/#organization"},"potentialAction":[{"@type":"SearchAction","target":{"@type":"EntryPoint","urlTemplate":"https:\/\/fashion-wall.de\/?s={search_term_string}"},"query-input":"required name=search_term_string"}],"inLanguage":"fr-FR"},{"@type":"Organization","@id":"https:\/\/fashion-wall.de\/#organization","name":"Fashion Wall","url":"https:\/\/fashion-wall.de\/","logo":{"@type":"ImageObject","inLanguage":"fr-FR","@id":"https:\/\/fashion-wall.de\/#\/schema\/logo\/image\/","url":"http:\/\/fashion-wall.de\/wp-content\/uploads\/2023\/09\/Logo-Fashion-Wall.png","contentUrl":"http:\/\/fashion-wall.de\/wp-content\/uploads\/2023\/09\/Logo-Fashion-Wall.png","width":851,"height":341,"caption":"Fashion Wall"},"image":{"@id":"https:\/\/fashion-wall.de\/#\/schema\/logo\/image\/"}}]}},"_links":{"self":[{"href":"https:\/\/fashion-wall.de\/fr\/wp-json\/wp\/v2\/pages\/16976"}],"collection":[{"href":"https:\/\/fashion-wall.de\/fr\/wp-json\/wp\/v2\/pages"}],"about":[{"href":"https:\/\/fashion-wall.de\/fr\/wp-json\/wp\/v2\/types\/page"}],"author":[{"embeddable":true,"href":"https:\/\/fashion-wall.de\/fr\/wp-json\/wp\/v2\/users\/1"}],"replies":[{"embeddable":true,"href":"https:\/\/fashion-wall.de\/fr\/wp-json\/wp\/v2\/comments?post=16976"}],"version-history":[{"count":30,"href":"https:\/\/fashion-wall.de\/fr\/wp-json\/wp\/v2\/pages\/16976\/revisions"}],"predecessor-version":[{"id":17197,"href":"https:\/\/fashion-wall.de\/fr\/wp-json\/wp\/v2\/pages\/16976\/revisions\/17197"}],"wp:attachment":[{"href":"https:\/\/fashion-wall.de\/fr\/wp-json\/wp\/v2\/media?parent=16976"}],"curies":[{"name":"wp","href":"https:\/\/api.w.org\/{rel}","templated":true}]}}