{"id":15976,"date":"2023-09-16T10:39:18","date_gmt":"2023-09-16T10:39:18","guid":{"rendered":"https:\/\/fashion-wall.de\/?post_type=product&#038;p=15976"},"modified":"2023-09-19T20:37:01","modified_gmt":"2023-09-19T20:37:01","slug":"boxershorts-mix-6pack","status":"publish","type":"product","link":"https:\/\/fashion-wall.de\/fr\/product\/boxershorts-mix-6pack\/","title":{"rendered":"Boxers - Mix (Rouge,Bleu,Gris) Pack de 6"},"content":{"rendered":"<p><span class=\"a-list-item\"><strong>\u2713 STYLISH &amp; MASKULIN pour se BIEN-\u00caTRE :<\/strong> Les boxers originaux DON GIOVANNI pour hommes \u00e9pousent parfaitement le corps pour une sensation de fra\u00eecheur au quotidien, au travail &amp; au sport dans des couleurs \u00e9l\u00e9gantes qui respirent la jeunesse et la vitalit\u00e9 - id\u00e9al comme cadeau pour la famille, les gar\u00e7ons, le mari, le p\u00e8re et l'ami en pack avantageux de 3\/6 pi\u00e8ces<\/span><\/p>\n<p><span class=\"a-list-item\"><strong> \u2713 AJUSTEMENT PARFAIT gr\u00e2ce au COTTON STRETCH :<\/strong> design classique et italien en coton stretch doux - \u00e9lastique - pr\u00e8s du corps - sans pincement ni jambes qui s'enroulent <\/span><\/p>\n<p><span class=\"a-list-item\"><strong> \u2713 GRAND CONFORT ET RESPIRABILIT\u00c9 :<\/strong> super agr\u00e9able \u00e0 porter - confortable, extr\u00eamement doux &amp; souple - \u00e9vacue la transpiration &amp; respire - pas de transpiration inutile - pas d'\u00e9tiquette qui gratte <\/span><\/p>\n<p><span class=\"a-list-item\"><strong> \u2713 MEILLEURE QUALIT\u00c9 &amp; FINITION HAUT DE GAMME :<\/strong> fabriqu\u00e9 dans un mat\u00e9riau doux et agr\u00e9able pour la peau avec des coutures plates souples : 95% coton + 5% \u00e9lasthanne - PAS de microfibre - PAS de polyester - r\u00e9duit la transpiration <\/span><\/p>\n<p><span class=\"a-list-item\"><strong> \u2713 CON\u00c7U \u00c0 MILAN :<\/strong> Avec la vision de cr\u00e9er les meilleurs sous-v\u00eatements pour hommes, notre marque est n\u00e9e de la passion pour le design italien. DON GIOVANNI - portez la l\u00e9gende, soyez la l\u00e9gende !<\/span><\/p>","protected":false},"excerpt":{"rendered":"<p><span class=\"a-list-item\">Couleur : pack de 6 (2x bleu, 2x rouge, 2x gris)<\/span><\/p>\n<p><span class=\"a-list-item\">95% Coton + 5% \u00c9lasthanne<\/span><\/p>","protected":false},"featured_media":15972,"template":"","meta":[],"product_cat":[97,100],"product_tag":[],"yoast_head":"<!-- This site is optimized with the Yoast SEO plugin v21.1 - https:\/\/yoast.com\/wordpress\/plugins\/seo\/ -->\n<title>Boxershorts \u2013 Mix (Rot,Blau,Grau) 6er Pack - Fashion Wall<\/title>\n<meta name=\"robots\" content=\"index, follow, max-snippet:-1, max-image-preview:large, max-video-preview:-1\" \/>\n<link rel=\"canonical\" href=\"https:\/\/fashion-wall.de\/fr\/product\/boxershorts-mix-6pack\/\" \/>\n<meta property=\"og:locale\" content=\"fr_FR\" \/>\n<meta property=\"og:type\" content=\"article\" \/>\n<meta property=\"og:title\" content=\"Boxershorts \u2013 Mix (Rot,Blau,Grau) 6er Pack - Fashion Wall\" \/>\n<meta property=\"og:description\" content=\"Farbe: 6er Pack (2x Blau, 2x Rot, 2x Grau)  95% Baumwolle + 5% Elasthan\" \/>\n<meta property=\"og:url\" content=\"https:\/\/fashion-wall.de\/fr\/product\/boxershorts-mix-6pack\/\" \/>\n<meta property=\"og:site_name\" content=\"Fashion Wall\" \/>\n<meta property=\"article:modified_time\" content=\"2023-09-19T20:37:01+00:00\" \/>\n<meta property=\"og:image\" content=\"https:\/\/fashion-wall.de\/wp-content\/uploads\/2023\/09\/DG_6-Mix_Red-scaled.jpg\" \/>\n\t<meta property=\"og:image:width\" content=\"2560\" \/>\n\t<meta property=\"og:image:height\" content=\"2560\" \/>\n\t<meta property=\"og:image:type\" content=\"image\/jpeg\" \/>\n<meta name=\"twitter:card\" content=\"summary_large_image\" \/>\n<meta name=\"twitter:label1\" content=\"Dur\u00e9e de lecture estim\u00e9e\" \/>\n\t<meta name=\"twitter:data1\" content=\"1 minute\" \/>\n<script type=\"application\/ld+json\" class=\"yoast-schema-graph\">{\"@context\":\"https:\/\/schema.org\",\"@graph\":[{\"@type\":\"WebPage\",\"@id\":\"https:\/\/fashion-wall.de\/product\/boxershorts-mix-6pack\/\",\"url\":\"https:\/\/fashion-wall.de\/product\/boxershorts-mix-6pack\/\",\"name\":\"Boxershorts \u2013 Mix (Rot,Blau,Grau) 6er Pack - Fashion Wall\",\"isPartOf\":{\"@id\":\"https:\/\/fashion-wall.de\/#website\"},\"datePublished\":\"2023-09-16T10:39:18+00:00\",\"dateModified\":\"2023-09-19T20:37:01+00:00\",\"breadcrumb\":{\"@id\":\"https:\/\/fashion-wall.de\/product\/boxershorts-mix-6pack\/#breadcrumb\"},\"inLanguage\":\"fr-FR\",\"potentialAction\":[{\"@type\":\"ReadAction\",\"target\":[\"https:\/\/fashion-wall.de\/product\/boxershorts-mix-6pack\/\"]}]},{\"@type\":\"BreadcrumbList\",\"@id\":\"https:\/\/fashion-wall.de\/product\/boxershorts-mix-6pack\/#breadcrumb\",\"itemListElement\":[{\"@type\":\"ListItem\",\"position\":1,\"name\":\"Home\",\"item\":\"https:\/\/fashion-wall.de\/\"},{\"@type\":\"ListItem\",\"position\":2,\"name\":\"Shop\",\"item\":\"https:\/\/fashion-wall.de\/shop\/\"},{\"@type\":\"ListItem\",\"position\":3,\"name\":\"Boxershorts \u2013 Mix (Rot,Blau,Grau) 6er Pack\"}]},{\"@type\":\"WebSite\",\"@id\":\"https:\/\/fashion-wall.de\/#website\",\"url\":\"https:\/\/fashion-wall.de\/\",\"name\":\"Fashion Wall\",\"description\":\"\",\"publisher\":{\"@id\":\"https:\/\/fashion-wall.de\/#organization\"},\"potentialAction\":[{\"@type\":\"SearchAction\",\"target\":{\"@type\":\"EntryPoint\",\"urlTemplate\":\"https:\/\/fashion-wall.de\/?s={search_term_string}\"},\"query-input\":\"required name=search_term_string\"}],\"inLanguage\":\"fr-FR\"},{\"@type\":\"Organization\",\"@id\":\"https:\/\/fashion-wall.de\/#organization\",\"name\":\"Fashion Wall\",\"url\":\"https:\/\/fashion-wall.de\/\",\"logo\":{\"@type\":\"ImageObject\",\"inLanguage\":\"fr-FR\",\"@id\":\"https:\/\/fashion-wall.de\/#\/schema\/logo\/image\/\",\"url\":\"http:\/\/fashion-wall.de\/wp-content\/uploads\/2023\/09\/Logo-Fashion-Wall.png\",\"contentUrl\":\"http:\/\/fashion-wall.de\/wp-content\/uploads\/2023\/09\/Logo-Fashion-Wall.png\",\"width\":851,\"height\":341,\"caption\":\"Fashion Wall\"},\"image\":{\"@id\":\"https:\/\/fashion-wall.de\/#\/schema\/logo\/image\/\"}}]}<\/script>\n<!-- \/ Yoast SEO plugin. -->","yoast_head_json":{"title":"Boxershorts \u2013 Mix (Rot,Blau,Grau) 6er Pack - Fashion Wall","robots":{"index":"index","follow":"follow","max-snippet":"max-snippet:-1","max-image-preview":"max-image-preview:large","max-video-preview":"max-video-preview:-1"},"canonical":"https:\/\/fashion-wall.de\/fr\/product\/boxershorts-mix-6pack\/","og_locale":"fr_FR","og_type":"article","og_title":"Boxershorts \u2013 Mix (Rot,Blau,Grau) 6er Pack - Fashion Wall","og_description":"Farbe: 6er Pack (2x Blau, 2x Rot, 2x Grau)  95% Baumwolle + 5% Elasthan","og_url":"https:\/\/fashion-wall.de\/fr\/product\/boxershorts-mix-6pack\/","og_site_name":"Fashion Wall","article_modified_time":"2023-09-19T20:37:01+00:00","og_image":[{"width":2560,"height":2560,"url":"https:\/\/fashion-wall.de\/wp-content\/uploads\/2023\/09\/DG_6-Mix_Red-scaled.jpg","type":"image\/jpeg"}],"twitter_card":"summary_large_image","twitter_misc":{"Dur\u00e9e de lecture estim\u00e9e":"1 minute"},"schema":{"@context":"https:\/\/schema.org","@graph":[{"@type":"WebPage","@id":"https:\/\/fashion-wall.de\/product\/boxershorts-mix-6pack\/","url":"https:\/\/fashion-wall.de\/product\/boxershorts-mix-6pack\/","name":"Boxershorts \u2013 Mix (Rot,Blau,Grau) 6er Pack - Fashion Wall","isPartOf":{"@id":"https:\/\/fashion-wall.de\/#website"},"datePublished":"2023-09-16T10:39:18+00:00","dateModified":"2023-09-19T20:37:01+00:00","breadcrumb":{"@id":"https:\/\/fashion-wall.de\/product\/boxershorts-mix-6pack\/#breadcrumb"},"inLanguage":"fr-FR","potentialAction":[{"@type":"ReadAction","target":["https:\/\/fashion-wall.de\/product\/boxershorts-mix-6pack\/"]}]},{"@type":"BreadcrumbList","@id":"https:\/\/fashion-wall.de\/product\/boxershorts-mix-6pack\/#breadcrumb","itemListElement":[{"@type":"ListItem","position":1,"name":"Home","item":"https:\/\/fashion-wall.de\/"},{"@type":"ListItem","position":2,"name":"Shop","item":"https:\/\/fashion-wall.de\/shop\/"},{"@type":"ListItem","position":3,"name":"Boxershorts \u2013 Mix (Rot,Blau,Grau) 6er Pack"}]},{"@type":"WebSite","@id":"https:\/\/fashion-wall.de\/#website","url":"https:\/\/fashion-wall.de\/","name":"Fashion Wall","description":"","publisher":{"@id":"https:\/\/fashion-wall.de\/#organization"},"potentialAction":[{"@type":"SearchAction","target":{"@type":"EntryPoint","urlTemplate":"https:\/\/fashion-wall.de\/?s={search_term_string}"},"query-input":"required name=search_term_string"}],"inLanguage":"fr-FR"},{"@type":"Organization","@id":"https:\/\/fashion-wall.de\/#organization","name":"Fashion Wall","url":"https:\/\/fashion-wall.de\/","logo":{"@type":"ImageObject","inLanguage":"fr-FR","@id":"https:\/\/fashion-wall.de\/#\/schema\/logo\/image\/","url":"http:\/\/fashion-wall.de\/wp-content\/uploads\/2023\/09\/Logo-Fashion-Wall.png","contentUrl":"http:\/\/fashion-wall.de\/wp-content\/uploads\/2023\/09\/Logo-Fashion-Wall.png","width":851,"height":341,"caption":"Fashion Wall"},"image":{"@id":"https:\/\/fashion-wall.de\/#\/schema\/logo\/image\/"}}]}},"_links":{"self":[{"href":"https:\/\/fashion-wall.de\/fr\/wp-json\/wp\/v2\/product\/15976"}],"collection":[{"href":"https:\/\/fashion-wall.de\/fr\/wp-json\/wp\/v2\/product"}],"about":[{"href":"https:\/\/fashion-wall.de\/fr\/wp-json\/wp\/v2\/types\/product"}],"version-history":[{"count":5,"href":"https:\/\/fashion-wall.de\/fr\/wp-json\/wp\/v2\/product\/15976\/revisions"}],"predecessor-version":[{"id":16654,"href":"https:\/\/fashion-wall.de\/fr\/wp-json\/wp\/v2\/product\/15976\/revisions\/16654"}],"wp:featuredmedia":[{"embeddable":true,"href":"https:\/\/fashion-wall.de\/fr\/wp-json\/wp\/v2\/media\/15972"}],"wp:attachment":[{"href":"https:\/\/fashion-wall.de\/fr\/wp-json\/wp\/v2\/media?parent=15976"}],"wp:term":[{"taxonomy":"product_cat","embeddable":true,"href":"https:\/\/fashion-wall.de\/fr\/wp-json\/wp\/v2\/product_cat?post=15976"},{"taxonomy":"product_tag","embeddable":true,"href":"https:\/\/fashion-wall.de\/fr\/wp-json\/wp\/v2\/product_tag?post=15976"}],"curies":[{"name":"wp","href":"https:\/\/api.w.org\/{rel}","templated":true}]}}