{"id":16257,"date":"2023-09-17T18:50:52","date_gmt":"2023-09-17T18:50:52","guid":{"rendered":"https:\/\/fashion-wall.de\/?post_type=product&#038;p=16257"},"modified":"2023-09-22T12:08:01","modified_gmt":"2023-09-22T12:08:01","slug":"damen-hoodie-neon-orange","status":"publish","type":"product","link":"https:\/\/fashion-wall.de\/fr\/product\/damen-hoodie-neon-orange\/","title":{"rendered":"Hoodie pour femme - Neon Orange"},"content":{"rendered":"<p><strong>\u2713 HOODIES pour FEMMES :<\/strong>\u00a0Sweat \u00e0 capuche classique et intemporel pour femmes de IDUNA PARIS en coton super doux et de qualit\u00e9 sup\u00e9rieure avec int\u00e9rieur en polaire douillette.<\/p>\n<p><strong>\u2713 SENSATION DE CHALEUR :<\/strong>\u00a0mati\u00e8re polaire douce pour le luxe et le confort - chaud, coupe-vent &amp; douillet - protection contre le froid en hiver - que ce soit en plein air, pour le sport ou simplement \u00e0 la maison. Les manches longues &amp; la capuche tiennent chaud, \u00e9galement id\u00e9al comme veste d'hiver.<\/p>\n<p><strong>\u2713 MEILLEURE QUALIT\u00c9 :<\/strong>\u00a0Le confortable sweat \u00e0 capuche ou veste polaire est en coton 100% de qualit\u00e9 sup\u00e9rieure - doux et l\u00e9ger - int\u00e9rieur moelleux - poche kangourou, bas et poignets c\u00f4tel\u00e9s et \u00e9lastiques.<\/p>\n<p><strong>\u2713 POUR TOUTES LES OCCASIONS :<\/strong>\u00a0Notre pull se distingue par son grand confort - convient aux adultes, aux adolescents et aux filles - pour toutes les morphologies - pour le quotidien, les f\u00eates, comme v\u00eatement de sport, pull de travail, surv\u00eatement ou costume d'int\u00e9rieur.<\/p>\n<p><strong>\u2713 COUPE CONFORTABLE :<\/strong>\u00a0Le design intemporel de ce sweat \u00e0 capuche flatte toutes les morphologies. Regular Fit - notre mod\u00e8le mesure 1,70 m et porte la taille S. Ce sweat-shirt sportif est \u00e9galement parfait comme cadeau ou comme pull de No\u00ebl pour les jeunes et les moins jeunes.<\/p>","protected":false},"excerpt":{"rendered":"<p><strong><span class=\"a-list-item\">\u2713\u00a0 <\/span>coupe r\u00e9guli\u00e8re<\/strong><\/p>\n<p><strong><span class=\"a-list-item\">\u2713 1<\/span>00% Coton conforme \u00e0 la norme OEKO-TEX\u00ae Standard 100<\/strong><\/p>","protected":false},"featured_media":16563,"template":"","meta":[],"product_cat":[74,95],"product_tag":[],"yoast_head":"<!-- This site is optimized with the Yoast SEO plugin v21.1 - https:\/\/yoast.com\/wordpress\/plugins\/seo\/ -->\n<title>Damen Hoodie - Neon Orange - Fashion Wall<\/title>\n<meta name=\"robots\" content=\"index, follow, max-snippet:-1, max-image-preview:large, max-video-preview:-1\" \/>\n<link rel=\"canonical\" href=\"https:\/\/fashion-wall.de\/fr\/product\/damen-hoodie-neon-orange\/\" \/>\n<meta property=\"og:locale\" content=\"fr_FR\" \/>\n<meta property=\"og:type\" content=\"article\" \/>\n<meta property=\"og:title\" content=\"Damen Hoodie - Neon Orange - Fashion Wall\" \/>\n<meta property=\"og:description\" content=\"\u2713\u00a0 Regular Fit  \u2713\u00a0 100% Baumwolle\u00a0nach OEKO-TEX\u00ae Standard 100\" \/>\n<meta property=\"og:url\" content=\"https:\/\/fashion-wall.de\/fr\/product\/damen-hoodie-neon-orange\/\" \/>\n<meta property=\"og:site_name\" content=\"Fashion Wall\" \/>\n<meta property=\"article:modified_time\" content=\"2023-09-22T12:08:01+00:00\" \/>\n<meta property=\"og:image\" content=\"https:\/\/fashion-wall.de\/wp-content\/uploads\/2023\/09\/A1_02925-scaled.jpg\" \/>\n\t<meta property=\"og:image:width\" content=\"1707\" \/>\n\t<meta property=\"og:image:height\" content=\"2560\" \/>\n\t<meta property=\"og:image:type\" content=\"image\/jpeg\" \/>\n<meta name=\"twitter:card\" content=\"summary_large_image\" \/>\n<meta name=\"twitter:label1\" content=\"Dur\u00e9e de lecture estim\u00e9e\" \/>\n\t<meta name=\"twitter:data1\" content=\"1 minute\" \/>\n<script type=\"application\/ld+json\" class=\"yoast-schema-graph\">{\"@context\":\"https:\/\/schema.org\",\"@graph\":[{\"@type\":\"WebPage\",\"@id\":\"https:\/\/fashion-wall.de\/product\/damen-hoodie-neon-orange\/\",\"url\":\"https:\/\/fashion-wall.de\/product\/damen-hoodie-neon-orange\/\",\"name\":\"Damen Hoodie - Neon Orange - Fashion Wall\",\"isPartOf\":{\"@id\":\"https:\/\/fashion-wall.de\/#website\"},\"datePublished\":\"2023-09-17T18:50:52+00:00\",\"dateModified\":\"2023-09-22T12:08:01+00:00\",\"breadcrumb\":{\"@id\":\"https:\/\/fashion-wall.de\/product\/damen-hoodie-neon-orange\/#breadcrumb\"},\"inLanguage\":\"fr-FR\",\"potentialAction\":[{\"@type\":\"ReadAction\",\"target\":[\"https:\/\/fashion-wall.de\/product\/damen-hoodie-neon-orange\/\"]}]},{\"@type\":\"BreadcrumbList\",\"@id\":\"https:\/\/fashion-wall.de\/product\/damen-hoodie-neon-orange\/#breadcrumb\",\"itemListElement\":[{\"@type\":\"ListItem\",\"position\":1,\"name\":\"Home\",\"item\":\"https:\/\/fashion-wall.de\/\"},{\"@type\":\"ListItem\",\"position\":2,\"name\":\"Shop\",\"item\":\"https:\/\/fashion-wall.de\/shop\/\"},{\"@type\":\"ListItem\",\"position\":3,\"name\":\"Damen Hoodie &#8211; Neon Orange\"}]},{\"@type\":\"WebSite\",\"@id\":\"https:\/\/fashion-wall.de\/#website\",\"url\":\"https:\/\/fashion-wall.de\/\",\"name\":\"Fashion Wall\",\"description\":\"\",\"publisher\":{\"@id\":\"https:\/\/fashion-wall.de\/#organization\"},\"potentialAction\":[{\"@type\":\"SearchAction\",\"target\":{\"@type\":\"EntryPoint\",\"urlTemplate\":\"https:\/\/fashion-wall.de\/?s={search_term_string}\"},\"query-input\":\"required name=search_term_string\"}],\"inLanguage\":\"fr-FR\"},{\"@type\":\"Organization\",\"@id\":\"https:\/\/fashion-wall.de\/#organization\",\"name\":\"Fashion Wall\",\"url\":\"https:\/\/fashion-wall.de\/\",\"logo\":{\"@type\":\"ImageObject\",\"inLanguage\":\"fr-FR\",\"@id\":\"https:\/\/fashion-wall.de\/#\/schema\/logo\/image\/\",\"url\":\"http:\/\/fashion-wall.de\/wp-content\/uploads\/2023\/09\/Logo-Fashion-Wall.png\",\"contentUrl\":\"http:\/\/fashion-wall.de\/wp-content\/uploads\/2023\/09\/Logo-Fashion-Wall.png\",\"width\":851,\"height\":341,\"caption\":\"Fashion Wall\"},\"image\":{\"@id\":\"https:\/\/fashion-wall.de\/#\/schema\/logo\/image\/\"}}]}<\/script>\n<!-- \/ Yoast SEO plugin. -->","yoast_head_json":{"title":"Damen Hoodie - Neon Orange - Fashion Wall","robots":{"index":"index","follow":"follow","max-snippet":"max-snippet:-1","max-image-preview":"max-image-preview:large","max-video-preview":"max-video-preview:-1"},"canonical":"https:\/\/fashion-wall.de\/fr\/product\/damen-hoodie-neon-orange\/","og_locale":"fr_FR","og_type":"article","og_title":"Damen Hoodie - Neon Orange - Fashion Wall","og_description":"\u2713\u00a0 Regular Fit  \u2713\u00a0 100% Baumwolle\u00a0nach OEKO-TEX\u00ae Standard 100","og_url":"https:\/\/fashion-wall.de\/fr\/product\/damen-hoodie-neon-orange\/","og_site_name":"Fashion Wall","article_modified_time":"2023-09-22T12:08:01+00:00","og_image":[{"width":1707,"height":2560,"url":"https:\/\/fashion-wall.de\/wp-content\/uploads\/2023\/09\/A1_02925-scaled.jpg","type":"image\/jpeg"}],"twitter_card":"summary_large_image","twitter_misc":{"Dur\u00e9e de lecture estim\u00e9e":"1 minute"},"schema":{"@context":"https:\/\/schema.org","@graph":[{"@type":"WebPage","@id":"https:\/\/fashion-wall.de\/product\/damen-hoodie-neon-orange\/","url":"https:\/\/fashion-wall.de\/product\/damen-hoodie-neon-orange\/","name":"Damen Hoodie - Neon Orange - Fashion Wall","isPartOf":{"@id":"https:\/\/fashion-wall.de\/#website"},"datePublished":"2023-09-17T18:50:52+00:00","dateModified":"2023-09-22T12:08:01+00:00","breadcrumb":{"@id":"https:\/\/fashion-wall.de\/product\/damen-hoodie-neon-orange\/#breadcrumb"},"inLanguage":"fr-FR","potentialAction":[{"@type":"ReadAction","target":["https:\/\/fashion-wall.de\/product\/damen-hoodie-neon-orange\/"]}]},{"@type":"BreadcrumbList","@id":"https:\/\/fashion-wall.de\/product\/damen-hoodie-neon-orange\/#breadcrumb","itemListElement":[{"@type":"ListItem","position":1,"name":"Home","item":"https:\/\/fashion-wall.de\/"},{"@type":"ListItem","position":2,"name":"Shop","item":"https:\/\/fashion-wall.de\/shop\/"},{"@type":"ListItem","position":3,"name":"Damen Hoodie &#8211; Neon Orange"}]},{"@type":"WebSite","@id":"https:\/\/fashion-wall.de\/#website","url":"https:\/\/fashion-wall.de\/","name":"Fashion Wall","description":"","publisher":{"@id":"https:\/\/fashion-wall.de\/#organization"},"potentialAction":[{"@type":"SearchAction","target":{"@type":"EntryPoint","urlTemplate":"https:\/\/fashion-wall.de\/?s={search_term_string}"},"query-input":"required name=search_term_string"}],"inLanguage":"fr-FR"},{"@type":"Organization","@id":"https:\/\/fashion-wall.de\/#organization","name":"Fashion Wall","url":"https:\/\/fashion-wall.de\/","logo":{"@type":"ImageObject","inLanguage":"fr-FR","@id":"https:\/\/fashion-wall.de\/#\/schema\/logo\/image\/","url":"http:\/\/fashion-wall.de\/wp-content\/uploads\/2023\/09\/Logo-Fashion-Wall.png","contentUrl":"http:\/\/fashion-wall.de\/wp-content\/uploads\/2023\/09\/Logo-Fashion-Wall.png","width":851,"height":341,"caption":"Fashion Wall"},"image":{"@id":"https:\/\/fashion-wall.de\/#\/schema\/logo\/image\/"}}]}},"_links":{"self":[{"href":"https:\/\/fashion-wall.de\/fr\/wp-json\/wp\/v2\/product\/16257"}],"collection":[{"href":"https:\/\/fashion-wall.de\/fr\/wp-json\/wp\/v2\/product"}],"about":[{"href":"https:\/\/fashion-wall.de\/fr\/wp-json\/wp\/v2\/types\/product"}],"version-history":[{"count":4,"href":"https:\/\/fashion-wall.de\/fr\/wp-json\/wp\/v2\/product\/16257\/revisions"}],"predecessor-version":[{"id":16778,"href":"https:\/\/fashion-wall.de\/fr\/wp-json\/wp\/v2\/product\/16257\/revisions\/16778"}],"wp:featuredmedia":[{"embeddable":true,"href":"https:\/\/fashion-wall.de\/fr\/wp-json\/wp\/v2\/media\/16563"}],"wp:attachment":[{"href":"https:\/\/fashion-wall.de\/fr\/wp-json\/wp\/v2\/media?parent=16257"}],"wp:term":[{"taxonomy":"product_cat","embeddable":true,"href":"https:\/\/fashion-wall.de\/fr\/wp-json\/wp\/v2\/product_cat?post=16257"},{"taxonomy":"product_tag","embeddable":true,"href":"https:\/\/fashion-wall.de\/fr\/wp-json\/wp\/v2\/product_tag?post=16257"}],"curies":[{"name":"wp","href":"https:\/\/api.w.org\/{rel}","templated":true}]}}