{"id":16348,"date":"2023-09-18T06:15:52","date_gmt":"2023-09-18T06:15:52","guid":{"rendered":"https:\/\/fashion-wall.de\/?post_type=product&#038;p=16348"},"modified":"2023-09-22T12:28:31","modified_gmt":"2023-09-22T12:28:31","slug":"herren-zip-hoodie-grau","status":"publish","type":"product","link":"https:\/\/fashion-wall.de\/fr\/product\/herren-zip-hoodie-grau\/","title":{"rendered":"Sweat \u00e0 capuche zipp\u00e9 pour homme - Gris"},"content":{"rendered":"<p><span class=\"a-list-item\"><strong>\u2713 COOLE HOODIES avec fermeture \u00e9clair pour HOMMES :<\/strong> Pull classique intemporel pour hommes de IDUNA PARIS en coton super doux de haute qualit\u00e9 avec int\u00e9rieur en polaire douillette. <\/span><\/p>\n<p><span class=\"a-list-item\"><strong> \u2713 SENSATION DE CHALEUR :<\/strong> mati\u00e8re douce pour le luxe et le confort - chaud, coupe-vent &amp; douillet - protection contre le froid en hiver - que ce soit en plein air, pour le sport ou simplement \u00e0 la maison. Les manches longues &amp; la capuche tiennent chaud, \u00e9galement id\u00e9al comme pull d'hiver. <\/span><\/p>\n<div class=\"a-row a-expander-container a-expander-inline-container\">\n<div class=\"a-expander-content a-expander-extend-content a-expander-content-expanded\" aria-expanded=\"true\">\n<p><span class=\"a-list-item\"><strong>\u2713 MEILLEURE QUALIT\u00c9 :<\/strong> Ce pull confortable est en coton 100% de qualit\u00e9 sup\u00e9rieure - doux et l\u00e9ger - int\u00e9rieur en polaire moelleux - poche kangourou, bas et poignets c\u00f4tel\u00e9s et \u00e9lastiques.<\/span><\/p>\n<p><span class=\"a-list-item\"><strong>\u2713 POUR TOUTES LES OCCASIONS :<\/strong> Notre pull se distingue par son grand confort - convient aux adultes, aux adolescents et aux gar\u00e7ons - pour toutes les morphologies - pour le quotidien, les f\u00eates, comme v\u00eatement de sport, pull de travail, surv\u00eatement ou veste polaire.<\/span><\/p>\n<p><span class=\"a-list-item\"><strong>\u2713 COUPE CONFORTABLE :<\/strong> Le design intemporel de ce sweat \u00e0 capuche flatte toutes les morphologies. Regular Fit - notre mod\u00e8le mesure 1,85 m et porte la taille L. Ce sweat-shirt sportif est \u00e9galement un cadeau parfait pour les jeunes et les moins jeunes.<\/span><\/p>\n<\/div>\n<\/div>","protected":false},"excerpt":{"rendered":"<p><strong><span class=\"a-list-item\">\u2713\u00a0 <\/span>coupe r\u00e9guli\u00e8re<\/strong><\/p>\n<p><strong><span class=\"a-list-item\">\u2713 1<\/span>00% Coton conforme \u00e0 la norme OEKO-TEX\u00ae Standard 100<\/strong><\/p>","protected":false},"featured_media":16719,"template":"","meta":[],"product_cat":[97,99],"product_tag":[],"yoast_head":"<!-- This site is optimized with the Yoast SEO plugin v21.1 - https:\/\/yoast.com\/wordpress\/plugins\/seo\/ -->\n<title>Herren Zip-Hoodie - Grau - Fashion Wall<\/title>\n<meta name=\"robots\" content=\"index, follow, max-snippet:-1, max-image-preview:large, max-video-preview:-1\" \/>\n<link rel=\"canonical\" href=\"https:\/\/fashion-wall.de\/fr\/product\/herren-zip-hoodie-grau\/\" \/>\n<meta property=\"og:locale\" content=\"fr_FR\" \/>\n<meta property=\"og:type\" content=\"article\" \/>\n<meta property=\"og:title\" content=\"Herren Zip-Hoodie - Grau - Fashion Wall\" \/>\n<meta property=\"og:description\" content=\"\u2713\u00a0 Regular Fit  \u2713\u00a0 100% Baumwolle\u00a0nach OEKO-TEX\u00ae Standard 100\" \/>\n<meta property=\"og:url\" content=\"https:\/\/fashion-wall.de\/fr\/product\/herren-zip-hoodie-grau\/\" \/>\n<meta property=\"og:site_name\" content=\"Fashion Wall\" \/>\n<meta property=\"article:modified_time\" content=\"2023-09-22T12:28:31+00:00\" \/>\n<meta property=\"og:image\" content=\"https:\/\/fashion-wall.de\/wp-content\/uploads\/2023\/09\/P1010543-scaled.jpg\" \/>\n\t<meta property=\"og:image:width\" content=\"1709\" \/>\n\t<meta property=\"og:image:height\" content=\"2560\" \/>\n\t<meta property=\"og:image:type\" content=\"image\/jpeg\" \/>\n<meta name=\"twitter:card\" content=\"summary_large_image\" \/>\n<meta name=\"twitter:label1\" content=\"Dur\u00e9e de lecture estim\u00e9e\" \/>\n\t<meta name=\"twitter:data1\" content=\"1 minute\" \/>\n<script type=\"application\/ld+json\" class=\"yoast-schema-graph\">{\"@context\":\"https:\/\/schema.org\",\"@graph\":[{\"@type\":\"WebPage\",\"@id\":\"https:\/\/fashion-wall.de\/product\/herren-zip-hoodie-grau\/\",\"url\":\"https:\/\/fashion-wall.de\/product\/herren-zip-hoodie-grau\/\",\"name\":\"Herren Zip-Hoodie - Grau - Fashion Wall\",\"isPartOf\":{\"@id\":\"https:\/\/fashion-wall.de\/#website\"},\"datePublished\":\"2023-09-18T06:15:52+00:00\",\"dateModified\":\"2023-09-22T12:28:31+00:00\",\"breadcrumb\":{\"@id\":\"https:\/\/fashion-wall.de\/product\/herren-zip-hoodie-grau\/#breadcrumb\"},\"inLanguage\":\"fr-FR\",\"potentialAction\":[{\"@type\":\"ReadAction\",\"target\":[\"https:\/\/fashion-wall.de\/product\/herren-zip-hoodie-grau\/\"]}]},{\"@type\":\"BreadcrumbList\",\"@id\":\"https:\/\/fashion-wall.de\/product\/herren-zip-hoodie-grau\/#breadcrumb\",\"itemListElement\":[{\"@type\":\"ListItem\",\"position\":1,\"name\":\"Home\",\"item\":\"https:\/\/fashion-wall.de\/\"},{\"@type\":\"ListItem\",\"position\":2,\"name\":\"Shop\",\"item\":\"https:\/\/fashion-wall.de\/shop\/\"},{\"@type\":\"ListItem\",\"position\":3,\"name\":\"Herren Zip-Hoodie &#8211; Grau\"}]},{\"@type\":\"WebSite\",\"@id\":\"https:\/\/fashion-wall.de\/#website\",\"url\":\"https:\/\/fashion-wall.de\/\",\"name\":\"Fashion Wall\",\"description\":\"\",\"publisher\":{\"@id\":\"https:\/\/fashion-wall.de\/#organization\"},\"potentialAction\":[{\"@type\":\"SearchAction\",\"target\":{\"@type\":\"EntryPoint\",\"urlTemplate\":\"https:\/\/fashion-wall.de\/?s={search_term_string}\"},\"query-input\":\"required name=search_term_string\"}],\"inLanguage\":\"fr-FR\"},{\"@type\":\"Organization\",\"@id\":\"https:\/\/fashion-wall.de\/#organization\",\"name\":\"Fashion Wall\",\"url\":\"https:\/\/fashion-wall.de\/\",\"logo\":{\"@type\":\"ImageObject\",\"inLanguage\":\"fr-FR\",\"@id\":\"https:\/\/fashion-wall.de\/#\/schema\/logo\/image\/\",\"url\":\"http:\/\/fashion-wall.de\/wp-content\/uploads\/2023\/09\/Logo-Fashion-Wall.png\",\"contentUrl\":\"http:\/\/fashion-wall.de\/wp-content\/uploads\/2023\/09\/Logo-Fashion-Wall.png\",\"width\":851,\"height\":341,\"caption\":\"Fashion Wall\"},\"image\":{\"@id\":\"https:\/\/fashion-wall.de\/#\/schema\/logo\/image\/\"}}]}<\/script>\n<!-- \/ Yoast SEO plugin. -->","yoast_head_json":{"title":"Herren Zip-Hoodie - Grau - Fashion Wall","robots":{"index":"index","follow":"follow","max-snippet":"max-snippet:-1","max-image-preview":"max-image-preview:large","max-video-preview":"max-video-preview:-1"},"canonical":"https:\/\/fashion-wall.de\/fr\/product\/herren-zip-hoodie-grau\/","og_locale":"fr_FR","og_type":"article","og_title":"Herren Zip-Hoodie - Grau - Fashion Wall","og_description":"\u2713\u00a0 Regular Fit  \u2713\u00a0 100% Baumwolle\u00a0nach OEKO-TEX\u00ae Standard 100","og_url":"https:\/\/fashion-wall.de\/fr\/product\/herren-zip-hoodie-grau\/","og_site_name":"Fashion Wall","article_modified_time":"2023-09-22T12:28:31+00:00","og_image":[{"width":1709,"height":2560,"url":"https:\/\/fashion-wall.de\/wp-content\/uploads\/2023\/09\/P1010543-scaled.jpg","type":"image\/jpeg"}],"twitter_card":"summary_large_image","twitter_misc":{"Dur\u00e9e de lecture estim\u00e9e":"1 minute"},"schema":{"@context":"https:\/\/schema.org","@graph":[{"@type":"WebPage","@id":"https:\/\/fashion-wall.de\/product\/herren-zip-hoodie-grau\/","url":"https:\/\/fashion-wall.de\/product\/herren-zip-hoodie-grau\/","name":"Herren Zip-Hoodie - Grau - Fashion Wall","isPartOf":{"@id":"https:\/\/fashion-wall.de\/#website"},"datePublished":"2023-09-18T06:15:52+00:00","dateModified":"2023-09-22T12:28:31+00:00","breadcrumb":{"@id":"https:\/\/fashion-wall.de\/product\/herren-zip-hoodie-grau\/#breadcrumb"},"inLanguage":"fr-FR","potentialAction":[{"@type":"ReadAction","target":["https:\/\/fashion-wall.de\/product\/herren-zip-hoodie-grau\/"]}]},{"@type":"BreadcrumbList","@id":"https:\/\/fashion-wall.de\/product\/herren-zip-hoodie-grau\/#breadcrumb","itemListElement":[{"@type":"ListItem","position":1,"name":"Home","item":"https:\/\/fashion-wall.de\/"},{"@type":"ListItem","position":2,"name":"Shop","item":"https:\/\/fashion-wall.de\/shop\/"},{"@type":"ListItem","position":3,"name":"Herren Zip-Hoodie &#8211; Grau"}]},{"@type":"WebSite","@id":"https:\/\/fashion-wall.de\/#website","url":"https:\/\/fashion-wall.de\/","name":"Fashion Wall","description":"","publisher":{"@id":"https:\/\/fashion-wall.de\/#organization"},"potentialAction":[{"@type":"SearchAction","target":{"@type":"EntryPoint","urlTemplate":"https:\/\/fashion-wall.de\/?s={search_term_string}"},"query-input":"required name=search_term_string"}],"inLanguage":"fr-FR"},{"@type":"Organization","@id":"https:\/\/fashion-wall.de\/#organization","name":"Fashion Wall","url":"https:\/\/fashion-wall.de\/","logo":{"@type":"ImageObject","inLanguage":"fr-FR","@id":"https:\/\/fashion-wall.de\/#\/schema\/logo\/image\/","url":"http:\/\/fashion-wall.de\/wp-content\/uploads\/2023\/09\/Logo-Fashion-Wall.png","contentUrl":"http:\/\/fashion-wall.de\/wp-content\/uploads\/2023\/09\/Logo-Fashion-Wall.png","width":851,"height":341,"caption":"Fashion Wall"},"image":{"@id":"https:\/\/fashion-wall.de\/#\/schema\/logo\/image\/"}}]}},"_links":{"self":[{"href":"https:\/\/fashion-wall.de\/fr\/wp-json\/wp\/v2\/product\/16348"}],"collection":[{"href":"https:\/\/fashion-wall.de\/fr\/wp-json\/wp\/v2\/product"}],"about":[{"href":"https:\/\/fashion-wall.de\/fr\/wp-json\/wp\/v2\/types\/product"}],"version-history":[{"count":4,"href":"https:\/\/fashion-wall.de\/fr\/wp-json\/wp\/v2\/product\/16348\/revisions"}],"predecessor-version":[{"id":16786,"href":"https:\/\/fashion-wall.de\/fr\/wp-json\/wp\/v2\/product\/16348\/revisions\/16786"}],"wp:featuredmedia":[{"embeddable":true,"href":"https:\/\/fashion-wall.de\/fr\/wp-json\/wp\/v2\/media\/16719"}],"wp:attachment":[{"href":"https:\/\/fashion-wall.de\/fr\/wp-json\/wp\/v2\/media?parent=16348"}],"wp:term":[{"taxonomy":"product_cat","embeddable":true,"href":"https:\/\/fashion-wall.de\/fr\/wp-json\/wp\/v2\/product_cat?post=16348"},{"taxonomy":"product_tag","embeddable":true,"href":"https:\/\/fashion-wall.de\/fr\/wp-json\/wp\/v2\/product_tag?post=16348"}],"curies":[{"name":"wp","href":"https:\/\/api.w.org\/{rel}","templated":true}]}}