{"id":15893,"date":"2023-09-10T10:29:47","date_gmt":"2023-09-10T10:29:47","guid":{"rendered":"https:\/\/fashion-wall.de\/?page_id=15893"},"modified":"2023-09-29T16:53:34","modified_gmt":"2023-09-29T16:53:34","slug":"widerrufsrecht","status":"publish","type":"page","link":"https:\/\/fashion-wall.de\/tr\/widerrufsrecht\/","title":{"rendered":"Cayma hakk\u0131"},"content":{"rendered":"<div data-elementor-type=\"wp-page\" data-elementor-id=\"15893\" class=\"elementor elementor-15893\" data-elementor-post-type=\"page\">\n\t\t\t\t\t\t\t\t\t<section class=\"elementor-section elementor-top-section elementor-element elementor-element-54c1425b elementor-section-boxed elementor-section-height-default elementor-section-height-default wd-section-disabled\" data-id=\"54c1425b\" data-element_type=\"section\" data-settings=\"{&quot;background_background&quot;:&quot;classic&quot;}\">\n\t\t\t\t\t\t<div class=\"elementor-container elementor-column-gap-default\">\n\t\t\t\t\t<div class=\"elementor-column elementor-col-100 elementor-top-column elementor-element elementor-element-1dcc27e2\" data-id=\"1dcc27e2\" data-element_type=\"column\">\n\t\t\t<div class=\"elementor-widget-wrap elementor-element-populated\">\n\t\t\t\t\t\t\t\t<section class=\"elementor-section elementor-inner-section elementor-element elementor-element-3685131c elementor-section-boxed elementor-section-height-default elementor-section-height-default wd-section-disabled\" data-id=\"3685131c\" data-element_type=\"section\">\n\t\t\t\t\t\t<div class=\"elementor-container elementor-column-gap-default\">\n\t\t\t\t\t<div class=\"elementor-column elementor-col-100 elementor-inner-column elementor-element elementor-element-71bbe0ad\" data-id=\"71bbe0ad\" data-element_type=\"column\">\n\t\t\t<div class=\"elementor-widget-wrap elementor-element-populated\">\n\t\t\t\t\t\t\t\t<div class=\"elementor-element elementor-element-2a8bc019 elementor-widget elementor-widget-elementskit-heading\" data-id=\"2a8bc019\" data-element_type=\"widget\" data-widget_type=\"elementskit-heading.default\">\n\t\t\t\t<div class=\"elementor-widget-container\">\n\t\t\t<div class=\"ekit-wid-con\" ><div class=\"ekit-heading elementskit-section-title-wraper center   ekit_heading_tablet-   ekit_heading_mobile-\"><h2 class=\"ekit-heading--title elementskit-section-title\">Cayma hakk\u0131<\/h2><\/div><\/div>\t\t<\/div>\n\t\t\t\t<\/div>\n\t\t\t\t<div class=\"elementor-element elementor-element-43a000c3 elementor-absolute elementor-widget elementor-widget-elementskit-heading\" data-id=\"43a000c3\" data-element_type=\"widget\" data-settings=\"{&quot;_position&quot;:&quot;absolute&quot;}\" data-widget_type=\"elementskit-heading.default\">\n\t\t\t\t<div class=\"elementor-widget-container\">\n\t\t\t<div class=\"ekit-wid-con\" ><div class=\"ekit-heading elementskit-section-title-wraper center   ekit_heading_tablet-   ekit_heading_mobile-\"><h2 class=\"ekit-heading--title elementskit-section-title\">Cayma hakk\u0131<\/h2><\/div><\/div>\t\t<\/div>\n\t\t\t\t<\/div>\n\t\t\t\t\t<\/div>\n\t\t<\/div>\n\t\t\t\t\t\t\t<\/div>\n\t\t<\/section>\n\t\t\t\t<div class=\"elementor-element elementor-element-0d9f8be color-scheme-inherit text-left elementor-widget elementor-widget-text-editor\" data-id=\"0d9f8be\" data-element_type=\"widget\" data-widget_type=\"text-editor.default\">\n\t\t\t\t<div class=\"elementor-widget-container\">\n\t\t\t<style>\/*! elementor - v3.16.0 - 14-09-2023 *\/\n.elementor-widget-text-editor.elementor-drop-cap-view-stacked .elementor-drop-cap{background-color:#69727d;color:#fff}.elementor-widget-text-editor.elementor-drop-cap-view-framed .elementor-drop-cap{color:#69727d;border:3px solid;background-color:transparent}.elementor-widget-text-editor:not(.elementor-drop-cap-view-default) .elementor-drop-cap{margin-top:8px}.elementor-widget-text-editor:not(.elementor-drop-cap-view-default) .elementor-drop-cap-letter{width:1em;height:1em}.elementor-widget-text-editor .elementor-drop-cap{float:left;text-align:center;line-height:1;font-size:50px}.elementor-widget-text-editor .elementor-drop-cap-letter{display:inline-block}<\/style>\t\t\t\t<p class=\"p1\">T\u00fcketiciler a\u015fa\u011f\u0131daki h\u00fck\u00fcmlere g\u00f6re cayma hakk\u0131na sahiptir; t\u00fcketici, a\u011f\u0131rl\u0131kl\u0131 olarak ne ticari ne de ba\u011f\u0131ms\u0131z mesleki faaliyetine atfedilebilecek ama\u00e7lar i\u00e7in yasal bir i\u015flem ger\u00e7ekle\u015ftiren herhangi bir ger\u00e7ek ki\u015fidir:<\/p>\n<p class=\"p1\"><span class=\"s1\"><b>A <\/b><\/span><b>\u0130ptal politikas\u0131<\/b><\/p>\n<p class=\"p1\"><b>Cayma hakk\u0131<\/b>\n<br>Bu s\u00f6zle\u015fmeyi on d\u00f6rt g\u00fcn i\u00e7inde herhangi bir neden g\u00f6stermeksizin iptal etme hakk\u0131na sahipsiniz. Ancak, g\u00f6n\u00fcll\u00fc iade hakk\u0131n\u0131 kullanman\u0131n \u00f6n ko\u015fulu, mallar\u0131 eksiksiz, orijinal durumlar\u0131nda, hasars\u0131z ve orijinal ambalajlar\u0131nda iade etmenizdir.<br>Cayma s\u00fcresi, sizin veya sizin taraf\u0131n\u0131zdan belirlenen ve ta\u015f\u0131y\u0131c\u0131 olmayan \u00fc\u00e7\u00fcnc\u00fc bir taraf\u0131n mallar\u0131 teslim ald\u0131\u011f\u0131 veya teslim ald\u0131\u011f\u0131 g\u00fcnden itibaren on d\u00f6rt g\u00fcnd\u00fcr.\n<br>\u0130stisnai olarak, mallar\u0131n belirli bir s\u00fcre boyunca d\u00fczenli olarak teslim edilmesine ili\u015fkin bir s\u00f6zle\u015fme s\u00f6z konusu oldu\u011funda, cayma s\u00fcresi, sizin veya sizin taraf\u0131n\u0131zdan belirlenen ve ta\u015f\u0131y\u0131c\u0131 olmayan \u00fc\u00e7\u00fcnc\u00fc bir taraf\u0131n ilk mallar\u0131 teslim ald\u0131\u011f\u0131 veya teslim ald\u0131\u011f\u0131 g\u00fcnden itibaren on d\u00f6rt g\u00fcn olacakt\u0131r. Bir setteki birka\u00e7 \u00fcr\u00fcn indirimli olarak sunuluyorsa ve tek tek \u00fcr\u00fcnler iade ediliyorsa, para iadesi iade edilen \u00fcr\u00fcn say\u0131s\u0131na g\u00f6re orant\u0131l\u0131 olarak yap\u0131lacakt\u0131r.\n<p>Cayma hakk\u0131n\u0131z\u0131 kullanmak i\u00e7in bizimle ileti\u015fime ge\u00e7melisiniz (Iduna Health &amp; Beauty GmbH, Beckers Garten 11, 53179 Bonn, Almanya, e-posta: <a href=\"mailto:support@fashion-wall.de\">support@fashion-wall.de<\/span><\/a>) a\u00e7\u0131k bir beyanla (\u00f6rne\u011fin posta veya e-posta yoluyla g\u00f6nderilen bir mektup) bu s\u00f6zle\u015fmeyi iptal etme karar\u0131n\u0131z hakk\u0131nda. Bu ama\u00e7la ekteki model cayma formunu kullanabilirsiniz, ancak bu zorunlu de\u011fildir.\n<p class=\"p1\">\u0130ptal s\u00fcresine uymak i\u00e7in, iptal hakk\u0131n\u0131n kullan\u0131ld\u0131\u011f\u0131na dair bildirimi iptal s\u00fcresinin bitiminden \u00f6nce g\u00f6ndermeniz yeterlidir.<\/p>\n<p class=\"p1\"><b>\u0130ptalin sonu\u00e7lar\u0131 <\/b><br>Bu s\u00f6zle\u015fmeden cayman\u0131z halinde, teslimat masraflar\u0131 da dahil olmak \u00fczere sizden ald\u0131\u011f\u0131m\u0131z t\u00fcm \u00f6demeleri (taraf\u0131m\u0131zca sunulan en ucuz standart teslimat d\u0131\u015f\u0131nda bir teslimat t\u00fcr\u00fc se\u00e7mi\u015f olman\u0131zdan kaynaklanan ek masraflar hari\u00e7) gecikmeksizin ve en ge\u00e7 bu s\u00f6zle\u015fmeden cayd\u0131\u011f\u0131n\u0131za dair bildirimi ald\u0131\u011f\u0131m\u0131z g\u00fcnden itibaren on d\u00f6rt g\u00fcn i\u00e7inde size geri \u00f6demek zorunday\u0131z. Bu geri \u00f6deme i\u00e7in, sizinle a\u00e7\u0131k\u00e7a aksi kararla\u015ft\u0131r\u0131lmad\u0131k\u00e7a, orijinal i\u015flem i\u00e7in kulland\u0131\u011f\u0131n\u0131z \u00f6deme y\u00f6ntemini kullanaca\u011f\u0131z; hi\u00e7bir durumda bu geri \u00f6deme i\u00e7in sizden \u00fccret al\u0131nmayacakt\u0131r.\n<br>Mallar\u0131 geri alana kadar veya siz mallar\u0131 iade etti\u011finize dair kan\u0131t sunana kadar (hangisi daha \u00f6nceyse) geri \u00f6demeyi reddedebiliriz.\n<p class=\"p1\">Mallar\u0131 derhal ve her hal\u00fckarda bu s\u00f6zle\u015fmenin iptalini bize bildirdi\u011finiz g\u00fcnden itibaren en ge\u00e7 on d\u00f6rt g\u00fcn i\u00e7inde bize iade etmeli veya teslim etmelisiniz. Mallar\u0131 on d\u00f6rt g\u00fcnl\u00fck s\u00fcrenin bitiminden \u00f6nce g\u00f6nderirseniz son teslim tarihine uymu\u015f olursunuz.\n<br>Mallar\u0131n geri g\u00f6nderilmesiyle ilgili do\u011frudan masraflar taraf\u0131n\u0131zdan kar\u015f\u0131lanacakt\u0131r. Mallar\u0131n de\u011ferindeki herhangi bir kayb\u0131, yaln\u0131zca bu de\u011fer kayb\u0131 mallar\u0131n durumunu, \u00f6zelliklerini ve i\u015fleyi\u015fini kontrol etmek i\u00e7in gerekli olmayan mallar\u0131n ta\u015f\u0131nmas\u0131ndan kaynaklan\u0131yorsa \u00f6demek zorundas\u0131n\u0131z.\n<p><b>\u00d6rnek iptal formu<\/b>\n<br>S\u00f6zle\u015fmeyi iptal etmek istiyorsan\u0131z, l\u00fctfen bu formu doldurun ve iade edin.<\/p>\t\t\t\t\t\t<\/div>\n\t\t\t\t<\/div>\n\t\t\t\t<div class=\"elementor-element elementor-element-c306406 elementor-widget elementor-widget-wd_text_block\" data-id=\"c306406\" data-element_type=\"widget\" data-widget_type=\"wd_text_block.default\">\n\t\t\t\t<div class=\"elementor-widget-container\">\n\t\t\t\t\t<div class=\"wd-text-block reset-last-child text-left\">\n\t\t\t\n\t\t\t<p style=\"margin-bottom: var(--wd-tags-mb); font-style: normal; font-variant-ligatures: normal; font-variant-caps: normal; font-weight: 400; font-family: Montserrat, Arial, Helvetica, sans-serif; font-size: 14px; white-space-collapse: collapse;\">Kime?<\/p><p style=\"margin-bottom: var(--wd-tags-mb); font-style: normal; font-variant-ligatures: normal; font-variant-caps: normal; font-weight: 400; font-family: Montserrat, Arial, Helvetica, sans-serif; font-size: 14px; white-space-collapse: collapse;\">Moda Duvar\u0131 Online Al\u0131\u015fveri\u015f\u00a0<span style=\"color: var(--wd-text-color); font-family: Montserrat, Arial, Helvetica, sans-serif; font-size: 14px; font-style: normal; font-variant-ligatures: normal; font-variant-caps: normal; font-weight: 400;\"><br \/>Iduna Health &amp; Beauty GmbH<br \/>Becker'in bah\u00e7esi 11<br \/>53179 Bonn<br \/>E-posta: <a href=\"mailto:support@fashion-wall.de\">support@fashion-wall.de<\/a><br \/><\/span><\/p><p><span style=\"font-family: Montserrat, Arial, Helvetica, sans-serif; font-size: 14px; font-style: normal; font-variant-ligatures: normal; font-variant-caps: normal; font-weight: 400; white-space-collapse: collapse; color: var(--wd-text-color);\">A\u015fa\u011f\u0131daki mallar\u0131n sat\u0131n al\u0131nmas\u0131 (*)\/a\u015fa\u011f\u0131daki hizmetin sa\u011flanmas\u0131 (*) i\u00e7in taraf\u0131mca\/bizim taraf\u0131m\u0131zdan (*) akdedilen s\u00f6zle\u015fmeyi iptal ediyorum\/ediyoruz<\/span><\/p><p>______________________________________________________<\/p><p><span style=\"font-family: Montserrat, Arial, Helvetica, sans-serif; font-size: 14px; font-style: normal; font-variant-ligatures: normal; font-variant-caps: normal; font-weight: 400; white-space-collapse: collapse; color: var(--wd-text-color);\">(*) tarihinde sipari\u015f edildi \/ (*) tarihinde teslim al\u0131nd\u0131<\/span><\/p><p>______________________________________________________<\/p><p><span style=\"font-family: Montserrat, Arial, Helvetica, sans-serif; font-size: 14px; font-style: normal; font-variant-ligatures: normal; font-variant-caps: normal; font-weight: 400; white-space-collapse: collapse; color: var(--wd-text-color);\">T\u00fcketici(ler)in ad\u0131<\/span><\/p><p>______________________________________________________<\/p><p><span style=\"font-family: Montserrat, Arial, Helvetica, sans-serif; font-size: 14px; font-style: normal; font-variant-ligatures: normal; font-variant-caps: normal; font-weight: 400; white-space-collapse: collapse; color: var(--wd-text-color);\">T\u00fcketici(ler)in adresi<\/span><\/p><p>______________________________________________________<\/p><p><span style=\"font-family: Montserrat, Arial, Helvetica, sans-serif; font-size: 14px; font-style: normal; font-variant-ligatures: normal; font-variant-caps: normal; font-weight: 400; white-space-collapse: collapse; color: var(--wd-text-color);\">T\u00fcketici(ler)in imzas\u0131 (sadece ka\u011f\u0131t \u00fczerinde bildirim yap\u0131lmas\u0131 durumunda)<\/span><\/p><p>______________________________________________________<\/p><p><span style=\"font-family: Montserrat, Arial, Helvetica, sans-serif; font-size: 14px; font-style: normal; font-variant-ligatures: normal; font-variant-caps: normal; font-weight: 400; white-space-collapse: collapse; color: var(--wd-text-color);\">Tarih<\/span><\/p><p>___________________________<\/p>\n\t\t\t\t\t<\/div>\n\t\t\t\t<\/div>\n\t\t\t\t<\/div>\n\t\t\t\t<div class=\"elementor-element elementor-element-29be825 elementor-widget elementor-widget-wd_text_block\" data-id=\"29be825\" data-element_type=\"widget\" data-widget_type=\"wd_text_block.default\">\n\t\t\t\t<div class=\"elementor-widget-container\">\n\t\t\t\t\t<div class=\"wd-text-block reset-last-child text-left\">\n\t\t\t\n\t\t\t<p class=\"p1\">(*) Uygunsa silin.<\/p>\n\t\t\t\t\t<\/div>\n\t\t\t\t<\/div>\n\t\t\t\t<\/div>\n\t\t\t\t\t<\/div>\n\t\t<\/div>\n\t\t\t\t\t\t\t<\/div>\n\t\t<\/section>\n\t\t\t\t\t\t\t<\/div>","protected":false},"excerpt":{"rendered":"<p>Widerrufsrecht Widerrufsrecht Verbrauchern steht ein Widerrufsrecht nach folgender Ma\u00dfgabe zu, wobei Verbraucher jede nat\u00fcrliche Person ist, die ein Rechtsgesch\u00e4ft zu<\/p>","protected":false},"author":1,"featured_media":0,"parent":0,"menu_order":0,"comment_status":"closed","ping_status":"closed","template":"","meta":{"footnotes":""},"yoast_head":"<!-- This site is optimized with the Yoast SEO plugin v21.1 - https:\/\/yoast.com\/wordpress\/plugins\/seo\/ -->\n<title>Widerrufsrecht - Fashion Wall<\/title>\n<meta name=\"robots\" content=\"index, follow, max-snippet:-1, max-image-preview:large, max-video-preview:-1\" \/>\n<link rel=\"canonical\" href=\"https:\/\/fashion-wall.de\/tr\/widerrufsrecht\/\" \/>\n<meta property=\"og:locale\" content=\"tr_TR\" \/>\n<meta property=\"og:type\" content=\"article\" \/>\n<meta property=\"og:title\" content=\"Widerrufsrecht - Fashion Wall\" \/>\n<meta property=\"og:description\" content=\"Widerrufsrecht Widerrufsrecht Verbrauchern steht ein Widerrufsrecht nach folgender Ma\u00dfgabe zu, wobei Verbraucher jede nat\u00fcrliche Person ist, die ein Rechtsgesch\u00e4ft zu\" \/>\n<meta property=\"og:url\" content=\"https:\/\/fashion-wall.de\/tr\/widerrufsrecht\/\" \/>\n<meta property=\"og:site_name\" content=\"Fashion Wall\" \/>\n<meta property=\"article:modified_time\" content=\"2023-09-29T16:53:34+00:00\" \/>\n<meta name=\"twitter:card\" content=\"summary_large_image\" \/>\n<meta name=\"twitter:label1\" content=\"Tahmini okuma s\u00fcresi\" \/>\n\t<meta name=\"twitter:data1\" content=\"4 dakika\" \/>\n<script type=\"application\/ld+json\" class=\"yoast-schema-graph\">{\"@context\":\"https:\/\/schema.org\",\"@graph\":[{\"@type\":\"WebPage\",\"@id\":\"https:\/\/fashion-wall.de\/widerrufsrecht\/\",\"url\":\"https:\/\/fashion-wall.de\/widerrufsrecht\/\",\"name\":\"Widerrufsrecht - Fashion Wall\",\"isPartOf\":{\"@id\":\"https:\/\/fashion-wall.de\/#website\"},\"datePublished\":\"2023-09-10T10:29:47+00:00\",\"dateModified\":\"2023-09-29T16:53:34+00:00\",\"breadcrumb\":{\"@id\":\"https:\/\/fashion-wall.de\/widerrufsrecht\/#breadcrumb\"},\"inLanguage\":\"tr\",\"potentialAction\":[{\"@type\":\"ReadAction\",\"target\":[\"https:\/\/fashion-wall.de\/widerrufsrecht\/\"]}]},{\"@type\":\"BreadcrumbList\",\"@id\":\"https:\/\/fashion-wall.de\/widerrufsrecht\/#breadcrumb\",\"itemListElement\":[{\"@type\":\"ListItem\",\"position\":1,\"name\":\"Home\",\"item\":\"https:\/\/fashion-wall.de\/\"},{\"@type\":\"ListItem\",\"position\":2,\"name\":\"Widerrufsrecht\"}]},{\"@type\":\"WebSite\",\"@id\":\"https:\/\/fashion-wall.de\/#website\",\"url\":\"https:\/\/fashion-wall.de\/\",\"name\":\"Fashion Wall\",\"description\":\"\",\"publisher\":{\"@id\":\"https:\/\/fashion-wall.de\/#organization\"},\"potentialAction\":[{\"@type\":\"SearchAction\",\"target\":{\"@type\":\"EntryPoint\",\"urlTemplate\":\"https:\/\/fashion-wall.de\/?s={search_term_string}\"},\"query-input\":\"required name=search_term_string\"}],\"inLanguage\":\"tr\"},{\"@type\":\"Organization\",\"@id\":\"https:\/\/fashion-wall.de\/#organization\",\"name\":\"Fashion Wall\",\"url\":\"https:\/\/fashion-wall.de\/\",\"logo\":{\"@type\":\"ImageObject\",\"inLanguage\":\"tr\",\"@id\":\"https:\/\/fashion-wall.de\/#\/schema\/logo\/image\/\",\"url\":\"http:\/\/fashion-wall.de\/wp-content\/uploads\/2023\/09\/Logo-Fashion-Wall.png\",\"contentUrl\":\"http:\/\/fashion-wall.de\/wp-content\/uploads\/2023\/09\/Logo-Fashion-Wall.png\",\"width\":851,\"height\":341,\"caption\":\"Fashion Wall\"},\"image\":{\"@id\":\"https:\/\/fashion-wall.de\/#\/schema\/logo\/image\/\"}}]}<\/script>\n<!-- \/ Yoast SEO plugin. -->","yoast_head_json":{"title":"Widerrufsrecht - Fashion Wall","robots":{"index":"index","follow":"follow","max-snippet":"max-snippet:-1","max-image-preview":"max-image-preview:large","max-video-preview":"max-video-preview:-1"},"canonical":"https:\/\/fashion-wall.de\/tr\/widerrufsrecht\/","og_locale":"tr_TR","og_type":"article","og_title":"Widerrufsrecht - Fashion Wall","og_description":"Widerrufsrecht Widerrufsrecht Verbrauchern steht ein Widerrufsrecht nach folgender Ma\u00dfgabe zu, wobei Verbraucher jede nat\u00fcrliche Person ist, die ein Rechtsgesch\u00e4ft zu","og_url":"https:\/\/fashion-wall.de\/tr\/widerrufsrecht\/","og_site_name":"Fashion Wall","article_modified_time":"2023-09-29T16:53:34+00:00","twitter_card":"summary_large_image","twitter_misc":{"Tahmini okuma s\u00fcresi":"4 dakika"},"schema":{"@context":"https:\/\/schema.org","@graph":[{"@type":"WebPage","@id":"https:\/\/fashion-wall.de\/widerrufsrecht\/","url":"https:\/\/fashion-wall.de\/widerrufsrecht\/","name":"Widerrufsrecht - Fashion Wall","isPartOf":{"@id":"https:\/\/fashion-wall.de\/#website"},"datePublished":"2023-09-10T10:29:47+00:00","dateModified":"2023-09-29T16:53:34+00:00","breadcrumb":{"@id":"https:\/\/fashion-wall.de\/widerrufsrecht\/#breadcrumb"},"inLanguage":"tr","potentialAction":[{"@type":"ReadAction","target":["https:\/\/fashion-wall.de\/widerrufsrecht\/"]}]},{"@type":"BreadcrumbList","@id":"https:\/\/fashion-wall.de\/widerrufsrecht\/#breadcrumb","itemListElement":[{"@type":"ListItem","position":1,"name":"Home","item":"https:\/\/fashion-wall.de\/"},{"@type":"ListItem","position":2,"name":"Widerrufsrecht"}]},{"@type":"WebSite","@id":"https:\/\/fashion-wall.de\/#website","url":"https:\/\/fashion-wall.de\/","name":"Fashion Wall","description":"","publisher":{"@id":"https:\/\/fashion-wall.de\/#organization"},"potentialAction":[{"@type":"SearchAction","target":{"@type":"EntryPoint","urlTemplate":"https:\/\/fashion-wall.de\/?s={search_term_string}"},"query-input":"required name=search_term_string"}],"inLanguage":"tr"},{"@type":"Organization","@id":"https:\/\/fashion-wall.de\/#organization","name":"Fashion Wall","url":"https:\/\/fashion-wall.de\/","logo":{"@type":"ImageObject","inLanguage":"tr","@id":"https:\/\/fashion-wall.de\/#\/schema\/logo\/image\/","url":"http:\/\/fashion-wall.de\/wp-content\/uploads\/2023\/09\/Logo-Fashion-Wall.png","contentUrl":"http:\/\/fashion-wall.de\/wp-content\/uploads\/2023\/09\/Logo-Fashion-Wall.png","width":851,"height":341,"caption":"Fashion Wall"},"image":{"@id":"https:\/\/fashion-wall.de\/#\/schema\/logo\/image\/"}}]}},"_links":{"self":[{"href":"https:\/\/fashion-wall.de\/tr\/wp-json\/wp\/v2\/pages\/15893"}],"collection":[{"href":"https:\/\/fashion-wall.de\/tr\/wp-json\/wp\/v2\/pages"}],"about":[{"href":"https:\/\/fashion-wall.de\/tr\/wp-json\/wp\/v2\/types\/page"}],"author":[{"embeddable":true,"href":"https:\/\/fashion-wall.de\/tr\/wp-json\/wp\/v2\/users\/1"}],"replies":[{"embeddable":true,"href":"https:\/\/fashion-wall.de\/tr\/wp-json\/wp\/v2\/comments?post=15893"}],"version-history":[{"count":16,"href":"https:\/\/fashion-wall.de\/tr\/wp-json\/wp\/v2\/pages\/15893\/revisions"}],"predecessor-version":[{"id":16951,"href":"https:\/\/fashion-wall.de\/tr\/wp-json\/wp\/v2\/pages\/15893\/revisions\/16951"}],"wp:attachment":[{"href":"https:\/\/fashion-wall.de\/tr\/wp-json\/wp\/v2\/media?parent=15893"}],"curies":[{"name":"wp","href":"https:\/\/api.w.org\/{rel}","templated":true}]}}