{"id":16976,"date":"2023-09-30T15:35:12","date_gmt":"2023-09-30T15:35:12","guid":{"rendered":"https:\/\/fashion-wall.de\/?page_id=16976"},"modified":"2023-12-29T22:01:24","modified_gmt":"2023-12-29T22:01:24","slug":"shipping-time-and-costs","status":"publish","type":"page","link":"https:\/\/fashion-wall.de\/tr\/shipping-time-and-costs\/","title":{"rendered":"Versand und Lieferung"},"content":{"rendered":"<div data-elementor-type=\"wp-page\" data-elementor-id=\"16976\" class=\"elementor elementor-16976\" data-elementor-post-type=\"page\">\n\t\t\t\t\t\t\t\t\t<section class=\"elementor-section elementor-top-section elementor-element elementor-element-54c1425b elementor-section-boxed elementor-section-height-default elementor-section-height-default wd-section-disabled\" data-id=\"54c1425b\" data-element_type=\"section\" data-settings=\"{&quot;background_background&quot;:&quot;classic&quot;}\">\n\t\t\t\t\t\t<div class=\"elementor-container elementor-column-gap-default\">\n\t\t\t\t\t<div class=\"elementor-column elementor-col-100 elementor-top-column elementor-element elementor-element-1dcc27e2\" data-id=\"1dcc27e2\" data-element_type=\"column\">\n\t\t\t<div class=\"elementor-widget-wrap elementor-element-populated\">\n\t\t\t\t\t\t\t\t<section class=\"elementor-section elementor-inner-section elementor-element elementor-element-3685131c elementor-section-boxed elementor-section-height-default elementor-section-height-default wd-section-disabled\" data-id=\"3685131c\" data-element_type=\"section\">\n\t\t\t\t\t\t<div class=\"elementor-container elementor-column-gap-default\">\n\t\t\t\t\t<div class=\"elementor-column elementor-col-100 elementor-inner-column elementor-element elementor-element-71bbe0ad\" data-id=\"71bbe0ad\" data-element_type=\"column\">\n\t\t\t<div class=\"elementor-widget-wrap elementor-element-populated\">\n\t\t\t\t\t\t\t\t<div class=\"elementor-element elementor-element-2a8bc019 elementor-widget elementor-widget-elementskit-heading\" data-id=\"2a8bc019\" data-element_type=\"widget\" data-widget_type=\"elementskit-heading.default\">\n\t\t\t\t<div class=\"elementor-widget-container\">\n\t\t\t<div class=\"ekit-wid-con\" ><div class=\"ekit-heading elementskit-section-title-wraper center   ekit_heading_tablet-   ekit_heading_mobile-\"><h2 class=\"ekit-heading--title elementskit-section-title\">Nakliye masraflar\u0131 ve teslimat s\u00fcresi<\/h2><\/div><\/div>\t\t<\/div>\n\t\t\t\t<\/div>\n\t\t\t\t<div class=\"elementor-element elementor-element-43a000c3 elementor-absolute elementor-widget elementor-widget-elementskit-heading\" data-id=\"43a000c3\" data-element_type=\"widget\" data-settings=\"{&quot;_position&quot;:&quot;absolute&quot;}\" data-widget_type=\"elementskit-heading.default\">\n\t\t\t\t<div class=\"elementor-widget-container\">\n\t\t\t<div class=\"ekit-wid-con\" ><div class=\"ekit-heading elementskit-section-title-wraper center   ekit_heading_tablet-   ekit_heading_mobile-\"><h2 class=\"ekit-heading--title elementskit-section-title\">Nakliye<\/h2><\/div><\/div>\t\t<\/div>\n\t\t\t\t<\/div>\n\t\t\t\t\t<\/div>\n\t\t<\/div>\n\t\t\t\t\t\t\t<\/div>\n\t\t<\/section>\n\t\t\t\t<div class=\"elementor-element elementor-element-0d9f8be color-scheme-inherit text-left elementor-widget elementor-widget-text-editor\" data-id=\"0d9f8be\" data-element_type=\"widget\" data-widget_type=\"text-editor.default\">\n\t\t\t\t<div class=\"elementor-widget-container\">\n\t\t\t<style>\/*! elementor - v3.16.0 - 14-09-2023 *\/\n.elementor-widget-text-editor.elementor-drop-cap-view-stacked .elementor-drop-cap{background-color:#69727d;color:#fff}.elementor-widget-text-editor.elementor-drop-cap-view-framed .elementor-drop-cap{color:#69727d;border:3px solid;background-color:transparent}.elementor-widget-text-editor:not(.elementor-drop-cap-view-default) .elementor-drop-cap{margin-top:8px}.elementor-widget-text-editor:not(.elementor-drop-cap-view-default) .elementor-drop-cap-letter{width:1em;height:1em}.elementor-widget-text-editor .elementor-drop-cap{float:left;text-align:center;line-height:1;font-size:50px}.elementor-widget-text-editor .elementor-drop-cap-letter{display:inline-block}<\/style>\t\t\t\t<p><b style=\"font-size: 14px; color: var(--wd-text-color);\">Nakliye masraflar\u0131<\/b><\/p>\n<ul style=\"box-sizing: inherit; margin: 1em; padding-left: 0px; font-size: 14px; list-style-type: none; margin-inline-start: 2em;\">\n<li style=\"box-sizing: inherit; margin-bottom: 0px; font-size: inherit; list-style: outside disc;\">Premium orta\u011f\u0131m\u0131z DHL ile DHL Standard \u00fczerinden sigortal\u0131 g\u00f6nderim: 4,99 EUR<\/li>\n<\/ul>\n<p><span style=\"font-size: inherit; color: var(--wd-text-color);\">Ambalaj malzemelerimizi m\u00fcmk\u00fcn oldu\u011funca s\u00fcrd\u00fcr\u00fclebilir hale getirerek \u00e7evremizi korumak istiyoruz \u267b\ufe0f<\/span><\/p>\n<p>Bizden tek bir sipari\u015fin par\u00e7as\u0131 olarak farkl\u0131 teslimat s\u00fcrelerinin ge\u00e7erli oldu\u011fu birka\u00e7 \u00fcr\u00fcn sipari\u015f ederseniz, sizinle aksi y\u00f6nde bir anla\u015fma yapmad\u0131\u011f\u0131m\u0131z s\u00fcrece mallar\u0131 ortak bir sevkiyatta g\u00f6nderece\u011fiz. Bu durumda, sipari\u015finizdeki en uzun teslimat s\u00fcresine sahip \u00fcr\u00fcn i\u00e7in ge\u00e7erli olan teslimat s\u00fcresi, bir b\u00fct\u00fcn olarak sevkiyat i\u00e7in ge\u00e7erlidir.<span style=\"font-size: inherit; color: var(--wd-text-color);\"><br><\/span><\/p>\n<p style=\"box-sizing: inherit; margin-bottom: 1em; font-size: inherit;\"><span style=\"box-sizing: inherit; font-weight: bold; font-size: inherit;\">Teslimat s\u00fcresi<\/span><\/p>\n<ul>\n<li style=\"box-sizing: inherit; font-size: inherit;\">Almanya i\u00e7inde 7 ila 10 i\u015f g\u00fcn\u00fc i\u00e7inde teslimat <\/li>\n<\/ul>\n<p>Teslimat s\u00fcresi, \u00f6demenin transfer eden bankaya ula\u015ft\u0131\u011f\u0131 g\u00fcn ba\u015flar ve \u00f6deme s\u00fcresinin son g\u00fcn\u00fcn\u00fcn sona ermesiyle sona erer. S\u00fcrenin son g\u00fcn\u00fc Pazar g\u00fcn\u00fcne veya teslimat\u0131n yap\u0131ld\u0131\u011f\u0131 yerde devlet taraf\u0131ndan tan\u0131nan resmi bir tatil g\u00fcn\u00fcne denk gelirse, bir sonraki i\u015f g\u00fcn\u00fc b\u00f6yle bir g\u00fcn\u00fcn yerini alacakt\u0131r.&nbsp;<\/p>\t\t\t\t\t\t<\/div>\n\t\t\t\t<\/div>\n\t\t\t\t\t<\/div>\n\t\t<\/div>\n\t\t\t\t\t\t\t<\/div>\n\t\t<\/section>\n\t\t\t\t\t\t\t<\/div>","protected":false},"excerpt":{"rendered":"<p>Versandkosten und Lieferzeit Versand Versandkosten versicherter Versand mit unserem Premiumpartner DHL per DHL Standard: 4,99 EUR Wir wollen unsere Umwelt<\/p>","protected":false},"author":1,"featured_media":0,"parent":0,"menu_order":0,"comment_status":"closed","ping_status":"closed","template":"","meta":{"footnotes":""},"yoast_head":"<!-- This site is optimized with the Yoast SEO plugin v21.1 - https:\/\/yoast.com\/wordpress\/plugins\/seo\/ -->\n<title>Versand und Lieferung - Fashion Wall<\/title>\n<meta name=\"robots\" content=\"index, follow, max-snippet:-1, max-image-preview:large, max-video-preview:-1\" \/>\n<link rel=\"canonical\" href=\"https:\/\/fashion-wall.de\/tr\/shipping-time-and-costs\/\" \/>\n<meta property=\"og:locale\" content=\"tr_TR\" \/>\n<meta property=\"og:type\" content=\"article\" \/>\n<meta property=\"og:title\" content=\"Versand und Lieferung - Fashion Wall\" \/>\n<meta property=\"og:description\" content=\"Versandkosten und Lieferzeit Versand Versandkosten versicherter Versand mit unserem Premiumpartner DHL per DHL Standard: 4,99 EUR Wir wollen unsere Umwelt\" \/>\n<meta property=\"og:url\" content=\"https:\/\/fashion-wall.de\/tr\/shipping-time-and-costs\/\" \/>\n<meta property=\"og:site_name\" content=\"Fashion Wall\" \/>\n<meta property=\"article:modified_time\" content=\"2023-12-29T22:01:24+00:00\" \/>\n<meta name=\"twitter:card\" content=\"summary_large_image\" \/>\n<meta name=\"twitter:label1\" content=\"Tahmini okuma s\u00fcresi\" \/>\n\t<meta name=\"twitter:data1\" content=\"1 dakika\" \/>\n<script type=\"application\/ld+json\" class=\"yoast-schema-graph\">{\"@context\":\"https:\/\/schema.org\",\"@graph\":[{\"@type\":\"WebPage\",\"@id\":\"https:\/\/fashion-wall.de\/shipping-time-and-costs\/\",\"url\":\"https:\/\/fashion-wall.de\/shipping-time-and-costs\/\",\"name\":\"Versand und Lieferung - Fashion Wall\",\"isPartOf\":{\"@id\":\"https:\/\/fashion-wall.de\/#website\"},\"datePublished\":\"2023-09-30T15:35:12+00:00\",\"dateModified\":\"2023-12-29T22:01:24+00:00\",\"breadcrumb\":{\"@id\":\"https:\/\/fashion-wall.de\/shipping-time-and-costs\/#breadcrumb\"},\"inLanguage\":\"tr\",\"potentialAction\":[{\"@type\":\"ReadAction\",\"target\":[\"https:\/\/fashion-wall.de\/shipping-time-and-costs\/\"]}]},{\"@type\":\"BreadcrumbList\",\"@id\":\"https:\/\/fashion-wall.de\/shipping-time-and-costs\/#breadcrumb\",\"itemListElement\":[{\"@type\":\"ListItem\",\"position\":1,\"name\":\"Home\",\"item\":\"https:\/\/fashion-wall.de\/\"},{\"@type\":\"ListItem\",\"position\":2,\"name\":\"Versand und Lieferung\"}]},{\"@type\":\"WebSite\",\"@id\":\"https:\/\/fashion-wall.de\/#website\",\"url\":\"https:\/\/fashion-wall.de\/\",\"name\":\"Fashion Wall\",\"description\":\"\",\"publisher\":{\"@id\":\"https:\/\/fashion-wall.de\/#organization\"},\"potentialAction\":[{\"@type\":\"SearchAction\",\"target\":{\"@type\":\"EntryPoint\",\"urlTemplate\":\"https:\/\/fashion-wall.de\/?s={search_term_string}\"},\"query-input\":\"required name=search_term_string\"}],\"inLanguage\":\"tr\"},{\"@type\":\"Organization\",\"@id\":\"https:\/\/fashion-wall.de\/#organization\",\"name\":\"Fashion Wall\",\"url\":\"https:\/\/fashion-wall.de\/\",\"logo\":{\"@type\":\"ImageObject\",\"inLanguage\":\"tr\",\"@id\":\"https:\/\/fashion-wall.de\/#\/schema\/logo\/image\/\",\"url\":\"http:\/\/fashion-wall.de\/wp-content\/uploads\/2023\/09\/Logo-Fashion-Wall.png\",\"contentUrl\":\"http:\/\/fashion-wall.de\/wp-content\/uploads\/2023\/09\/Logo-Fashion-Wall.png\",\"width\":851,\"height\":341,\"caption\":\"Fashion Wall\"},\"image\":{\"@id\":\"https:\/\/fashion-wall.de\/#\/schema\/logo\/image\/\"}}]}<\/script>\n<!-- \/ Yoast SEO plugin. -->","yoast_head_json":{"title":"Versand und Lieferung - Fashion Wall","robots":{"index":"index","follow":"follow","max-snippet":"max-snippet:-1","max-image-preview":"max-image-preview:large","max-video-preview":"max-video-preview:-1"},"canonical":"https:\/\/fashion-wall.de\/tr\/shipping-time-and-costs\/","og_locale":"tr_TR","og_type":"article","og_title":"Versand und Lieferung - Fashion Wall","og_description":"Versandkosten und Lieferzeit Versand Versandkosten versicherter Versand mit unserem Premiumpartner DHL per DHL Standard: 4,99 EUR Wir wollen unsere Umwelt","og_url":"https:\/\/fashion-wall.de\/tr\/shipping-time-and-costs\/","og_site_name":"Fashion Wall","article_modified_time":"2023-12-29T22:01:24+00:00","twitter_card":"summary_large_image","twitter_misc":{"Tahmini okuma s\u00fcresi":"1 dakika"},"schema":{"@context":"https:\/\/schema.org","@graph":[{"@type":"WebPage","@id":"https:\/\/fashion-wall.de\/shipping-time-and-costs\/","url":"https:\/\/fashion-wall.de\/shipping-time-and-costs\/","name":"Versand und Lieferung - Fashion Wall","isPartOf":{"@id":"https:\/\/fashion-wall.de\/#website"},"datePublished":"2023-09-30T15:35:12+00:00","dateModified":"2023-12-29T22:01:24+00:00","breadcrumb":{"@id":"https:\/\/fashion-wall.de\/shipping-time-and-costs\/#breadcrumb"},"inLanguage":"tr","potentialAction":[{"@type":"ReadAction","target":["https:\/\/fashion-wall.de\/shipping-time-and-costs\/"]}]},{"@type":"BreadcrumbList","@id":"https:\/\/fashion-wall.de\/shipping-time-and-costs\/#breadcrumb","itemListElement":[{"@type":"ListItem","position":1,"name":"Home","item":"https:\/\/fashion-wall.de\/"},{"@type":"ListItem","position":2,"name":"Versand und Lieferung"}]},{"@type":"WebSite","@id":"https:\/\/fashion-wall.de\/#website","url":"https:\/\/fashion-wall.de\/","name":"Fashion Wall","description":"","publisher":{"@id":"https:\/\/fashion-wall.de\/#organization"},"potentialAction":[{"@type":"SearchAction","target":{"@type":"EntryPoint","urlTemplate":"https:\/\/fashion-wall.de\/?s={search_term_string}"},"query-input":"required name=search_term_string"}],"inLanguage":"tr"},{"@type":"Organization","@id":"https:\/\/fashion-wall.de\/#organization","name":"Fashion Wall","url":"https:\/\/fashion-wall.de\/","logo":{"@type":"ImageObject","inLanguage":"tr","@id":"https:\/\/fashion-wall.de\/#\/schema\/logo\/image\/","url":"http:\/\/fashion-wall.de\/wp-content\/uploads\/2023\/09\/Logo-Fashion-Wall.png","contentUrl":"http:\/\/fashion-wall.de\/wp-content\/uploads\/2023\/09\/Logo-Fashion-Wall.png","width":851,"height":341,"caption":"Fashion Wall"},"image":{"@id":"https:\/\/fashion-wall.de\/#\/schema\/logo\/image\/"}}]}},"_links":{"self":[{"href":"https:\/\/fashion-wall.de\/tr\/wp-json\/wp\/v2\/pages\/16976"}],"collection":[{"href":"https:\/\/fashion-wall.de\/tr\/wp-json\/wp\/v2\/pages"}],"about":[{"href":"https:\/\/fashion-wall.de\/tr\/wp-json\/wp\/v2\/types\/page"}],"author":[{"embeddable":true,"href":"https:\/\/fashion-wall.de\/tr\/wp-json\/wp\/v2\/users\/1"}],"replies":[{"embeddable":true,"href":"https:\/\/fashion-wall.de\/tr\/wp-json\/wp\/v2\/comments?post=16976"}],"version-history":[{"count":30,"href":"https:\/\/fashion-wall.de\/tr\/wp-json\/wp\/v2\/pages\/16976\/revisions"}],"predecessor-version":[{"id":17197,"href":"https:\/\/fashion-wall.de\/tr\/wp-json\/wp\/v2\/pages\/16976\/revisions\/17197"}],"wp:attachment":[{"href":"https:\/\/fashion-wall.de\/tr\/wp-json\/wp\/v2\/media?parent=16976"}],"curies":[{"name":"wp","href":"https:\/\/api.w.org\/{rel}","templated":true}]}}