{"id":4439,"date":"2021-10-12T16:27:24","date_gmt":"2021-10-12T16:27:24","guid":{"rendered":"http:\/\/dummy.xtemos.com\/woodmart2\/elementor\/?page_id=4439"},"modified":"2023-10-01T10:40:05","modified_gmt":"2023-10-01T10:40:05","slug":"kontakt","status":"publish","type":"page","link":"https:\/\/fashion-wall.de\/tr\/kontakt\/","title":{"rendered":"\u0130leti\u015fim"},"content":{"rendered":"<div data-elementor-type=\"wp-page\" data-elementor-id=\"4439\" class=\"elementor elementor-4439\" data-elementor-post-type=\"page\">\n\t\t\t\t\t\t\t\t\t<section class=\"wd-negative-gap elementor-section elementor-top-section elementor-element elementor-element-1c9344a2 elementor-section-boxed elementor-section-height-default elementor-section-height-default wd-section-disabled\" data-id=\"1c9344a2\" data-element_type=\"section\">\n\t\t\t\t\t\t<div class=\"elementor-container elementor-column-gap-default\">\n\t\t\t\t\t<div class=\"elementor-column elementor-col-50 elementor-top-column elementor-element elementor-element-a4e7846\" data-id=\"a4e7846\" data-element_type=\"column\" data-settings=\"{&quot;background_background&quot;:&quot;classic&quot;}\">\n\t\t\t<div class=\"elementor-widget-wrap elementor-element-populated\">\n\t\t\t\t\t\t\t\t<div class=\"elementor-element elementor-element-81c38d5 elementor-widget elementor-widget-wd_title\" data-id=\"81c38d5\" data-element_type=\"widget\" data-widget_type=\"wd_title.default\">\n\t\t\t\t<div class=\"elementor-widget-container\">\n\t\t\t\t\t<div class=\"title-wrapper set-mb-s reset-last-child wd-title-color-default wd-title-style-default wd-title-size-default text-left\">\n\n\t\t\t\n\t\t\t<div class=\"liner-continer\">\n\t\t\t\t<h4 class=\"woodmart-title-container title wd-fontsize-l\"><h1><b>\u0130LET\u0130\u015e\u0130M<\/b><\/h1><\/h4> \n\t\t\t\t\t\t\t<\/div>\n\n\t\t\t\t\t\t\t<div class=\"title-after_title set-cont-mb-s reset-last-child wd-fontsize-xs\">\n\t\t\t\t\t&nbsp;<br \/>\n<h2>HER ZAMAN SENIN YANINDA<\/h2><br \/>\n<h3>Ekibimizin size kar\u015f\u0131 her zaman a\u00e7\u0131k bir kula\u011f\u0131 vard\u0131r! Ayr\u0131ca \u00f6vg\u00fc ve ele\u015ftiri almaktan mutluluk duyar\u0131z ve endi\u015felerinizle m\u00fcmk\u00fcn olan en k\u0131sa s\u00fcrede ilgileniriz.<\/h3><br \/>\n&nbsp;<br \/>\n<h2>E-POSTA BA\u015eINA<\/h2><br \/>\n<h3><a href=\"mailto:support@fashion-wall.de\" target=\"_blank\" rel=\"noopener\"><u>support@fashion-wall.de<\/u><\/a><\/h3><br \/>\n<h4>Bize Pazartesi - Cuma 09.00 - 18.00 saatleri aras\u0131nda ula\u015fabilirsiniz.<\/h4>\t\t\t\t<\/div>\n\t\t\t\t\t<\/div>\n\t\t\t\t<\/div>\n\t\t\t\t<\/div>\n\t\t\t\t\t<\/div>\n\t\t<\/div>\n\t\t\t\t<div class=\"elementor-column elementor-col-50 elementor-top-column elementor-element elementor-element-41bec3dc\" data-id=\"41bec3dc\" data-element_type=\"column\">\n\t\t\t<div class=\"elementor-widget-wrap elementor-element-populated\">\n\t\t\t\t\t\t\t\t<div class=\"elementor-element elementor-element-88ca337 elementor-widget elementor-widget-wd_title\" data-id=\"88ca337\" data-element_type=\"widget\" data-widget_type=\"wd_title.default\">\n\t\t\t\t<div class=\"elementor-widget-container\">\n\t\t\t\t\t<div class=\"title-wrapper set-mb-s reset-last-child wd-title-color-default wd-title-style-default wd-title-size-default text-left\">\n\n\t\t\t\n\t\t\t<div class=\"liner-continer\">\n\t\t\t\t<h4 class=\"woodmart-title-container title wd-fontsize-l\"><h1><b>\u0130LET\u0130\u015e\u0130M FORMU<\/b><\/h1><\/h4> \n\t\t\t\t\t\t\t<\/div>\n\n\t\t\t\t\t<\/div>\n\t\t\t\t<\/div>\n\t\t\t\t<\/div>\n\t\t\t\t<div class=\"elementor-element elementor-element-5ce0072f elementor-widget elementor-widget-wd_contact_form_7\" data-id=\"5ce0072f\" data-element_type=\"widget\" data-widget_type=\"wd_contact_form_7.default\">\n\t\t\t\t<div class=\"elementor-widget-container\">\n\t\t\t\n<div class=\"wpcf7 no-js\" id=\"wpcf7-f1572-o1\" lang=\"en-US\" dir=\"ltr\">\n<div class=\"screen-reader-response\"><p role=\"status\" aria-live=\"polite\" aria-atomic=\"true\"><\/p> <ul><\/ul><\/div>\n<form action=\"\/tr\/wp-json\/wp\/v2\/pages\/4439#wpcf7-f1572-o1\" method=\"post\" class=\"wpcf7-form init\" aria-label=\"Contact form\" novalidate=\"novalidate\" data-status=\"init\" data-trp-original-action=\"\/tr\/wp-json\/wp\/v2\/pages\/4439#wpcf7-f1572-o1\">\n<div style=\"display: none;\">\n<input type=\"hidden\" name=\"_wpcf7\" value=\"1572\" \/>\n<input type=\"hidden\" name=\"_wpcf7_version\" value=\"5.8\" \/>\n<input type=\"hidden\" name=\"_wpcf7_locale\" value=\"en_US\" \/>\n<input type=\"hidden\" name=\"_wpcf7_unit_tag\" value=\"wpcf7-f1572-o1\" \/>\n<input type=\"hidden\" name=\"_wpcf7_container_post\" value=\"0\" \/>\n<input type=\"hidden\" name=\"_wpcf7_posted_data_hash\" value=\"\" \/>\n<\/div>\n<h3>VER\u0130LER\u0130N\u0130Z\n<\/h3>\n<p><span class=\"wpcf7-form-control-wrap\" data-name=\"DEINEDATEN\"><span class=\"wpcf7-form-control wpcf7-checkbox wpcf7-validates-as-required\"><span class=\"wpcf7-list-item first\"><label><input type=\"checkbox\" name=\"DEINEDATEN[]\" value=\"Frau\" \/><span class=\"wpcf7-list-item-label\">Bayan<\/span><\/label><\/span><span class=\"wpcf7-list-item\"><label><input type=\"checkbox\" name=\"DEINEDATEN[]\" value=\"Herr\" \/><span class=\"wpcf7-list-item-label\">Bay<\/span><\/label><\/span><span class=\"wpcf7-list-item last\"><label><input type=\"checkbox\" name=\"DEINEDATEN[]\" value=\"Divers\" \/><span class=\"wpcf7-list-item-label\">Dalg\u0131\u00e7lar<\/span><\/label><\/span><\/span><\/span>\n<\/p>\n<div class=\"row\">\n\t<p class=\"col-md-6\"><label>\u0130lk isim<\/label><span class=\"wpcf7-form-control-wrap\" data-name=\"Vorname\"><input size=\"40\" class=\"wpcf7-form-control wpcf7-text wpcf7-validates-as-required\" aria-required=\"true\" aria-invalid=\"false\" value=\"\" type=\"text\" name=\"Vorname\" \/><\/span>\n\t<\/p>\n\t<p class=\"col-md-6\"><label>\u0130sim<\/label><span class=\"wpcf7-form-control-wrap\" data-name=\"your-name\"><input size=\"40\" class=\"wpcf7-form-control wpcf7-text wpcf7-validates-as-required\" aria-required=\"true\" aria-invalid=\"false\" value=\"\" type=\"text\" name=\"your-name\" \/><\/span>\n\t<\/p>\n\t<p class=\"col-md-6\"><label>E-posta adresi<\/label><span class=\"wpcf7-form-control-wrap\" data-name=\"your-email\"><input size=\"40\" class=\"wpcf7-form-control wpcf7-email wpcf7-validates-as-required wpcf7-text wpcf7-validates-as-email\" aria-required=\"true\" aria-invalid=\"false\" value=\"\" type=\"email\" name=\"your-email\" \/><\/span>\n\t<\/p>\n\t<p class=\"col-md-6\"><label>Telefon numaras\u0131<\/label><span class=\"wpcf7-form-control-wrap\" data-name=\"tel-767\"><input size=\"40\" class=\"wpcf7-form-control wpcf7-tel wpcf7-text wpcf7-validates-as-tel\" aria-invalid=\"false\" value=\"\" type=\"tel\" name=\"tel-767\" \/><\/span>\n\t<\/p>\n\t<p class=\"col-md-12\"><label>Sipari\u015f numaras\u0131<\/label><span class=\"wpcf7-form-control-wrap\" data-name=\"Auftragsnummer\"><input size=\"40\" class=\"wpcf7-form-control wpcf7-text\" aria-invalid=\"false\" value=\"\" type=\"text\" name=\"Auftragsnummer\" \/><\/span>\n\t<\/p>\n<\/div>\n<h3>S\u0130Z\u0130N MUTLULU\u011eUNUZ\n<\/h3>\n<p><span class=\"wpcf7-form-control-wrap\" data-name=\"Betreff\"><select class=\"wpcf7-form-control wpcf7-select wpcf7-validates-as-required\" aria-required=\"true\" aria-invalid=\"false\" name=\"Betreff\"><option value=\"Allgemeine Mitteilung\">Genel \u0130leti\u015fim<\/option><option value=\"Fragen zu pers\u00f6nlichen Daten\">Ki\u015fisel veriler hakk\u0131nda sorular<\/option><option value=\"Fragen zur Bestellung\">Sipari\u015f hakk\u0131nda sorular<\/option><option value=\"Fragen zur Zahlung\">\u00d6deme sorular\u0131<\/option><option value=\"Fragen zur Lieferung\">Teslimat sorular\u0131<\/option><option value=\"Fragen zur Retoure\">\u0130ade hakk\u0131nda sorular<\/option><\/select><\/span>\n<\/p>\n<p><label>Mesaj<\/label><span class=\"wpcf7-form-control-wrap\" data-name=\"your-message\"><textarea cols=\"40\" rows=\"10\" class=\"wpcf7-form-control wpcf7-textarea wpcf7-validates-as-required\" aria-required=\"true\" aria-invalid=\"false\" name=\"your-message\"><\/textarea><\/span>\n<\/p>\n<p><span class=\"wpcf7-form-control-wrap\" data-name=\"zustimmung-datenschutz\"><span class=\"wpcf7-form-control wpcf7-acceptance\"><span class=\"wpcf7-list-item\"><label><input type=\"checkbox\" name=\"zustimmung-datenschutz\" value=\"1\" aria-invalid=\"false\" \/><span class=\"wpcf7-list-item-label\">Bende <a href=\"https:\/\/fashion-wall.de\/tr\/datenschutzerklarung\/\"><u>Gizlilik Politikas\u0131<\/u><\/a> bunlar\u0131 okuyun ve kabul edin.<\/span><\/label><\/span><\/span><\/span>\n<\/p>\n<p><input class=\"wpcf7-form-control wpcf7-submit has-spinner btn-color-black\" type=\"submit\" value=\"G\u00d6NDER\" \/>\n<\/p><div class=\"wpcf7-response-output\" aria-hidden=\"true\"><\/div>\n<input type=\"hidden\" name=\"trp-form-language\" value=\"tr\"\/><\/form>\n<\/div>\n\t\t<\/div>\n\t\t\t\t<\/div>\n\t\t\t\t\t<\/div>\n\t\t<\/div>\n\t\t\t\t\t\t\t<\/div>\n\t\t<\/section>\n\t\t\t\t\t\t\t<\/div>","protected":false},"excerpt":{"rendered":"<p>KONTAKT &nbsp; IMMER AN DEINER SEITE Unser Team hat immer ein offenes Ohr f\u00fcr Dich! Auch \u00fcber Lob und Kritik<\/p>","protected":false},"author":1,"featured_media":0,"parent":0,"menu_order":0,"comment_status":"closed","ping_status":"closed","template":"","meta":{"footnotes":""},"yoast_head":"<!-- This site is optimized with the Yoast SEO plugin v21.1 - https:\/\/yoast.com\/wordpress\/plugins\/seo\/ -->\n<title>Kontakt - Fashion Wall<\/title>\n<meta name=\"robots\" content=\"index, follow, max-snippet:-1, max-image-preview:large, max-video-preview:-1\" \/>\n<link rel=\"canonical\" href=\"https:\/\/fashion-wall.de\/tr\/kontakt\/\" \/>\n<meta property=\"og:locale\" content=\"tr_TR\" \/>\n<meta property=\"og:type\" content=\"article\" \/>\n<meta property=\"og:title\" content=\"Kontakt - Fashion Wall\" \/>\n<meta property=\"og:description\" content=\"KONTAKT &nbsp; IMMER AN DEINER SEITE Unser Team hat immer ein offenes Ohr f\u00fcr Dich! Auch \u00fcber Lob und Kritik\" \/>\n<meta property=\"og:url\" content=\"https:\/\/fashion-wall.de\/tr\/kontakt\/\" \/>\n<meta property=\"og:site_name\" content=\"Fashion Wall\" \/>\n<meta property=\"article:modified_time\" content=\"2023-10-01T10:40:05+00:00\" \/>\n<meta name=\"twitter:card\" content=\"summary_large_image\" \/>\n<meta name=\"twitter:label1\" content=\"Tahmini okuma s\u00fcresi\" \/>\n\t<meta name=\"twitter:data1\" content=\"1 dakika\" \/>\n<script type=\"application\/ld+json\" class=\"yoast-schema-graph\">{\"@context\":\"https:\/\/schema.org\",\"@graph\":[{\"@type\":\"WebPage\",\"@id\":\"https:\/\/fashion-wall.de\/kontakt\/\",\"url\":\"https:\/\/fashion-wall.de\/kontakt\/\",\"name\":\"Kontakt - Fashion Wall\",\"isPartOf\":{\"@id\":\"https:\/\/fashion-wall.de\/#website\"},\"datePublished\":\"2021-10-12T16:27:24+00:00\",\"dateModified\":\"2023-10-01T10:40:05+00:00\",\"breadcrumb\":{\"@id\":\"https:\/\/fashion-wall.de\/kontakt\/#breadcrumb\"},\"inLanguage\":\"tr\",\"potentialAction\":[{\"@type\":\"ReadAction\",\"target\":[\"https:\/\/fashion-wall.de\/kontakt\/\"]}]},{\"@type\":\"BreadcrumbList\",\"@id\":\"https:\/\/fashion-wall.de\/kontakt\/#breadcrumb\",\"itemListElement\":[{\"@type\":\"ListItem\",\"position\":1,\"name\":\"Home\",\"item\":\"https:\/\/fashion-wall.de\/\"},{\"@type\":\"ListItem\",\"position\":2,\"name\":\"Kontakt\"}]},{\"@type\":\"WebSite\",\"@id\":\"https:\/\/fashion-wall.de\/#website\",\"url\":\"https:\/\/fashion-wall.de\/\",\"name\":\"Fashion Wall\",\"description\":\"\",\"publisher\":{\"@id\":\"https:\/\/fashion-wall.de\/#organization\"},\"potentialAction\":[{\"@type\":\"SearchAction\",\"target\":{\"@type\":\"EntryPoint\",\"urlTemplate\":\"https:\/\/fashion-wall.de\/?s={search_term_string}\"},\"query-input\":\"required name=search_term_string\"}],\"inLanguage\":\"tr\"},{\"@type\":\"Organization\",\"@id\":\"https:\/\/fashion-wall.de\/#organization\",\"name\":\"Fashion Wall\",\"url\":\"https:\/\/fashion-wall.de\/\",\"logo\":{\"@type\":\"ImageObject\",\"inLanguage\":\"tr\",\"@id\":\"https:\/\/fashion-wall.de\/#\/schema\/logo\/image\/\",\"url\":\"http:\/\/fashion-wall.de\/wp-content\/uploads\/2023\/09\/Logo-Fashion-Wall.png\",\"contentUrl\":\"http:\/\/fashion-wall.de\/wp-content\/uploads\/2023\/09\/Logo-Fashion-Wall.png\",\"width\":851,\"height\":341,\"caption\":\"Fashion Wall\"},\"image\":{\"@id\":\"https:\/\/fashion-wall.de\/#\/schema\/logo\/image\/\"}}]}<\/script>\n<!-- \/ Yoast SEO plugin. -->","yoast_head_json":{"title":"Kontakt - Fashion Wall","robots":{"index":"index","follow":"follow","max-snippet":"max-snippet:-1","max-image-preview":"max-image-preview:large","max-video-preview":"max-video-preview:-1"},"canonical":"https:\/\/fashion-wall.de\/tr\/kontakt\/","og_locale":"tr_TR","og_type":"article","og_title":"Kontakt - Fashion Wall","og_description":"KONTAKT &nbsp; IMMER AN DEINER SEITE Unser Team hat immer ein offenes Ohr f\u00fcr Dich! Auch \u00fcber Lob und Kritik","og_url":"https:\/\/fashion-wall.de\/tr\/kontakt\/","og_site_name":"Fashion Wall","article_modified_time":"2023-10-01T10:40:05+00:00","twitter_card":"summary_large_image","twitter_misc":{"Tahmini okuma s\u00fcresi":"1 dakika"},"schema":{"@context":"https:\/\/schema.org","@graph":[{"@type":"WebPage","@id":"https:\/\/fashion-wall.de\/kontakt\/","url":"https:\/\/fashion-wall.de\/kontakt\/","name":"Kontakt - Fashion Wall","isPartOf":{"@id":"https:\/\/fashion-wall.de\/#website"},"datePublished":"2021-10-12T16:27:24+00:00","dateModified":"2023-10-01T10:40:05+00:00","breadcrumb":{"@id":"https:\/\/fashion-wall.de\/kontakt\/#breadcrumb"},"inLanguage":"tr","potentialAction":[{"@type":"ReadAction","target":["https:\/\/fashion-wall.de\/kontakt\/"]}]},{"@type":"BreadcrumbList","@id":"https:\/\/fashion-wall.de\/kontakt\/#breadcrumb","itemListElement":[{"@type":"ListItem","position":1,"name":"Home","item":"https:\/\/fashion-wall.de\/"},{"@type":"ListItem","position":2,"name":"Kontakt"}]},{"@type":"WebSite","@id":"https:\/\/fashion-wall.de\/#website","url":"https:\/\/fashion-wall.de\/","name":"Fashion Wall","description":"","publisher":{"@id":"https:\/\/fashion-wall.de\/#organization"},"potentialAction":[{"@type":"SearchAction","target":{"@type":"EntryPoint","urlTemplate":"https:\/\/fashion-wall.de\/?s={search_term_string}"},"query-input":"required name=search_term_string"}],"inLanguage":"tr"},{"@type":"Organization","@id":"https:\/\/fashion-wall.de\/#organization","name":"Fashion Wall","url":"https:\/\/fashion-wall.de\/","logo":{"@type":"ImageObject","inLanguage":"tr","@id":"https:\/\/fashion-wall.de\/#\/schema\/logo\/image\/","url":"http:\/\/fashion-wall.de\/wp-content\/uploads\/2023\/09\/Logo-Fashion-Wall.png","contentUrl":"http:\/\/fashion-wall.de\/wp-content\/uploads\/2023\/09\/Logo-Fashion-Wall.png","width":851,"height":341,"caption":"Fashion Wall"},"image":{"@id":"https:\/\/fashion-wall.de\/#\/schema\/logo\/image\/"}}]}},"_links":{"self":[{"href":"https:\/\/fashion-wall.de\/tr\/wp-json\/wp\/v2\/pages\/4439"}],"collection":[{"href":"https:\/\/fashion-wall.de\/tr\/wp-json\/wp\/v2\/pages"}],"about":[{"href":"https:\/\/fashion-wall.de\/tr\/wp-json\/wp\/v2\/types\/page"}],"author":[{"embeddable":true,"href":"https:\/\/fashion-wall.de\/tr\/wp-json\/wp\/v2\/users\/1"}],"replies":[{"embeddable":true,"href":"https:\/\/fashion-wall.de\/tr\/wp-json\/wp\/v2\/comments?post=4439"}],"version-history":[{"count":43,"href":"https:\/\/fashion-wall.de\/tr\/wp-json\/wp\/v2\/pages\/4439\/revisions"}],"predecessor-version":[{"id":17039,"href":"https:\/\/fashion-wall.de\/tr\/wp-json\/wp\/v2\/pages\/4439\/revisions\/17039"}],"wp:attachment":[{"href":"https:\/\/fashion-wall.de\/tr\/wp-json\/wp\/v2\/media?parent=4439"}],"curies":[{"name":"wp","href":"https:\/\/api.w.org\/{rel}","templated":true}]}}