{"id":15835,"date":"2023-09-10T08:36:10","date_gmt":"2023-09-10T08:36:10","guid":{"rendered":"https:\/\/fashion-wall.de\/?post_type=product&#038;p=15835"},"modified":"2023-09-19T20:37:38","modified_gmt":"2023-09-19T20:37:38","slug":"boxershorts-schwarz-3pack","status":"publish","type":"product","link":"https:\/\/fashion-wall.de\/tr\/product\/boxershorts-schwarz-3pack\/","title":{"rendered":"Boxer \u015eort - Siyah 3'l\u00fc Paket"},"content":{"rendered":"<p><span class=\"a-list-item\"><strong> \u2713 \u0130Y\u0130 H\u0130SSETMEK \u0130\u00c7\u0130N \u015eIK VE MASK\u00dcLEN:<\/strong> Orijinal DON GIOVANNI erkek boxer \u015fort, gen\u00e7lik ve canl\u0131l\u0131k yayan zarif renklerde g\u00fcnl\u00fck ya\u015fam, i\u015f ve spor i\u00e7in taze bir his i\u00e7in v\u00fccuda m\u00fckemmel uyum sa\u011flar - 3\/6 de\u011ferinde bir pakette aile, erkek \u00e7ocuklar, koca, baba ve arkada\u015f i\u00e7in ideal bir hediye olarak<\/span><\/p>\n<p><span class=\"a-list-item\"><strong> PAMUK STRETCH sayesinde M\u00dcKEMMEL UYUM:<\/strong> Yumu\u015fak stre\u00e7 pamuktan klasik \u0130talyan tasar\u0131m\u0131 - elastik bel band\u0131 - v\u00fccudu sarar - pantolon pa\u00e7alar\u0131n\u0131 s\u0131k\u0131\u015ft\u0131rmaz ve k\u0131v\u0131rmaz <\/span><\/p>\n<p><span class=\"a-list-item\"><strong> Y\u00dcKSEK KULLANIM KONFORU VE NEFES ALABILIR:<\/strong> giymek i\u00e7in s\u00fcper rahat - rahat, son derece yumu\u015fak ve sevimli - ter tutmayan ve nefes alabilen - gereksiz terleme yok - c\u0131z\u0131rt\u0131l\u0131 etiket yok <\/span><\/p>\n<p><span class=\"a-list-item\"><strong> \u2713 EN IYI KALITE VE Y\u00dcKSEK KALITELI I\u015e\u00c7ILIK:<\/strong> yumu\u015fak d\u00fcz diki\u015fli, yumu\u015fak, cilt dostu malzemeden yap\u0131lm\u0131\u015ft\u0131r: 95% pamuk + 5% elastan - mikrofiber YOK - polyester YOK - terlemeyi azalt\u0131r <\/span><\/p>\n<p><span class=\"a-list-item\"><strong> \u2713 MILANO'DA TASARLANMI\u015eTIR:<\/strong> Erkekler i\u00e7in en iyi i\u00e7 \u00e7ama\u015f\u0131r\u0131n\u0131 yaratma vizyonuyla markam\u0131z \u0130talyan tasar\u0131m tutkusundan do\u011fdu. DON GIOVANNI - efsaneyi giyin, efsane olun! <\/span><\/p>","protected":false},"excerpt":{"rendered":"<p><span class=\"a-list-item\">Renk: 3'l\u00fc paket (3x siyah)<\/span><\/p>\n<p><span class=\"a-list-item\">95% pamuk + 5% spandeks<\/span><\/p>","protected":false},"featured_media":16638,"template":"","meta":[],"product_cat":[97,100],"product_tag":[],"yoast_head":"<!-- This site is optimized with the Yoast SEO plugin v21.1 - https:\/\/yoast.com\/wordpress\/plugins\/seo\/ -->\n<title>Boxershorts - Schwarz 3er Pack - Fashion Wall<\/title>\n<meta name=\"robots\" content=\"index, follow, max-snippet:-1, max-image-preview:large, max-video-preview:-1\" \/>\n<link rel=\"canonical\" href=\"https:\/\/fashion-wall.de\/tr\/product\/boxershorts-schwarz-3pack\/\" \/>\n<meta property=\"og:locale\" content=\"tr_TR\" \/>\n<meta property=\"og:type\" content=\"article\" \/>\n<meta property=\"og:title\" content=\"Boxershorts - Schwarz 3er Pack - Fashion Wall\" \/>\n<meta property=\"og:description\" content=\"Farbe: 3er Pack (3x Schwarz)  95% Baumwolle + 5% Elasthan\" \/>\n<meta property=\"og:url\" content=\"https:\/\/fashion-wall.de\/tr\/product\/boxershorts-schwarz-3pack\/\" \/>\n<meta property=\"og:site_name\" content=\"Fashion Wall\" \/>\n<meta property=\"article:modified_time\" content=\"2023-09-19T20:37:38+00:00\" \/>\n<meta property=\"og:image\" content=\"https:\/\/fashion-wall.de\/wp-content\/uploads\/2023\/09\/DG_3-Black-scaled.jpg\" \/>\n\t<meta property=\"og:image:width\" content=\"2560\" \/>\n\t<meta property=\"og:image:height\" content=\"2560\" \/>\n\t<meta property=\"og:image:type\" content=\"image\/jpeg\" \/>\n<meta name=\"twitter:card\" content=\"summary_large_image\" \/>\n<meta name=\"twitter:label1\" content=\"Tahmini okuma s\u00fcresi\" \/>\n\t<meta name=\"twitter:data1\" content=\"1 dakika\" \/>\n<script type=\"application\/ld+json\" class=\"yoast-schema-graph\">{\"@context\":\"https:\/\/schema.org\",\"@graph\":[{\"@type\":\"WebPage\",\"@id\":\"https:\/\/fashion-wall.de\/product\/boxershorts-schwarz-3pack\/\",\"url\":\"https:\/\/fashion-wall.de\/product\/boxershorts-schwarz-3pack\/\",\"name\":\"Boxershorts - Schwarz 3er Pack - Fashion Wall\",\"isPartOf\":{\"@id\":\"https:\/\/fashion-wall.de\/#website\"},\"datePublished\":\"2023-09-10T08:36:10+00:00\",\"dateModified\":\"2023-09-19T20:37:38+00:00\",\"breadcrumb\":{\"@id\":\"https:\/\/fashion-wall.de\/product\/boxershorts-schwarz-3pack\/#breadcrumb\"},\"inLanguage\":\"tr\",\"potentialAction\":[{\"@type\":\"ReadAction\",\"target\":[\"https:\/\/fashion-wall.de\/product\/boxershorts-schwarz-3pack\/\"]}]},{\"@type\":\"BreadcrumbList\",\"@id\":\"https:\/\/fashion-wall.de\/product\/boxershorts-schwarz-3pack\/#breadcrumb\",\"itemListElement\":[{\"@type\":\"ListItem\",\"position\":1,\"name\":\"Home\",\"item\":\"https:\/\/fashion-wall.de\/\"},{\"@type\":\"ListItem\",\"position\":2,\"name\":\"Shop\",\"item\":\"https:\/\/fashion-wall.de\/shop\/\"},{\"@type\":\"ListItem\",\"position\":3,\"name\":\"Boxershorts &#8211; Schwarz 3er Pack\"}]},{\"@type\":\"WebSite\",\"@id\":\"https:\/\/fashion-wall.de\/#website\",\"url\":\"https:\/\/fashion-wall.de\/\",\"name\":\"Fashion Wall\",\"description\":\"\",\"publisher\":{\"@id\":\"https:\/\/fashion-wall.de\/#organization\"},\"potentialAction\":[{\"@type\":\"SearchAction\",\"target\":{\"@type\":\"EntryPoint\",\"urlTemplate\":\"https:\/\/fashion-wall.de\/?s={search_term_string}\"},\"query-input\":\"required name=search_term_string\"}],\"inLanguage\":\"tr\"},{\"@type\":\"Organization\",\"@id\":\"https:\/\/fashion-wall.de\/#organization\",\"name\":\"Fashion Wall\",\"url\":\"https:\/\/fashion-wall.de\/\",\"logo\":{\"@type\":\"ImageObject\",\"inLanguage\":\"tr\",\"@id\":\"https:\/\/fashion-wall.de\/#\/schema\/logo\/image\/\",\"url\":\"http:\/\/fashion-wall.de\/wp-content\/uploads\/2023\/09\/Logo-Fashion-Wall.png\",\"contentUrl\":\"http:\/\/fashion-wall.de\/wp-content\/uploads\/2023\/09\/Logo-Fashion-Wall.png\",\"width\":851,\"height\":341,\"caption\":\"Fashion Wall\"},\"image\":{\"@id\":\"https:\/\/fashion-wall.de\/#\/schema\/logo\/image\/\"}}]}<\/script>\n<!-- \/ Yoast SEO plugin. -->","yoast_head_json":{"title":"Boxershorts - Schwarz 3er Pack - Fashion Wall","robots":{"index":"index","follow":"follow","max-snippet":"max-snippet:-1","max-image-preview":"max-image-preview:large","max-video-preview":"max-video-preview:-1"},"canonical":"https:\/\/fashion-wall.de\/tr\/product\/boxershorts-schwarz-3pack\/","og_locale":"tr_TR","og_type":"article","og_title":"Boxershorts - Schwarz 3er Pack - Fashion Wall","og_description":"Farbe: 3er Pack (3x Schwarz)  95% Baumwolle + 5% Elasthan","og_url":"https:\/\/fashion-wall.de\/tr\/product\/boxershorts-schwarz-3pack\/","og_site_name":"Fashion Wall","article_modified_time":"2023-09-19T20:37:38+00:00","og_image":[{"width":2560,"height":2560,"url":"https:\/\/fashion-wall.de\/wp-content\/uploads\/2023\/09\/DG_3-Black-scaled.jpg","type":"image\/jpeg"}],"twitter_card":"summary_large_image","twitter_misc":{"Tahmini okuma s\u00fcresi":"1 dakika"},"schema":{"@context":"https:\/\/schema.org","@graph":[{"@type":"WebPage","@id":"https:\/\/fashion-wall.de\/product\/boxershorts-schwarz-3pack\/","url":"https:\/\/fashion-wall.de\/product\/boxershorts-schwarz-3pack\/","name":"Boxershorts - Schwarz 3er Pack - Fashion Wall","isPartOf":{"@id":"https:\/\/fashion-wall.de\/#website"},"datePublished":"2023-09-10T08:36:10+00:00","dateModified":"2023-09-19T20:37:38+00:00","breadcrumb":{"@id":"https:\/\/fashion-wall.de\/product\/boxershorts-schwarz-3pack\/#breadcrumb"},"inLanguage":"tr","potentialAction":[{"@type":"ReadAction","target":["https:\/\/fashion-wall.de\/product\/boxershorts-schwarz-3pack\/"]}]},{"@type":"BreadcrumbList","@id":"https:\/\/fashion-wall.de\/product\/boxershorts-schwarz-3pack\/#breadcrumb","itemListElement":[{"@type":"ListItem","position":1,"name":"Home","item":"https:\/\/fashion-wall.de\/"},{"@type":"ListItem","position":2,"name":"Shop","item":"https:\/\/fashion-wall.de\/shop\/"},{"@type":"ListItem","position":3,"name":"Boxershorts &#8211; Schwarz 3er Pack"}]},{"@type":"WebSite","@id":"https:\/\/fashion-wall.de\/#website","url":"https:\/\/fashion-wall.de\/","name":"Fashion Wall","description":"","publisher":{"@id":"https:\/\/fashion-wall.de\/#organization"},"potentialAction":[{"@type":"SearchAction","target":{"@type":"EntryPoint","urlTemplate":"https:\/\/fashion-wall.de\/?s={search_term_string}"},"query-input":"required name=search_term_string"}],"inLanguage":"tr"},{"@type":"Organization","@id":"https:\/\/fashion-wall.de\/#organization","name":"Fashion Wall","url":"https:\/\/fashion-wall.de\/","logo":{"@type":"ImageObject","inLanguage":"tr","@id":"https:\/\/fashion-wall.de\/#\/schema\/logo\/image\/","url":"http:\/\/fashion-wall.de\/wp-content\/uploads\/2023\/09\/Logo-Fashion-Wall.png","contentUrl":"http:\/\/fashion-wall.de\/wp-content\/uploads\/2023\/09\/Logo-Fashion-Wall.png","width":851,"height":341,"caption":"Fashion Wall"},"image":{"@id":"https:\/\/fashion-wall.de\/#\/schema\/logo\/image\/"}}]}},"_links":{"self":[{"href":"https:\/\/fashion-wall.de\/tr\/wp-json\/wp\/v2\/product\/15835"}],"collection":[{"href":"https:\/\/fashion-wall.de\/tr\/wp-json\/wp\/v2\/product"}],"about":[{"href":"https:\/\/fashion-wall.de\/tr\/wp-json\/wp\/v2\/types\/product"}],"version-history":[{"count":6,"href":"https:\/\/fashion-wall.de\/tr\/wp-json\/wp\/v2\/product\/15835\/revisions"}],"predecessor-version":[{"id":15908,"href":"https:\/\/fashion-wall.de\/tr\/wp-json\/wp\/v2\/product\/15835\/revisions\/15908"}],"wp:featuredmedia":[{"embeddable":true,"href":"https:\/\/fashion-wall.de\/tr\/wp-json\/wp\/v2\/media\/16638"}],"wp:attachment":[{"href":"https:\/\/fashion-wall.de\/tr\/wp-json\/wp\/v2\/media?parent=15835"}],"wp:term":[{"taxonomy":"product_cat","embeddable":true,"href":"https:\/\/fashion-wall.de\/tr\/wp-json\/wp\/v2\/product_cat?post=15835"},{"taxonomy":"product_tag","embeddable":true,"href":"https:\/\/fashion-wall.de\/tr\/wp-json\/wp\/v2\/product_tag?post=15835"}],"curies":[{"name":"wp","href":"https:\/\/api.w.org\/{rel}","templated":true}]}}