{"id":16225,"date":"2023-09-17T18:39:42","date_gmt":"2023-09-17T18:39:42","guid":{"rendered":"https:\/\/fashion-wall.de\/?post_type=product&#038;p=16225"},"modified":"2023-09-22T11:18:49","modified_gmt":"2023-09-22T11:18:49","slug":"damen-hoodie-grungrau","status":"publish","type":"product","link":"https:\/\/fashion-wall.de\/tr\/product\/damen-hoodie-grungrau\/","title":{"rendered":"Bayan Kap\u00fc\u015fonlu \u00dcst - Ye\u015fil Gri"},"content":{"rendered":"<p><strong>\u2713 BAYANLAR i\u00e7in HOODIES:<\/strong>\u00a0IDUNA PARIS'ten y\u00fcksek kaliteli ve s\u00fcper yumu\u015fak pamuktan yap\u0131lm\u0131\u015f, i\u00e7i rahat polarl\u0131, zamans\u0131z, klasik kad\u0131n kap\u00fc\u015fonlu sweatshirt.<\/p>\n<p><strong>\u2713 SICAK H\u0130SS\u0130:<\/strong>\u00a0L\u00fcks ve konfor i\u00e7in yumu\u015fak polar malzeme - s\u0131cak, r\u00fczgar ge\u00e7irmez ve rahat - k\u0131\u015f\u0131n so\u011fuktan korunma - ister a\u00e7\u0131k havada, ister sporda veya sadece evde. Uzun kollu ve kap\u00fc\u015fonlu olmas\u0131 sizi s\u0131cak tutar, k\u0131\u015fl\u0131k ceket olarak da idealdir.<\/p>\n<p><strong>\u2713 EN IYI KALITE:<\/strong>\u00a0Rahat kap\u00fc\u015fonlu veya polar ceket 100% y\u00fcksek kaliteli pamuktan yap\u0131lm\u0131\u015ft\u0131r - yumu\u015fak ve hafif - i\u00e7i rahat yumu\u015fak - kanguru cebi, nerv\u00fcrl\u00fc elastik bel band\u0131 ve man\u015fetler.<\/p>\n<p><strong>\u2713 HER DURUM I\u00c7IN:<\/strong>\u00a0Kaza\u011f\u0131m\u0131z y\u00fcksek kullan\u0131m rahatl\u0131\u011f\u0131 ile karakterize edilir - yeti\u015fkinler, gen\u00e7ler ve k\u0131zlar i\u00e7in uygundur - her v\u00fccut \u015fekli i\u00e7in - g\u00fcnl\u00fck ya\u015fam, parti, spor giyim, i\u015f kaza\u011f\u0131, e\u015fofman veya ev k\u0131yafeti olarak.<\/p>\n<p><strong>\u2713 RAHAT UYUM:<\/strong>\u00a0Kap\u00fc\u015fonlu sweatshirt'\u00fcn zamans\u0131z tasar\u0131m\u0131 her v\u00fccut \u015feklini d\u00fczle\u015ftirir. Normal kesim - Modelimiz 1,70 m boyundad\u0131r ve S beden giymektedir. Sportif sweatshirt, gen\u00e7 ve ya\u015fl\u0131lar i\u00e7in bir hediye veya Noel kaza\u011f\u0131 olarak da m\u00fckemmeldir.<\/p>","protected":false},"excerpt":{"rendered":"<div class=\"woocommerce-product-details__short-description\">\n<p><strong><span class=\"a-list-item\">\u2713\u00a0 <\/span>Normal Kal\u0131p<\/strong><\/p>\n<p><strong><span class=\"a-list-item\">\u2713 1<\/span>00% OEKO-TEX\u00ae Standard 100'e g\u00f6re pamuk<\/strong><\/p>\n<\/div>","protected":false},"featured_media":16230,"template":"","meta":[],"product_cat":[74,95],"product_tag":[],"yoast_head":"<!-- This site is optimized with the Yoast SEO plugin v21.1 - https:\/\/yoast.com\/wordpress\/plugins\/seo\/ -->\n<title>Damen Hoodie - Gr\u00fcngrau - Fashion Wall<\/title>\n<meta name=\"robots\" content=\"index, follow, max-snippet:-1, max-image-preview:large, max-video-preview:-1\" \/>\n<link rel=\"canonical\" href=\"https:\/\/fashion-wall.de\/tr\/product\/damen-hoodie-grungrau\/\" \/>\n<meta property=\"og:locale\" content=\"tr_TR\" \/>\n<meta property=\"og:type\" content=\"article\" \/>\n<meta property=\"og:title\" content=\"Damen Hoodie - Gr\u00fcngrau - Fashion Wall\" \/>\n<meta property=\"og:description\" content=\"\u2713\u00a0 Regular Fit  \u2713\u00a0 100% Baumwolle\u00a0nach OEKO-TEX\u00ae Standard 100\" \/>\n<meta property=\"og:url\" content=\"https:\/\/fashion-wall.de\/tr\/product\/damen-hoodie-grungrau\/\" \/>\n<meta property=\"og:site_name\" content=\"Fashion Wall\" \/>\n<meta property=\"article:modified_time\" content=\"2023-09-22T11:18:49+00:00\" \/>\n<meta property=\"og:image\" content=\"https:\/\/fashion-wall.de\/wp-content\/uploads\/2023\/09\/PHOTO-2022-08-17-18-11-42.jpg\" \/>\n\t<meta property=\"og:image:width\" content=\"1066\" \/>\n\t<meta property=\"og:image:height\" content=\"1600\" \/>\n\t<meta property=\"og:image:type\" content=\"image\/jpeg\" \/>\n<meta name=\"twitter:card\" content=\"summary_large_image\" \/>\n<meta name=\"twitter:label1\" content=\"Tahmini okuma s\u00fcresi\" \/>\n\t<meta name=\"twitter:data1\" content=\"1 dakika\" \/>\n<script type=\"application\/ld+json\" class=\"yoast-schema-graph\">{\"@context\":\"https:\/\/schema.org\",\"@graph\":[{\"@type\":\"WebPage\",\"@id\":\"https:\/\/fashion-wall.de\/product\/damen-hoodie-grungrau\/\",\"url\":\"https:\/\/fashion-wall.de\/product\/damen-hoodie-grungrau\/\",\"name\":\"Damen Hoodie - Gr\u00fcngrau - Fashion Wall\",\"isPartOf\":{\"@id\":\"https:\/\/fashion-wall.de\/#website\"},\"datePublished\":\"2023-09-17T18:39:42+00:00\",\"dateModified\":\"2023-09-22T11:18:49+00:00\",\"breadcrumb\":{\"@id\":\"https:\/\/fashion-wall.de\/product\/damen-hoodie-grungrau\/#breadcrumb\"},\"inLanguage\":\"tr\",\"potentialAction\":[{\"@type\":\"ReadAction\",\"target\":[\"https:\/\/fashion-wall.de\/product\/damen-hoodie-grungrau\/\"]}]},{\"@type\":\"BreadcrumbList\",\"@id\":\"https:\/\/fashion-wall.de\/product\/damen-hoodie-grungrau\/#breadcrumb\",\"itemListElement\":[{\"@type\":\"ListItem\",\"position\":1,\"name\":\"Home\",\"item\":\"https:\/\/fashion-wall.de\/\"},{\"@type\":\"ListItem\",\"position\":2,\"name\":\"Shop\",\"item\":\"https:\/\/fashion-wall.de\/shop\/\"},{\"@type\":\"ListItem\",\"position\":3,\"name\":\"Damen Hoodie &#8211; Gr\u00fcngrau\"}]},{\"@type\":\"WebSite\",\"@id\":\"https:\/\/fashion-wall.de\/#website\",\"url\":\"https:\/\/fashion-wall.de\/\",\"name\":\"Fashion Wall\",\"description\":\"\",\"publisher\":{\"@id\":\"https:\/\/fashion-wall.de\/#organization\"},\"potentialAction\":[{\"@type\":\"SearchAction\",\"target\":{\"@type\":\"EntryPoint\",\"urlTemplate\":\"https:\/\/fashion-wall.de\/?s={search_term_string}\"},\"query-input\":\"required name=search_term_string\"}],\"inLanguage\":\"tr\"},{\"@type\":\"Organization\",\"@id\":\"https:\/\/fashion-wall.de\/#organization\",\"name\":\"Fashion Wall\",\"url\":\"https:\/\/fashion-wall.de\/\",\"logo\":{\"@type\":\"ImageObject\",\"inLanguage\":\"tr\",\"@id\":\"https:\/\/fashion-wall.de\/#\/schema\/logo\/image\/\",\"url\":\"http:\/\/fashion-wall.de\/wp-content\/uploads\/2023\/09\/Logo-Fashion-Wall.png\",\"contentUrl\":\"http:\/\/fashion-wall.de\/wp-content\/uploads\/2023\/09\/Logo-Fashion-Wall.png\",\"width\":851,\"height\":341,\"caption\":\"Fashion Wall\"},\"image\":{\"@id\":\"https:\/\/fashion-wall.de\/#\/schema\/logo\/image\/\"}}]}<\/script>\n<!-- \/ Yoast SEO plugin. -->","yoast_head_json":{"title":"Damen Hoodie - Gr\u00fcngrau - Fashion Wall","robots":{"index":"index","follow":"follow","max-snippet":"max-snippet:-1","max-image-preview":"max-image-preview:large","max-video-preview":"max-video-preview:-1"},"canonical":"https:\/\/fashion-wall.de\/tr\/product\/damen-hoodie-grungrau\/","og_locale":"tr_TR","og_type":"article","og_title":"Damen Hoodie - Gr\u00fcngrau - Fashion Wall","og_description":"\u2713\u00a0 Regular Fit  \u2713\u00a0 100% Baumwolle\u00a0nach OEKO-TEX\u00ae Standard 100","og_url":"https:\/\/fashion-wall.de\/tr\/product\/damen-hoodie-grungrau\/","og_site_name":"Fashion Wall","article_modified_time":"2023-09-22T11:18:49+00:00","og_image":[{"width":1066,"height":1600,"url":"https:\/\/fashion-wall.de\/wp-content\/uploads\/2023\/09\/PHOTO-2022-08-17-18-11-42.jpg","type":"image\/jpeg"}],"twitter_card":"summary_large_image","twitter_misc":{"Tahmini okuma s\u00fcresi":"1 dakika"},"schema":{"@context":"https:\/\/schema.org","@graph":[{"@type":"WebPage","@id":"https:\/\/fashion-wall.de\/product\/damen-hoodie-grungrau\/","url":"https:\/\/fashion-wall.de\/product\/damen-hoodie-grungrau\/","name":"Damen Hoodie - Gr\u00fcngrau - Fashion Wall","isPartOf":{"@id":"https:\/\/fashion-wall.de\/#website"},"datePublished":"2023-09-17T18:39:42+00:00","dateModified":"2023-09-22T11:18:49+00:00","breadcrumb":{"@id":"https:\/\/fashion-wall.de\/product\/damen-hoodie-grungrau\/#breadcrumb"},"inLanguage":"tr","potentialAction":[{"@type":"ReadAction","target":["https:\/\/fashion-wall.de\/product\/damen-hoodie-grungrau\/"]}]},{"@type":"BreadcrumbList","@id":"https:\/\/fashion-wall.de\/product\/damen-hoodie-grungrau\/#breadcrumb","itemListElement":[{"@type":"ListItem","position":1,"name":"Home","item":"https:\/\/fashion-wall.de\/"},{"@type":"ListItem","position":2,"name":"Shop","item":"https:\/\/fashion-wall.de\/shop\/"},{"@type":"ListItem","position":3,"name":"Damen Hoodie &#8211; Gr\u00fcngrau"}]},{"@type":"WebSite","@id":"https:\/\/fashion-wall.de\/#website","url":"https:\/\/fashion-wall.de\/","name":"Fashion Wall","description":"","publisher":{"@id":"https:\/\/fashion-wall.de\/#organization"},"potentialAction":[{"@type":"SearchAction","target":{"@type":"EntryPoint","urlTemplate":"https:\/\/fashion-wall.de\/?s={search_term_string}"},"query-input":"required name=search_term_string"}],"inLanguage":"tr"},{"@type":"Organization","@id":"https:\/\/fashion-wall.de\/#organization","name":"Fashion Wall","url":"https:\/\/fashion-wall.de\/","logo":{"@type":"ImageObject","inLanguage":"tr","@id":"https:\/\/fashion-wall.de\/#\/schema\/logo\/image\/","url":"http:\/\/fashion-wall.de\/wp-content\/uploads\/2023\/09\/Logo-Fashion-Wall.png","contentUrl":"http:\/\/fashion-wall.de\/wp-content\/uploads\/2023\/09\/Logo-Fashion-Wall.png","width":851,"height":341,"caption":"Fashion Wall"},"image":{"@id":"https:\/\/fashion-wall.de\/#\/schema\/logo\/image\/"}}]}},"_links":{"self":[{"href":"https:\/\/fashion-wall.de\/tr\/wp-json\/wp\/v2\/product\/16225"}],"collection":[{"href":"https:\/\/fashion-wall.de\/tr\/wp-json\/wp\/v2\/product"}],"about":[{"href":"https:\/\/fashion-wall.de\/tr\/wp-json\/wp\/v2\/types\/product"}],"version-history":[{"count":7,"href":"https:\/\/fashion-wall.de\/tr\/wp-json\/wp\/v2\/product\/16225\/revisions"}],"predecessor-version":[{"id":16766,"href":"https:\/\/fashion-wall.de\/tr\/wp-json\/wp\/v2\/product\/16225\/revisions\/16766"}],"wp:featuredmedia":[{"embeddable":true,"href":"https:\/\/fashion-wall.de\/tr\/wp-json\/wp\/v2\/media\/16230"}],"wp:attachment":[{"href":"https:\/\/fashion-wall.de\/tr\/wp-json\/wp\/v2\/media?parent=16225"}],"wp:term":[{"taxonomy":"product_cat","embeddable":true,"href":"https:\/\/fashion-wall.de\/tr\/wp-json\/wp\/v2\/product_cat?post=16225"},{"taxonomy":"product_tag","embeddable":true,"href":"https:\/\/fashion-wall.de\/tr\/wp-json\/wp\/v2\/product_tag?post=16225"}],"curies":[{"name":"wp","href":"https:\/\/api.w.org\/{rel}","templated":true}]}}